{"id":974,"date":"2024-03-26T10:14:08","date_gmt":"2024-03-26T13:14:08","guid":{"rendered":"https:\/\/www.tappy.com.br\/empresas\/?post_type=product&#038;p=974"},"modified":"2026-05-05T11:06:45","modified_gmt":"2026-05-05T14:06:45","slug":"tecido-linho-sorrento-varias-cores-142cm","status":"publish","type":"product","link":"https:\/\/www.tappy.com.br\/empresas\/p\/tecido-linho-sorrento-varias-cores-142cm\/","title":{"rendered":"Tecido Linho Sorrento V\u00e1rias Cores 142cm"},"content":{"rendered":"<h2>O que \u00e9 Linho Sorrento?<\/h2>\n<p>\u00c9 um <strong>Linho M\u00e9dio<\/strong> de pouca aspereza, com selo ecol\u00f3gico Su\u00ed\u00e7o <a href=\"https:\/\/www.oeko-tex.com\/en\/our-standards\/standard-100-by-oeko-tex\" rel=\"noopener\">OEKO-TEX Standard 100<\/a> que \u00e9 concedido somente para tecidos de alta consci\u00eancia ecol\u00f3gica, produzidos sem produtos abrasivos, tintas t\u00f3xicas e danosas ou que em qualquer outra parte de sua fabrica\u00e7\u00e3o agrida o meio ambiente.<\/p>\n<p>Todo esse cuidado torna-o um tecido ideal para ser utilizado em contato direto com a pele de humanos ou animais.<\/p>\n<p>Sua composi\u00e7\u00e3o torna esse tecido semiperme\u00e1vel com uma textura lisa de cor fixa e elegante, portanto, esse \u00e9 um linho bastante vers\u00e1til para ambientes verdadeiramente bem decorados.<\/p>\n<p>A gramatura deste <strong>Tecido Linho<\/strong> para sof\u00e1s \u00e9 capaz de garantir uma dura\u00e7\u00e3o excepcional j\u00e1 que ele pesa 355g por metro linear e 250g\/m\u00b2. A sua face(felpa), possui 210g\/m\u00b2, as 40g\/m\u00b2 restantes pertencem a seu forro, necess\u00e1rio para garantir maior resist\u00eancia.<\/p>\n<h2>Onde us\u00e1-lo?<\/h2>\n<p>Pode ser aplicado em todos os tipos de estofamentos decorativos, desde sof\u00e1s inteiros, at\u00e9 puffs. Como \u00e9 um dos melhores tecidos e mais resistentes que voc\u00ea encontrar\u00e1 no mercado o que manda \u00e9 sua criatividade.<\/p>\n<p>Esse Linho possui fibras de espessura especial para facilitar sua limpeza, isso pode ser feito em casa de forma bem f\u00e1cil, sempre tomando alguns cuidados.<\/p>\n<p><strong><span style=\"font-size: 130%;\">Tecido Linho para sof\u00e1s Sorrento \u00e9 bom?<\/span><\/strong><\/p>\n<p>O <strong>Tecido Linho Sorrento <\/strong>142cm \u00e9 definitivamente a melhor escolha quando se trata de diferencia\u00e7\u00e3o, toque e beleza. Dentre os linhos pode ser considerado o mais acess\u00edvel e f\u00e1cil de usar em projetos de decora\u00e7\u00e3o mais conservadores.<\/p>\n<p><span style=\"font-size: 130%;\"><em><strong>Outras Caracter\u00edsticas T\u00e9cnicas:<\/strong><\/em><\/span><\/p>\n<p><em>Tecido plano dublado, face constru\u00e7\u00e3o maquinetado, tinto em pe\u00e7a formado por filamentos de poli\u00e9ster reunidos por colagem com um n\u00e3o tecido formado por fibras de poli\u00e9ster. Tecido plano em 100% poli\u00e9ster com 1,42m de largura, aspecto de linho, dublado e boa resist\u00eancia.<\/em><\/p>\n<p>Gostaria de entender ainda mais sobre o Linho para sof\u00e1s? Que tal esses links?<\/p>\n<p><a href=\"https:\/\/www.tappy.com.br\/blog\/tudo-sobre-tecido-linho-sintetico\/\">Tudo sobre Tecido Linho Sint\u00e9tico<\/a><\/p>\n","protected":false},"excerpt":{"rendered":"<p><strong>Tecido Linho para sof\u00e1s Sorrento<\/strong> \u00e9 muito resistente com tingimento especial feito por um processo n\u00e3o agressivo e sustent\u00e1vel. <a href=\"#vantagens\">Veja outras vantagens.<\/a><\/p>\n","protected":false},"featured_media":1003,"template":"","meta":[],"product_brand":[1108],"product_cat":[56,20,374],"product_tag":[57,58,59,60,25,55,302,27,28],"class_list":{"0":"post-974","1":"product","2":"type-product","3":"status-publish","4":"has-post-thumbnail","6":"product_brand-tappy","7":"product_cat-tecido-linho-para-sofas","8":"product_cat-tecidos-para-sofas","9":"product_cat-tecidos-sustentaveis-para-sofas","10":"product_tag-linho","11":"product_tag-linho-para-sofas","12":"product_tag-linho-sintetico","13":"product_tag-tecido-linho","14":"product_tag-tecido-para-sofas","15":"product_tag-tecido-poliester","16":"product_tag-tecido-sintetico","17":"product_tag-tecido-texturizado","18":"product_tag-tecidos-tappy","19":"product_shipping_class-brasil","20":"pa_acabamento-tecido-ecologico-","21":"pa_acabamento-tecido-falso-liso","22":"pa_acabamento-tecido-tramado","23":"pa_cores-de-tecidos-azul-oceano","24":"pa_cores-de-tecidos-bege-sisal","25":"pa_cores-de-tecidos-branco-bruma","26":"pa_cores-de-tecidos-cinza-classic","27":"pa_cores-de-tecidos-cinza-lunar","28":"pa_cores-de-tecidos-marrom-bison","29":"pa_cores-de-tecidos-marrom-tabaco","30":"pa_cores-de-tecidos-off-white-natural","31":"pa_cores-de-tecidos-verde-baltico","32":"tm-no-options","34":"first","35":"instock","36":"featured","37":"shipping-taxable","38":"purchasable","39":"product-type-variable"},"_links":{"self":[{"href":"https:\/\/www.tappy.com.br\/empresas\/wp-json\/wp\/v2\/product\/974","targetHints":{"allow":["GET"]}}],"collection":[{"href":"https:\/\/www.tappy.com.br\/empresas\/wp-json\/wp\/v2\/product"}],"about":[{"href":"https:\/\/www.tappy.com.br\/empresas\/wp-json\/wp\/v2\/types\/product"}],"wp:featuredmedia":[{"embeddable":true,"href":"https:\/\/www.tappy.com.br\/empresas\/wp-json\/wp\/v2\/media\/1003"}],"wp:attachment":[{"href":"https:\/\/www.tappy.com.br\/empresas\/wp-json\/wp\/v2\/media?parent=974"}],"wp:term":[{"taxonomy":"product_brand","embeddable":true,"href":"https:\/\/www.tappy.com.br\/empresas\/wp-json\/wp\/v2\/product_brand?post=974"},{"taxonomy":"product_cat","embeddable":true,"href":"https:\/\/www.tappy.com.br\/empresas\/wp-json\/wp\/v2\/product_cat?post=974"},{"taxonomy":"product_tag","embeddable":true,"href":"https:\/\/www.tappy.com.br\/empresas\/wp-json\/wp\/v2\/product_tag?post=974"}],"curies":[{"name":"wp","href":"https:\/\/api.w.org\/{rel}","templated":true}]}}