{"id":930,"date":"2024-03-26T10:13:49","date_gmt":"2024-03-26T13:13:49","guid":{"rendered":"https:\/\/www.tappy.com.br\/empresas\/?post_type=product&#038;p=930"},"modified":"2026-03-05T16:05:29","modified_gmt":"2026-03-05T19:05:29","slug":"alicate-grampo-c-krause-1840-para-tapeceiro","status":"publish","type":"product","link":"https:\/\/www.tappy.com.br\/empresas\/p\/alicate-grampo-c-krause-1840-para-tapeceiro\/","title":{"rendered":"Alicate Grampo C Krause 1840 para Tapeceiro"},"content":{"rendered":"<p>Alicate Grampo C Krause 1840 para Tapeceiro para fixa\u00e7\u00e3o de tecidos em madeiras como m\u00f3veis e sof\u00e1s.<\/p>\n<h2>O que \u00e9?<\/h2>\n<p>Alicate para uso Grampo C para fixa\u00e7\u00e3o dos mais variados componentes.<\/p>\n<h2>Onde us\u00e1-lo?<\/h2>\n<p>O Alicate deve ser usado com Grampo C para\u00a0construir sof\u00e1s, estofados, poltronas, cadeiras, puffs, etc.<\/p>\n<p>&nbsp;<\/p>\n","protected":false},"excerpt":{"rendered":"<p>Alicate Grampo C Krause 1840 para Tapeceiro para fixa\u00e7\u00e3o de tecidos em madeiras como m\u00f3veis e sof\u00e1s. O que \u00e9? Alicate para uso Grampo C para fixa\u00e7\u00e3o dos mais variados componentes. Onde us\u00e1-lo? O Alicate deve ser usado com Grampo C para\u00a0construir sof\u00e1s, estofados, poltronas, cadeiras, puffs, etc. &nbsp;<\/p>\n","protected":false},"featured_media":970,"template":"","meta":[],"product_brand":[],"product_cat":[30,43],"product_tag":[598,599,231,600],"class_list":{"0":"post-930","1":"product","2":"type-product","3":"status-publish","4":"has-post-thumbnail","6":"product_cat-acessorios-para-tapecaria","7":"product_cat-ferramentas-para-tapeceiros","8":"product_tag-alicate","9":"product_tag-alicate-de-grampo-c","10":"product_tag-grampo","11":"product_tag-krause-ferramentas","12":"product_shipping_class-brasil","13":"tm-no-options","15":"first","16":"outofstock","17":"shipping-taxable","18":"purchasable","19":"product-type-simple"},"_links":{"self":[{"href":"https:\/\/www.tappy.com.br\/empresas\/wp-json\/wp\/v2\/product\/930","targetHints":{"allow":["GET"]}}],"collection":[{"href":"https:\/\/www.tappy.com.br\/empresas\/wp-json\/wp\/v2\/product"}],"about":[{"href":"https:\/\/www.tappy.com.br\/empresas\/wp-json\/wp\/v2\/types\/product"}],"wp:featuredmedia":[{"embeddable":true,"href":"https:\/\/www.tappy.com.br\/empresas\/wp-json\/wp\/v2\/media\/970"}],"wp:attachment":[{"href":"https:\/\/www.tappy.com.br\/empresas\/wp-json\/wp\/v2\/media?parent=930"}],"wp:term":[{"taxonomy":"product_brand","embeddable":true,"href":"https:\/\/www.tappy.com.br\/empresas\/wp-json\/wp\/v2\/product_brand?post=930"},{"taxonomy":"product_cat","embeddable":true,"href":"https:\/\/www.tappy.com.br\/empresas\/wp-json\/wp\/v2\/product_cat?post=930"},{"taxonomy":"product_tag","embeddable":true,"href":"https:\/\/www.tappy.com.br\/empresas\/wp-json\/wp\/v2\/product_tag?post=930"}],"curies":[{"name":"wp","href":"https:\/\/api.w.org\/{rel}","templated":true}]}}