{"id":857,"date":"2024-03-26T10:13:24","date_gmt":"2024-03-26T13:13:24","guid":{"rendered":"https:\/\/www.tappy.com.br\/empresas\/?post_type=product&#038;p=857"},"modified":"2026-04-29T16:54:03","modified_gmt":"2026-04-29T19:54:03","slug":"grampeador-14-50-pacar-pneumatico-de-montagem","status":"publish","type":"product","link":"https:\/\/www.tappy.com.br\/empresas\/p\/grampeador-14-50-pacar-pneumatico-de-montagem\/","title":{"rendered":"Grampeador 14\/50 Pacar, Pneum\u00e1tico de Montagem"},"content":{"rendered":"<h2>O que \u00e9 Grampeador 14\/50 Pacar?<\/h2>\n<p>Os grampeadores pneum\u00e1ticos funcionam a partir de ar comprimido e s\u00e3o projetados para uso em maior escala, como no segmento industrial ou em tape\u00e7arias, por exemplo.<\/p>\n<p>O Grampeador 14\/50 comporta at\u00e9 160 grampos de uma vez, com sua alt\u00edssima taxa de disparo e \u00e9 capaz de utilizar todos esses grampos t\u00e3o r\u00e1pido quanto seu utilizador precisar. Ele \u00e9 bastante leve devido ao corpo de alum\u00ednio e permite o uso por longas horas.<\/p>\n<p>\u00c9 totalmente compat\u00edvel com grampos da Linha 14 de 16 a 50mm de comprimento. Veja aqui nossos <a title=\"Grampo 80\" href=\"https:\/\/www.tappy.com.br\/empresas\/c\/acessorios-para-tapecaria\/grampo-de-tapeceiro-industrial\/\" data-schema-attribute=\"\">Grampos da linha 14<\/a>.<\/p>\n<h2>Onde us\u00e1-lo?<\/h2>\n<p>\u00c9 ideal para montagem de\u00a0estofados (estrutura), box para colch\u00f5es, m\u00f3veis, embalagens de madeira, pallets (leves), carret\u00e9is de madeira e constru\u00e7\u00e3o civil.<\/p>\n<h2>Grampeador 14\/50 \u00e9 bom?<\/h2>\n<p>Se voc\u00ea preza por qualidade ao mesmo tempo que rendimento de trabalho, ent\u00e3o o Grampeador Pacar \u00e9 feito para voc\u00ea, pois une o melhor da tecnologia em grampeadores para montagem com o melhor custo benef\u00edcio.<\/p>\n<p>Gostaria de entender ainda mais sobre Grampeadores? Que tal esse link?<\/p>\n<p><a title=\"Grampeadores Pacar\" href=\"https:\/\/www.pacar.com.br\/site\/index.php\/pt\/produtos\/grampeadores\/grampeadores-pneumaticos\/product\/138-80-16-brasileirinho\" data-schema-attribute=\"\" rel=\"noopener\">Pacar Ferramentas Pneum\u00e1ticas<\/a><\/p>\n<h2>Outras Informa\u00e7\u00f5es<\/h2>\n<ul>\n<li>Corpo de Alum\u00ednio<\/li>\n<li>Silencioso<\/li>\n<li>Leve<\/li>\n<li>Acionamento Sens\u00edvel<\/li>\n<li>Capacidade: 160 grampos<\/li>\n<li>Press\u00e3o de trabalho (min.): 90 PSI<\/li>\n<li>Press\u00e3o de trabalho (m\u00e1x.): 110 PSI<\/li>\n<li>Consumo de ar: 1,08 L\/golpe<\/li>\n<li>Grampos: 14 de 16mm a 50mm.<\/li>\n<li>Garantia: 3 Meses pelo fabricante.<\/li>\n<\/ul>\n","protected":false},"excerpt":{"rendered":"<p>Grampeador 14\/50 Pacar, Pneum\u00e1tico de Montagem. Eleito o melhor da categoria em todo o Brasil, pelo seu custo benef\u00edcio e longa dura\u00e7\u00e3o.<\/p>\n","protected":false},"featured_media":895,"template":"","meta":[],"product_brand":[1129],"product_cat":[233,30],"product_tag":[234,237,231,462,463,238,239],"class_list":{"0":"post-857","1":"product","2":"type-product","3":"status-publish","4":"has-post-thumbnail","6":"product_brand-pacar-ferramentas","7":"product_cat-grampeadores-de-tapeceiro","8":"product_cat-acessorios-para-tapecaria","9":"product_tag-grampeador","10":"product_tag-grampeador-pneumatico","11":"product_tag-grampo","12":"product_tag-grampo-14-45","13":"product_tag-grampo-14-50","14":"product_tag-pacar","15":"product_tag-pacar-ferramentas","16":"product_shipping_class-brasil","17":"tm-no-options","19":"first","20":"onbackorder","21":"shipping-taxable","22":"purchasable","23":"product-type-simple"},"_links":{"self":[{"href":"https:\/\/www.tappy.com.br\/empresas\/wp-json\/wp\/v2\/product\/857","targetHints":{"allow":["GET"]}}],"collection":[{"href":"https:\/\/www.tappy.com.br\/empresas\/wp-json\/wp\/v2\/product"}],"about":[{"href":"https:\/\/www.tappy.com.br\/empresas\/wp-json\/wp\/v2\/types\/product"}],"wp:featuredmedia":[{"embeddable":true,"href":"https:\/\/www.tappy.com.br\/empresas\/wp-json\/wp\/v2\/media\/895"}],"wp:attachment":[{"href":"https:\/\/www.tappy.com.br\/empresas\/wp-json\/wp\/v2\/media?parent=857"}],"wp:term":[{"taxonomy":"product_brand","embeddable":true,"href":"https:\/\/www.tappy.com.br\/empresas\/wp-json\/wp\/v2\/product_brand?post=857"},{"taxonomy":"product_cat","embeddable":true,"href":"https:\/\/www.tappy.com.br\/empresas\/wp-json\/wp\/v2\/product_cat?post=857"},{"taxonomy":"product_tag","embeddable":true,"href":"https:\/\/www.tappy.com.br\/empresas\/wp-json\/wp\/v2\/product_tag?post=857"}],"curies":[{"name":"wp","href":"https:\/\/api.w.org\/{rel}","templated":true}]}}