{"id":854,"date":"2024-03-26T10:13:24","date_gmt":"2024-03-26T13:13:24","guid":{"rendered":"https:\/\/www.tappy.com.br\/empresas\/?post_type=product&#038;p=854"},"modified":"2025-09-19T12:34:27","modified_gmt":"2025-09-19T15:34:27","slug":"tacha-metro-latonada-para-acabamento-tacha-por-metro","status":"publish","type":"product","link":"https:\/\/www.tappy.com.br\/empresas\/p\/tacha-metro-latonada-para-acabamento-tacha-por-metro\/","title":{"rendered":"Tacha Metro Latonada para Acabamento, Tacha por Metro"},"content":{"rendered":"<h2>O que \u00e9 Tacha Metro Latonada?<\/h2>\n<p>S\u00e3o pequenos pregos com a cabe\u00e7a abaulada e acabamento brilhante. Sendo uma fita com v\u00e1rias tachas que facilitam a aplica\u00e7\u00e3o e rendem um acabamento perfeito pois as tachas j\u00e1 v\u00eam perfeitamente alinhadas em uma fita de metal.<\/p>\n<p>H\u00e1 uma vers\u00e3o dessa mesma tacha avulsa onde \u00e9 poss\u00edvel dar o mesmo acabamento alinhando cada uma delas individualmente, consulte o produto tacha avulsa e saiba mais.<\/p>\n<p><a title=\"Tacha de Tape\u00e7eiro Fum\u00ea\" href=\"https:\/\/www.tappy.com.br\/empresas\/p\/tacha-metro-fume-para-acabamento-tacha-por-metro\/\" target=\"_blank\" rel=\"noopener\" data-schema-attribute=\"\">Tacha de Tapeceiro Fum\u00ea, para Acabamento (Tachinhas)<\/a><\/p>\n<h2>Onde us\u00e1-las?<\/h2>\n<p>Est\u00e1 muito em alta o uso de tachas metro em cabeceiras de camas, elas podem ser usadas transversalmente ou na borda para um acabamento estilo moldura.<\/p>\n<p>Em poltronas, \u00e9 muito comum a aplica\u00e7\u00e3o dessas tachas nos bra\u00e7os e no encosto, principalmente em moveis coloniais mas n\u00e3o se limitando a eles. Da mesma forma podem ser usadas tamb\u00e9m em sof\u00e1s maiores.<\/p>\n<h2>Tacha Metro Latonada \u00e9 bom?<\/h2>\n<p>Se voc\u00ea preza por qualidade de acabamento, ao mesmo tempo que rendimento de trabalho, ent\u00e3o essa Tacha metro Latonada \u00e9 feita para voc\u00ea, pois alinha o melhor da tecnologia em acabamento para estofados com um \u00f3timo custo benef\u00edcio.<\/p>\n<p><span style=\"font-weight: 400;\">Gostaria de entender ainda mais sobre Tachas para Sof\u00e1s? Que tal esse link?<\/span><\/p>\n<p><a title=\"Decora\u00e7\u00e3o com tachas\" href=\"http:\/\/dianabrooks.com.br\/moveis-com-tachas-decoracao\/\" target=\"_blank\" rel=\"noopener\" data-schema-attribute=\"\">M\u00f3veis com tachas para decora\u00e7\u00e3o<\/a><\/p>\n<h3>Outras informa\u00e7\u00f5es<\/h3>\n<p>Cada tira cont\u00e9m:<\/p>\n<ul>\n<li>76 Tachas fixas de 9,5mm<\/li>\n<li>20 Encaixes para Tachas Latonadas<\/li>\n<li>20 Tachas avulsas para fechar os encaixes<\/li>\n<\/ul>\n","protected":false},"excerpt":{"rendered":"<p>Tacha Metro Latonada \u00e9 utilizada para fazer um acabamento \u00e1gil e perfeitamente alinhado em sof\u00e1s, poltronas e cabeceiras e etc. <strong>Veja a Descri\u00e7\u00e3o e saiba mais<\/strong>.<\/p>\n","protected":false},"featured_media":886,"template":"","meta":[],"product_brand":[1108],"product_cat":[492,30],"product_tag":[],"class_list":{"0":"post-854","1":"product","2":"type-product","3":"status-publish","4":"has-post-thumbnail","6":"product_brand-tappy","7":"product_cat-tachas-decorativas","8":"product_cat-acessorios-para-tapecaria","9":"product_shipping_class-brasil","10":"tm-no-options","12":"first","13":"instock","14":"shipping-taxable","15":"purchasable","16":"product-type-simple"},"_links":{"self":[{"href":"https:\/\/www.tappy.com.br\/empresas\/wp-json\/wp\/v2\/product\/854","targetHints":{"allow":["GET"]}}],"collection":[{"href":"https:\/\/www.tappy.com.br\/empresas\/wp-json\/wp\/v2\/product"}],"about":[{"href":"https:\/\/www.tappy.com.br\/empresas\/wp-json\/wp\/v2\/types\/product"}],"wp:featuredmedia":[{"embeddable":true,"href":"https:\/\/www.tappy.com.br\/empresas\/wp-json\/wp\/v2\/media\/886"}],"wp:attachment":[{"href":"https:\/\/www.tappy.com.br\/empresas\/wp-json\/wp\/v2\/media?parent=854"}],"wp:term":[{"taxonomy":"product_brand","embeddable":true,"href":"https:\/\/www.tappy.com.br\/empresas\/wp-json\/wp\/v2\/product_brand?post=854"},{"taxonomy":"product_cat","embeddable":true,"href":"https:\/\/www.tappy.com.br\/empresas\/wp-json\/wp\/v2\/product_cat?post=854"},{"taxonomy":"product_tag","embeddable":true,"href":"https:\/\/www.tappy.com.br\/empresas\/wp-json\/wp\/v2\/product_tag?post=854"}],"curies":[{"name":"wp","href":"https:\/\/api.w.org\/{rel}","templated":true}]}}