{"id":667,"date":"2024-03-26T10:12:16","date_gmt":"2024-03-26T13:12:16","guid":{"rendered":"https:\/\/www.tappy.com.br\/empresas\/?post_type=product&#038;p=667"},"modified":"2026-05-05T19:10:47","modified_gmt":"2026-05-05T22:10:47","slug":"tecido-acquablock-geometricos-impermeavel-karsten-140cm","status":"publish","type":"product","link":"https:\/\/www.tappy.com.br\/empresas\/p\/tecido-acquablock-geometricos-impermeavel-karsten-140cm\/","title":{"rendered":"Tecido Acquablock Geom\u00e9tricos\u00ae Imperme\u00e1vel Karsten 140cm"},"content":{"rendered":"<h2>O que \u00e9 Tecido Acquablock Geom\u00e9tricos\u00ae?<\/h2>\n<p>\u00c9 um tecido imperme\u00e1vel para sof\u00e1s feito com corpo e barra em Jacquard, acabamento Cotton, pr\u00e9-encolhida e Antipilling. Protege contra a a\u00e7\u00e3o do sol, repele a \u00e1gua e traz mais cor e vida para os estofados de ambientes internos ou externos.<\/p>\n<h2>Onde us\u00e1-lo?<\/h2>\n<p>Inspirada na <strong>alegria<\/strong> da natureza, a cole\u00e7\u00e3o <strong>VIVA<\/strong> oferece a liberdade de brincar com <strong>cores<\/strong> e padr\u00f5es para criar ambientes internos e externos que nos fazem sentir mais pr\u00f3ximos de nossa ess\u00eancia. Soltos, separados, juntos ou harmonizados, desenhos, texturas e matizes enriquecem e envolvem materiais que emanam <strong>amor<\/strong>, leveza, cuidado e prote\u00e7\u00e3o.<br \/>\nEsse tecido \u00e9 um dos mais vers\u00e1teis para decora\u00e7\u00e3o interna e externa, a cole\u00e7\u00e3o VIVA materializa uma percep\u00e7\u00e3o de bem-estar que nos acolhe, fortalece, ativa e nos d\u00e1 mais vida.<br \/>\nVIVA oferece a autonomia de nos reconectarmos \u00e0 nossa natureza e traz mais vida a nossos espa\u00e7os favoritos.<\/p>\n<h2>Tecido Acquablock\u00ae \u00e9 bom?<\/h2>\n<p>A Karsten foi a primeira marca a desenvolver um tecido com exclusividade de ser imperme\u00e1vel, mantendo a qualidade e a naturalidade t\u00eaxtil.<\/p>\n<p>Esse tecido \u00e9 o mais conceituado e conhecido tecido estampado para Sof\u00e1s, muitas vezes inclusive sendo alvo de c\u00f3pias que n\u00e3o possuem o mesmo acabamento fant\u00e1stico e capacidade hidrof\u00f3bica.<\/p>\n<p>Fique atento e tenha certeza de estar adquirindo um <strong>Tecido Acquablock Desenhos\u00ae <\/strong>original.<\/p>\n<h2>Cuidados e manuten\u00e7\u00e3o de Tecidos Acquablock\u00ae:<\/h2>\n<ul>\n<li>N\u00e3o deixar o seu Acquablock exposto continuamente \u00e0s condi\u00e7\u00f5es clim\u00e1ticas como sol, chuva e umidade excessiva. Assim, evita-se a forma\u00e7\u00e3o de manchas de bolor e perda de resist\u00eancia do tecido.<\/li>\n<li>Limpar diariamente a superf\u00edcie do tecido, com pano umedecido em \u00e1gua na temperatura ambiente e secar.<\/li>\n<li>Eliminar sujeiras acidentais com pano limpo, esponjado ou papel absorvente, sem comprimir para dentro do tecido. Ap\u00f3s a limpeza, n\u00e3o armazenar seu Acquablock em local \u00famido.<\/li>\n<li>Aplicar os tecidos Acquablock somente sobre espuma e madeira totalmente tratada com anti-mofo.<\/li>\n<li>Aplicar ilhoses na parte inferior das almofadas, como forma de escape de ar e umidade.<\/li>\n<li>Utilizar agulhas finas e linhas de poli\u00e9ster nas costura e, de prefer\u00eancia, fazer costura dupla.<\/li>\n<li>N\u00e3o utilizar produtos abrasivos, como escovas com cerdas, jatos de \u00e1gua, esponjas abrasivas ou produtos qu\u00edmicos (alcalinos e clorados), tais como detergentes em p\u00f3, solventes, cloro e outros.<\/li>\n<\/ul>\n<p>Confira outros Tecidos Imperme\u00e1veis da Tappy <a title=\"Tecidos Imperme\u00e1veis\" href=\"https:\/\/www.tappy.com.br\/empresas\/c\/tecidos-para-sofas\/tecido-impermeavel-para-sofas\/\" data-schema-attribute=\"\">aqui<\/a>.<\/p>\n<p>Para saber mais sobre o Tecidos Acquablock <a href=\"https:\/\/casachic.com.br\/o-que-e-o-tecido-acquablock-e-onde-usar\/\" rel=\"noopener\">acesse aqui<\/a>.<\/p>\n","protected":false},"excerpt":{"rendered":"<p><strong>Tecido Acquablock Geom\u00e9tricos\u00ae Imperme\u00e1vel<\/strong> \u00e9 um tecido inteligente, projetado a partir dos conceitos da Biomim\u00e9tica.<\/p>\n","protected":false},"featured_media":780,"template":"","meta":[],"product_brand":[1084,1083],"product_cat":[368,369,20],"product_tag":[494,495,370,371,52,53,372,373,25,54],"class_list":{"0":"post-667","1":"product","2":"type-product","3":"status-publish","4":"has-post-thumbnail","6":"product_brand-acquablock","7":"product_brand-karsten-decor","8":"product_cat-tecido-gorgurao","9":"product_cat-tecido-impermeavel-para-sofas","10":"product_cat-tecidos-para-sofas","11":"product_tag-acquablock","12":"product_tag-tecido-acquablock","13":"product_tag-tecido-algodao","14":"product_tag-tecido-area-externa","15":"product_tag-tecido-estampado","16":"product_tag-tecido-estampado-para-sofas","17":"product_tag-tecido-impermeabilizado","18":"product_tag-tecido-karsten","19":"product_tag-tecido-para-sofas","20":"product_tag-tecidos-karsten","21":"product_shipping_class-brasil","22":"pa_acabamento-impermeavel-a-substancias-aquosas-e-oleosas","23":"pa_acabamento-tecido-anti-uv","24":"pa_acabamento-tecido-antimancha","25":"pa_acabamento-tecido-estampado","26":"pa_acabamento-tecido-impermeavel","27":"pa_acabamento-tecido-liso","28":"pa_acabamento-tecido-pet-friendly","29":"pa_cores-de-tecidos-campina-marinho","30":"pa_cores-de-tecidos-campina-preto","31":"pa_cores-de-tecidos-geometrico-azul","32":"pa_cores-de-tecidos-geometrico-ferrugem","33":"pa_cores-de-tecidos-regia-camurca","34":"pa_cores-de-tecidos-regia-marinho","35":"pa_cores-de-tecidos-regia-oliva","36":"pa_cores-de-tecidos-videira-bege","37":"pa_cores-de-tecidos-videira-cinza","38":"pa_cores-de-tecidos-videira-marinho","39":"tm-no-options","41":"first","42":"instock","43":"shipping-taxable","44":"purchasable","45":"product-type-variable"},"_links":{"self":[{"href":"https:\/\/www.tappy.com.br\/empresas\/wp-json\/wp\/v2\/product\/667","targetHints":{"allow":["GET"]}}],"collection":[{"href":"https:\/\/www.tappy.com.br\/empresas\/wp-json\/wp\/v2\/product"}],"about":[{"href":"https:\/\/www.tappy.com.br\/empresas\/wp-json\/wp\/v2\/types\/product"}],"wp:featuredmedia":[{"embeddable":true,"href":"https:\/\/www.tappy.com.br\/empresas\/wp-json\/wp\/v2\/media\/780"}],"wp:attachment":[{"href":"https:\/\/www.tappy.com.br\/empresas\/wp-json\/wp\/v2\/media?parent=667"}],"wp:term":[{"taxonomy":"product_brand","embeddable":true,"href":"https:\/\/www.tappy.com.br\/empresas\/wp-json\/wp\/v2\/product_brand?post=667"},{"taxonomy":"product_cat","embeddable":true,"href":"https:\/\/www.tappy.com.br\/empresas\/wp-json\/wp\/v2\/product_cat?post=667"},{"taxonomy":"product_tag","embeddable":true,"href":"https:\/\/www.tappy.com.br\/empresas\/wp-json\/wp\/v2\/product_tag?post=667"}],"curies":[{"name":"wp","href":"https:\/\/api.w.org\/{rel}","templated":true}]}}