{"id":662,"date":"2024-03-26T10:12:16","date_gmt":"2024-03-26T13:12:16","guid":{"rendered":"https:\/\/www.tappy.com.br\/empresas\/?post_type=product&#038;p=662"},"modified":"2024-10-29T21:27:22","modified_gmt":"2024-10-30T00:27:22","slug":"pe-tubo-de-pvc-metalizado-de-04cm-06cm-e-08cm","status":"publish","type":"product","link":"https:\/\/www.tappy.com.br\/empresas\/p\/pe-tubo-de-pvc-metalizado-de-04cm-06cm-e-08cm\/","title":{"rendered":"P\u00e9 Tubo de PVC Metalizado de 04cm, 06cm e 08cm"},"content":{"rendered":"<p><strong>P\u00e9 Tubo de PVC<\/strong> Metalizado utilizado para dar apoio e sustenta\u00e7\u00e3o em sof\u00e1s e m\u00f3veis no geral. Feito com materiais de alta durabilidade e acabamento uniforme.<\/p>\n<ul>\n<li>Cor: Prata metalizado;<\/li>\n<li>Material: PVC;<\/li>\n<li>Modo de encaixe: Externo por meio de rosca;<\/li>\n<li>Tamanho do Parafuso: 30mm;<\/li>\n<li>Alturas: 04cm, 06cm e 08cm (altura sem contar o parafuso);<\/li>\n<li>Comprimento: 70mm;<\/li>\n<li>Largura: 70mm.<\/li>\n<\/ul>\n","protected":false},"excerpt":{"rendered":"<p>P\u00e9 Tubo de PVC Metalizado utilizado para dar apoio e sustenta\u00e7\u00e3o em sof\u00e1s e m\u00f3veis no geral. Feito com materiais de alta durabilidade e acabamento uniforme. Cor: Prata metalizado; Material: PVC; Modo de encaixe: Externo por meio de rosca; Tamanho do Parafuso: 30mm; Alturas: 04cm, 06cm e 08cm (altura sem contar o parafuso); Comprimento: 70mm; [&#8230;]\n","protected":false},"featured_media":704,"template":"","meta":[],"product_brand":[],"product_cat":[30,493,483],"product_tag":[],"class_list":{"0":"post-662","1":"product","2":"type-product","3":"status-publish","4":"has-post-thumbnail","6":"product_cat-acessorios-para-tapecaria","7":"product_cat-pes-de-pvc","8":"product_cat-pes-para-estofados","9":"product_shipping_class-brasil","10":"tm-no-options","12":"first","13":"instock","14":"shipping-taxable","15":"purchasable","16":"product-type-variable"},"_links":{"self":[{"href":"https:\/\/www.tappy.com.br\/empresas\/wp-json\/wp\/v2\/product\/662","targetHints":{"allow":["GET"]}}],"collection":[{"href":"https:\/\/www.tappy.com.br\/empresas\/wp-json\/wp\/v2\/product"}],"about":[{"href":"https:\/\/www.tappy.com.br\/empresas\/wp-json\/wp\/v2\/types\/product"}],"wp:featuredmedia":[{"embeddable":true,"href":"https:\/\/www.tappy.com.br\/empresas\/wp-json\/wp\/v2\/media\/704"}],"wp:attachment":[{"href":"https:\/\/www.tappy.com.br\/empresas\/wp-json\/wp\/v2\/media?parent=662"}],"wp:term":[{"taxonomy":"product_brand","embeddable":true,"href":"https:\/\/www.tappy.com.br\/empresas\/wp-json\/wp\/v2\/product_brand?post=662"},{"taxonomy":"product_cat","embeddable":true,"href":"https:\/\/www.tappy.com.br\/empresas\/wp-json\/wp\/v2\/product_cat?post=662"},{"taxonomy":"product_tag","embeddable":true,"href":"https:\/\/www.tappy.com.br\/empresas\/wp-json\/wp\/v2\/product_tag?post=662"}],"curies":[{"name":"wp","href":"https:\/\/api.w.org\/{rel}","templated":true}]}}