{"id":659,"date":"2024-03-26T10:12:15","date_gmt":"2024-03-26T13:12:15","guid":{"rendered":"https:\/\/www.tappy.com.br\/empresas\/?post_type=product&#038;p=659"},"modified":"2026-05-05T20:17:32","modified_gmt":"2026-05-05T23:17:32","slug":"tira-metalica-flex-trim-para-acabamento-em-estofados","status":"publish","type":"product","link":"https:\/\/www.tappy.com.br\/empresas\/p\/tira-metalica-flex-trim-para-acabamento-em-estofados\/","title":{"rendered":"Tira Met\u00e1lica Flex Trim para Acabamento em Estofados"},"content":{"rendered":"<h2>O que \u00e9 Flex Trim?<\/h2>\n<p>Esse material substitui costuras dif\u00edceis ou intrincadas, essa tira quando fixada \u00e0 estrutura do estofado elimina a costura, o debrum e acaba com qualquer desalinhamento, tornando a processo de acabamento muito mais r\u00e1pido e forte.<\/p>\n<p>Trata-se de um filamento de alum\u00ednio super flex\u00edvel e forte com um dos lados perfurados na medida exata pra fixa\u00e7\u00e3o em madeiras com os grampeadores mais tradicionais, no outro lado possui &#8220;dentes&#8221; para fixa\u00e7\u00e3o do tecido na posi\u00e7\u00e3o desejada.<\/p>\n<p>Fornecida em rolos cont\u00ednuos de <strong>30 metros<\/strong>, ela \u00e9 suficientemente flex\u00edvel para ser curvada, torcida ou dobrada. O tapeceiro que usa esse material demonstra que entende dos melhores meios dispon\u00edveis para dar acabamentos em estofados.<\/p>\n<p>Para melhor acabamento, \u00e9 recomendado o uso em conjunto de perfis de pl\u00e1stico e tamb\u00e9m um martelo de borracha para evitar danos ao tecido. Esses e outros materiais similares podem ser encontrados aqui: <a title=\"Acess\u00f3rios para Tape\u00e7aria\" href=\"https:\/\/www.tappy.com.br\/empresas\/c\/acessorios-para-tapecaria\/\">Acess\u00f3rios para Tape\u00e7aria<\/a>.<\/p>\n<h3>Onde us\u00e1-la?<\/h3>\n<p>Muito comum em poltronas ou estofados que costumam ficar com a parte traseira exposta (longe de uma parede). Essa tira met\u00e1lica \u00e9 confiavelmente a melhor forma para se criar aquele acabamento &#8220;invis\u00edvel&#8221; aos olhos e at\u00e9 ao toque.<\/p>\n<p>Esse produto \u00e9 o \u00fanico capaz de garantir uma est\u00e9tica fina aos acabamentos laterais, substituindo outras t\u00e9cnicas n\u00e3o t\u00e3o eficientes, como aplica\u00e7\u00e3o de tachas ou costuras super elaboradas.<\/p>\n<h4><span style=\"font-size: 130%;\">Tira Met\u00e1lica Flex Trim \u00e9 boa?<\/span><\/h4>\n<p>Se voc\u00ea preza por qualidade de acabamento e pelo tempo de rendimento do seu trabalho ent\u00e3o esse produto \u00e9 perfeito para voc\u00ea, pois une o melhor da tecnologia em acabamento para estofados com o melhor custo benef\u00edcio.<\/p>\n<h4><span style=\"font-size: 130%;\">Esse material \u00e9 f\u00e1cil de usar?<\/span><\/h4>\n<p>Apesar da apar\u00eancia n\u00e3o muito familiar esse produto nada mais \u00e9 que um tipo de costura, portanto pessoas acostumadas com a acabamentos de costura n\u00e3o ter\u00e3o grandes dificuldades ao usa-la, ainda mais se usada em conjunto com um grampeador.<\/p>\n<p>Para saber ainda mais sobre esse incr\u00edvel produto e sobre como aplica-lo, sugerimos que assistam ao v\u00eddeo do <a href=\"https:\/\/www.youtube.com\/channel\/UCbAueol3eUX-6wq5naZBKOg\" data-schema-attribute=\"\" rel=\"noopener\">Tapeceiro &#8211; Eudes Oliveira<\/a>.<\/p>\n","protected":false},"excerpt":{"rendered":"<p>Tira Met\u00e1lica Flex Trim \u00e9 usada para finaliza\u00e7\u00e3o nas laterais de sof\u00e1s, cadeiras e etc com excelente qualidade e em menor tempo. <strong>Veja a Descri\u00e7\u00e3o e saiba mais<\/strong>.<\/p>\n","protected":false},"featured_media":697,"template":"","meta":[],"product_brand":[1108],"product_cat":[42,30],"product_tag":[],"class_list":{"0":"post-659","1":"product","2":"type-product","3":"status-publish","4":"has-post-thumbnail","6":"product_brand-tappy","7":"product_cat-ferragens-para-estofados","8":"product_cat-acessorios-para-tapecaria","9":"product_shipping_class-brasil","10":"tm-no-options","12":"first","13":"instock","14":"featured","15":"shipping-taxable","16":"purchasable","17":"product-type-simple"},"_links":{"self":[{"href":"https:\/\/www.tappy.com.br\/empresas\/wp-json\/wp\/v2\/product\/659","targetHints":{"allow":["GET"]}}],"collection":[{"href":"https:\/\/www.tappy.com.br\/empresas\/wp-json\/wp\/v2\/product"}],"about":[{"href":"https:\/\/www.tappy.com.br\/empresas\/wp-json\/wp\/v2\/types\/product"}],"wp:featuredmedia":[{"embeddable":true,"href":"https:\/\/www.tappy.com.br\/empresas\/wp-json\/wp\/v2\/media\/697"}],"wp:attachment":[{"href":"https:\/\/www.tappy.com.br\/empresas\/wp-json\/wp\/v2\/media?parent=659"}],"wp:term":[{"taxonomy":"product_brand","embeddable":true,"href":"https:\/\/www.tappy.com.br\/empresas\/wp-json\/wp\/v2\/product_brand?post=659"},{"taxonomy":"product_cat","embeddable":true,"href":"https:\/\/www.tappy.com.br\/empresas\/wp-json\/wp\/v2\/product_cat?post=659"},{"taxonomy":"product_tag","embeddable":true,"href":"https:\/\/www.tappy.com.br\/empresas\/wp-json\/wp\/v2\/product_tag?post=659"}],"curies":[{"name":"wp","href":"https:\/\/api.w.org\/{rel}","templated":true}]}}