{"id":656,"date":"2024-03-26T10:12:15","date_gmt":"2024-03-26T13:12:15","guid":{"rendered":"https:\/\/www.tappy.com.br\/empresas\/?post_type=product&#038;p=656"},"modified":"2025-04-16T17:22:43","modified_gmt":"2025-04-16T20:22:43","slug":"espuma-d23-em-lamina-de-02cm-de-altura","status":"publish","type":"product","link":"https:\/\/www.tappy.com.br\/empresas\/p\/espuma-d23-em-lamina-de-02cm-de-altura\/","title":{"rendered":"Espuma D23 de 02cm de Altura em L\u00e2mina"},"content":{"rendered":"<h2>O que \u00e9 Espuma D23 em L\u00e2mina?<\/h2>\n<p>A <strong>Espuma D23 em L\u00e2mina<\/strong>\u00a0desenvolvida pela Tappy usa tecnologia de primeira linha, trazendo o melhor custo benef\u00edcio para espumas de sua categoria. Essa densidade \u00e9 boa o suficiente para garantir o uso em encostos, e at\u00e9 mesmo em assentos muito simples.<\/p>\n<p>Comprar espumas em l\u00e2minas significa maior economia em compara\u00e7\u00e3o com a espuma sob medida, j\u00e1 que nesse caso h\u00e1 o c\u00e1lculo de perda do corte, que normalmente \u00e9 de 20%.<\/p>\n<p>Esse tipo de espuma \u00e9 muito espec\u00edfica para tapeceiros e f\u00e1bricas de estofados que conseguem fazer o uso da l\u00e2mina nos tamanhos pretendidos, ou seja,\u00a0sem perdas de corte elas garantem maior economia para quem as utiliza.<\/p>\n<h2>Onde us\u00e1-la?<\/h2>\n<p>\u00c9 uma excelente espuma para ser usada em encostos com pouca rigidez, sua versatilidade permite ser usada em assentos muito simples. No entanto o uso em assentos n\u00e3o \u00e9 uma finalidade ideal para ela, ent\u00e3o aconselhamos que voc\u00ea considere outra escolha.<\/p>\n<p>Para esses casos o ideal seria investir nas nossas <a title=\"Espuma D28 Selada\" href=\"https:\/\/www.tappy.com.br\/empresas\/p\/espuma-d28-em-lamina-selada\/\" data-schema-attribute=\"\">Espuma D28 Selada<\/a> ou <a title=\"Espuma D33 Selada\" href=\"https:\/\/www.tappy.com.br\/empresas\/p\/espuma-d33-em-lamina-selada\/\" data-schema-attribute=\"\">Espuma D33 Selada<\/a>, especiais para assentos. Sendo a Espuma D23 considerada ideal somente para encostos de usu\u00e1rios entre 60Kg e 80kg.<\/p>\n<h2>Espuma D23 em L\u00e2mina \u00e9 boa?<\/h2>\n<p>Essa espuma de custo reduzido pode ser usada em encostos simples de sof\u00e1s com durabilidade razo\u00e1vel, para a maioria dos casos \u00e9 aconselhado o uso das densidades<a title=\"Espuma D28 Selada\" href=\"https:\/\/www.tappy.com.br\/empresas\/p\/espuma-sob-medida-espuma-d26-selada\/\" data-schema-attribute=\"\">\u00a0D26<\/a> ou mais densas.<\/p>\n<p>Mais informa\u00e7\u00f5es t\u00e9cnicas sobre espumas podem ser vistas aqui <a title=\"Tudo sobre espumas para sof\u00e1s\" href=\"https:\/\/www.promobit.com.br\/blog\/escolhendo-a-espuma-do-sofa-qual-a-melhor-densidade\/\" data-schema-attribute=\"\" rel=\"noopener\">clicando aqui<\/a>.<\/p>\n<p>IMPORTANTE:<\/p>\n<ol>\n<li>A imagem do produto representa uma espuma real da Tappy, no entanto a cor pode ser ou n\u00e3o igual a da foto. Sendo assim n\u00e3o \u00e9 permitido que o cliente escolha a cor da espuma que ir\u00e1 receber, caso precise de confirma\u00e7\u00e3o dessa caracter\u00edstica favor entre em contato;<\/li>\n<li>Sua espuma em Lamina pode ser enviada por metro ou n\u00e3o em rolos cont\u00ednuos de at\u00e9 5 metros dependendo da composi\u00e7\u00e3o do pedido, para mais informa\u00e7\u00f5es sobre esse assunto entre em contato com conosco.<\/li>\n<\/ol>\n\t\t<div class=\"hidden\">\n\t\t\t\t\n<style>\n.row.row-small .button{<br \/>margin-bottom: 0!important;<br \/>font-size: .8em!important;<br \/>}<br \/><\/style>\n\t\t<\/div>\n\t\n","protected":false},"excerpt":{"rendered":"<p><strong>Espuma D23 de 02cm<\/strong> para Sof\u00e1s com 100cm de Comprimento X 190cm de Largura X 02cm, indicada para encostos de estofados.<\/p>\n","protected":false},"featured_media":691,"template":"","meta":[],"product_brand":[],"product_cat":[50,471],"product_tag":[],"class_list":{"0":"post-656","1":"product","2":"type-product","3":"status-publish","4":"has-post-thumbnail","6":"product_cat-espumas-e-enchimentos","7":"product_cat-laminas-de-espuma","8":"product_shipping_class-volumetric-weight","9":"tm-no-options","11":"first","12":"instock","13":"shipping-taxable","14":"product-type-variable","15":"has-default-attributes"},"_links":{"self":[{"href":"https:\/\/www.tappy.com.br\/empresas\/wp-json\/wp\/v2\/product\/656","targetHints":{"allow":["GET"]}}],"collection":[{"href":"https:\/\/www.tappy.com.br\/empresas\/wp-json\/wp\/v2\/product"}],"about":[{"href":"https:\/\/www.tappy.com.br\/empresas\/wp-json\/wp\/v2\/types\/product"}],"wp:featuredmedia":[{"embeddable":true,"href":"https:\/\/www.tappy.com.br\/empresas\/wp-json\/wp\/v2\/media\/691"}],"wp:attachment":[{"href":"https:\/\/www.tappy.com.br\/empresas\/wp-json\/wp\/v2\/media?parent=656"}],"wp:term":[{"taxonomy":"product_brand","embeddable":true,"href":"https:\/\/www.tappy.com.br\/empresas\/wp-json\/wp\/v2\/product_brand?post=656"},{"taxonomy":"product_cat","embeddable":true,"href":"https:\/\/www.tappy.com.br\/empresas\/wp-json\/wp\/v2\/product_cat?post=656"},{"taxonomy":"product_tag","embeddable":true,"href":"https:\/\/www.tappy.com.br\/empresas\/wp-json\/wp\/v2\/product_tag?post=656"}],"curies":[{"name":"wp","href":"https:\/\/api.w.org\/{rel}","templated":true}]}}