{"id":655,"date":"2024-03-26T10:14:15","date_gmt":"2024-03-26T13:14:15","guid":{"rendered":"https:\/\/www.tappy.com.br\/empresas\/?post_type=product&#038;p=655"},"modified":"2026-04-14T16:30:00","modified_gmt":"2026-04-14T19:30:00","slug":"espuma-sob-medida-retangular-espuma-d26-inmetro","status":"publish","type":"product","link":"https:\/\/www.tappy.com.br\/empresas\/p\/espuma-sob-medida-retangular-espuma-d26-inmetro\/","title":{"rendered":"Espuma Sob Medida Retangular, Espuma D26 Inmetro"},"content":{"rendered":"<h2>O que \u00e9?<\/h2>\n<p>A <strong>Espuma para sof\u00e1s sob medida D26<\/strong> desenvolvida pela Tappy usa tecnologia de primeira linha, trazendo o melhor custo benef\u00edcio para espumas de sua categoria. Essa densidade \u00e9 alta o suficiente para garantir uso eficiente em encostos, e at\u00e9 mesmo em assentos simples.<\/p>\n<p>Os blocos retangulares podem ser cortados nos formatos mais convenientes ao cliente, proporcionando melhor aproveitamento do material, facilitando seu armazenamento e atendendo \u00e0s necessidades espec\u00edficas de seu processo produtivo.<\/p>\n<h2>Onde us\u00e1-la?<\/h2>\n<p>\u00c9 uma excelente espuma para ser usada em encostos com uma boa rigidez. \u00c9 uma espuma vers\u00e1til e pode ser usada em assentos, por\u00e9m observando que essa n\u00e3o \u00e9 uma finalidade ideal para ela.<\/p>\n<p>Caso o assento seja de uso moderado ou para pessoas com peso entre 70 Kgs e 90Kgs aconselhamos considerar outra escolha, como as espumas <a title=\"Espuma D28 Selada\" href=\"https:\/\/www.tappy.com.br\/empresas\/p\/espuma-sob-medida-espuma-d28-selada\/\" data-schema-attribute=\"\">Espuma D28 Selada<\/a> e <a title=\"Espuma D33 Selada\" href=\"\/empresas\/p\/espuma-sob-medida-retangular-espuma-d33-inmetro\/\" data-schema-attribute=\"\">Espuma D33 Selada<\/a>, especiais para assentos.<\/p>\n<h2>Espuma Sob Medida D26 \u00e9 bom?<\/h2>\n<p>Essa espuma \u00e9 a mais comum para uso em todos os tipos de encostos para sof\u00e1s, oferecendo boa durabilidade. Pode ser usada tamb\u00e9m em assentos mais simples com uma durabilidade m\u00e9dio\/baixa, para a maioria dos casos \u00e9 aconselhado o uso das densidades D28 ou maior.<\/p>\n<p>Mais informa\u00e7\u00f5es t\u00e9cnicas sobre espumas podem ser vistas aqui <a title=\"Tudo sobre espumas para sof\u00e1s\" href=\"https:\/\/www.promobit.com.br\/blog\/escolhendo-a-espuma-do-sofa-qual-a-melhor-densidade\/\" data-schema-attribute=\"\" rel=\"noopener\">clicando aqui<\/a>.<\/p>\n<p><strong>IMPORTANTE:<\/strong><\/p>\n<ol>\n<li>A imagem do produto representa uma espuma real da Tappy, no entanto a cor pode ser ou n\u00e3o igual a da foto. Sendo assim n\u00e3o \u00e9 permitido que o cliente escolha a cor da espuma que ir\u00e1 receber, caso precise de confirma\u00e7\u00e3o dessa caracter\u00edstica por favor entre em contato conosco;<\/li>\n<li>As cores poss\u00edveis dessa espuma podem ser consultadas tamb\u00e9m na aba &#8220;Informa\u00e7\u00e3o Adicional&#8221;;<\/li>\n<li>Sua espuma sob medida n\u00e3o pode ultrapassar as medidas de 190cm x 110cm x 100cm simultaneamente, pois \u00e9 o tamanho limite de um bloco de espumas. Caso isso ocorra seu pedido ser\u00e1 enviado com uma colagem, feita com toda seguran\u00e7a e qualidade para n\u00e3o comprometer seu produto.<\/li>\n<\/ol>\n","protected":false},"excerpt":{"rendered":"<p><strong>Espuma D26 Sob Medida<\/strong> com qualidade INMETRO. Recomendada para encostos de alta performance de todos os tipos de estofados.<\/p>\n","protected":false},"featured_media":688,"template":"","meta":[],"product_brand":[],"product_cat":[489,50,488],"product_tag":[486,487,490],"class_list":{"0":"post-655","1":"product","2":"type-product","3":"status-publish","4":"has-post-thumbnail","6":"product_cat-espuma-sob-medida-retangular","7":"product_cat-espumas-e-enchimentos","8":"product_cat-espumas-sob-medida","9":"product_tag-espuma-para-encosto","10":"product_tag-espuma-retangular","11":"product_tag-espuma-sob-medida","12":"product_shipping_class-volumetric-weight","13":"tm-has-options","15":"first","16":"instock","17":"shipping-taxable","18":"purchasable","19":"product-type-simple"},"_links":{"self":[{"href":"https:\/\/www.tappy.com.br\/empresas\/wp-json\/wp\/v2\/product\/655","targetHints":{"allow":["GET"]}}],"collection":[{"href":"https:\/\/www.tappy.com.br\/empresas\/wp-json\/wp\/v2\/product"}],"about":[{"href":"https:\/\/www.tappy.com.br\/empresas\/wp-json\/wp\/v2\/types\/product"}],"wp:featuredmedia":[{"embeddable":true,"href":"https:\/\/www.tappy.com.br\/empresas\/wp-json\/wp\/v2\/media\/688"}],"wp:attachment":[{"href":"https:\/\/www.tappy.com.br\/empresas\/wp-json\/wp\/v2\/media?parent=655"}],"wp:term":[{"taxonomy":"product_brand","embeddable":true,"href":"https:\/\/www.tappy.com.br\/empresas\/wp-json\/wp\/v2\/product_brand?post=655"},{"taxonomy":"product_cat","embeddable":true,"href":"https:\/\/www.tappy.com.br\/empresas\/wp-json\/wp\/v2\/product_cat?post=655"},{"taxonomy":"product_tag","embeddable":true,"href":"https:\/\/www.tappy.com.br\/empresas\/wp-json\/wp\/v2\/product_tag?post=655"}],"curies":[{"name":"wp","href":"https:\/\/api.w.org\/{rel}","templated":true}]}}