{"id":654,"date":"2024-03-26T10:12:15","date_gmt":"2024-03-26T13:12:15","guid":{"rendered":"https:\/\/www.tappy.com.br\/empresas\/?post_type=product&#038;p=654"},"modified":"2026-04-30T14:40:20","modified_gmt":"2026-04-30T17:40:20","slug":"espuma-sob-medida-retangular-espuma-d33-inmetro","status":"publish","type":"product","link":"https:\/\/www.tappy.com.br\/empresas\/p\/espuma-sob-medida-retangular-espuma-d33-inmetro\/","title":{"rendered":"Espuma Sob Medida Retangular, Espuma D33 Inmetro"},"content":{"rendered":"<h2>O que \u00e9 Espuma D33 Inmetro?<\/h2>\n<p>A <b>Espuma Sob Medida D33<\/b> desenvolvida pela Tappy usa tecnologia de primeira linha, trazendo o melhor custo benef\u00edcio para espumas de sua categoria. Essa densidade \u00e9 alta o suficiente para garantir uso prolongado em assentos sem perda de resist\u00eancia ou resili\u00eancia.<\/p>\n<p>Os blocos retangulares podem ser cortados sob medida nos formatos mais convenientes ao cliente, proporcionando melhor aproveitamento do material, facilitando seu armazenamento e atendendo \u00e0s necessidades espec\u00edficas de seu processo produtivo.<\/p>\n<h2>Onde us\u00e1-la?<\/h2>\n<p>\u00c9 uma excelente espuma para ser usada em encostos com uma rigidez de maior qualidade, quanto para o uso em <b>assentos \u00e9 a espuma considerada ideal<\/b> pois ela foi desenvolvida para uso prolongado para pessoas com peso entre 90Kg a 120 Kg, oferecendo maior durabilidade.<\/p>\n<h2>Espuma Sob Medida D33 \u00e9 boa?<\/h2>\n<p>Essa espuma \u00e9 <b>altamente indicada<\/b> para uso em todos os tipos de assentos para sof\u00e1s, oferecendo \u00f3tima durabilidade. Pode ser usada tamb\u00e9m em encostos mais firmes, no entanto para a maioria dos encostos \u00e9 aconselhado o uso da densidades D28 ou menos.<\/p>\n<p>Mais informa\u00e7\u00f5es t\u00e9cnicas sobre espumas podem ser vistas aqui <a title=\"Tudo sobre espumas para sof\u00e1s\" href=\"https:\/\/www.promobit.com.br\/blog\/escolhendo-a-espuma-do-sofa-qual-a-melhor-densidade\/\" data-schema-attribute=\"\" rel=\"noopener\">clicando aqui<\/a>.<\/p>\n<p><strong>IMPORTANTE:<\/strong><\/p>\n<ol>\n<li>A imagem do produto representa uma espuma real da Tappy, no entanto a cor pode ser ou n\u00e3o igual a da foto. Sendo assim n\u00e3o \u00e9 permitido que o cliente escolha a cor da espuma que ir\u00e1 receber, caso precise de confirma\u00e7\u00e3o dessa caracter\u00edstica por favor entre em contato conosco;<\/li>\n<li>As cores poss\u00edveis dessa espuma podem ser consultadas tamb\u00e9m na aba &#8220;Informa\u00e7\u00e3o Adicional&#8221;;<\/li>\n<li>Sua espuma sob medida n\u00e3o pode ultrapassar as medidas de 190cm x 110cm x 100cm simultaneamente, pois \u00e9 o tamanho limite de um bloco de espumas. Caso isso ocorra seu pedido ser\u00e1 enviado com uma colagem, feita com toda seguran\u00e7a e qualidade para n\u00e3o comprometer seu produto.<\/li>\n<\/ol>\n","protected":false},"excerpt":{"rendered":"<p><strong>Espuma Sob Medida D33<\/strong> com qualidade INMETRO. Recomendada para assentos de alta performance de todos os tipos de estofados.<\/p>\n","protected":false},"featured_media":685,"template":"","meta":[],"product_brand":[],"product_cat":[489,50,488],"product_tag":[485,491,486,487,490],"class_list":{"0":"post-654","1":"product","2":"type-product","3":"status-publish","4":"has-post-thumbnail","6":"product_cat-espuma-sob-medida-retangular","7":"product_cat-espumas-e-enchimentos","8":"product_cat-espumas-sob-medida","9":"product_tag-espuma-para-assento","10":"product_tag-espuma-para-colchao","11":"product_tag-espuma-para-encosto","12":"product_tag-espuma-retangular","13":"product_tag-espuma-sob-medida","14":"product_shipping_class-volumetric-weight","15":"tm-has-options","17":"first","18":"instock","19":"featured","20":"shipping-taxable","21":"purchasable","22":"product-type-simple"},"_links":{"self":[{"href":"https:\/\/www.tappy.com.br\/empresas\/wp-json\/wp\/v2\/product\/654","targetHints":{"allow":["GET"]}}],"collection":[{"href":"https:\/\/www.tappy.com.br\/empresas\/wp-json\/wp\/v2\/product"}],"about":[{"href":"https:\/\/www.tappy.com.br\/empresas\/wp-json\/wp\/v2\/types\/product"}],"wp:featuredmedia":[{"embeddable":true,"href":"https:\/\/www.tappy.com.br\/empresas\/wp-json\/wp\/v2\/media\/685"}],"wp:attachment":[{"href":"https:\/\/www.tappy.com.br\/empresas\/wp-json\/wp\/v2\/media?parent=654"}],"wp:term":[{"taxonomy":"product_brand","embeddable":true,"href":"https:\/\/www.tappy.com.br\/empresas\/wp-json\/wp\/v2\/product_brand?post=654"},{"taxonomy":"product_cat","embeddable":true,"href":"https:\/\/www.tappy.com.br\/empresas\/wp-json\/wp\/v2\/product_cat?post=654"},{"taxonomy":"product_tag","embeddable":true,"href":"https:\/\/www.tappy.com.br\/empresas\/wp-json\/wp\/v2\/product_tag?post=654"}],"curies":[{"name":"wp","href":"https:\/\/api.w.org\/{rel}","templated":true}]}}