{"id":624,"date":"2024-03-26T10:11:58","date_gmt":"2024-03-26T13:11:58","guid":{"rendered":"https:\/\/www.tappy.com.br\/empresas\/?post_type=product&#038;p=624"},"modified":"2026-04-08T07:46:05","modified_gmt":"2026-04-08T10:46:05","slug":"ziper-n-05-de-nylon-varias-cores","status":"publish","type":"product","link":"https:\/\/www.tappy.com.br\/empresas\/p\/ziper-n-05-de-nylon-varias-cores\/","title":{"rendered":"Z\u00edper N.05 de Nylon V\u00e1rias Cores"},"content":{"rendered":"<p>Z\u00edper N.05 de Nylon V\u00e1rias Cores com cadar\u00e7o e dentes. Pode ser aplicado em almofadas ou outros tipos de acabamentos que necessitem de f\u00e1cil abertura.<\/p>\n<p>A cada metro, enviamos 5 cursores.<\/p>\n","protected":false},"excerpt":{"rendered":"<p>Z\u00edper N.05 de Nylon V\u00e1rias Cores com cadar\u00e7o e dentes. Pode ser aplicado em almofadas ou outros tipos de acabamentos que necessitem de f\u00e1cil abertura. A cada metro, enviamos 5 cursores.<\/p>\n","protected":false},"featured_media":648,"template":"","meta":[],"product_brand":[],"product_cat":[30,472],"product_tag":[],"class_list":{"0":"post-624","1":"product","2":"type-product","3":"status-publish","4":"has-post-thumbnail","6":"product_cat-acessorios-para-tapecaria","7":"product_cat-ziperes","8":"product_shipping_class-brasil","9":"pa_cores-de-tecidos-branco","10":"pa_cores-de-tecidos-marrom","11":"pa_cores-de-tecidos-preto","12":"tm-no-options","14":"first","15":"outofstock","16":"shipping-taxable","17":"product-type-variable"},"_links":{"self":[{"href":"https:\/\/www.tappy.com.br\/empresas\/wp-json\/wp\/v2\/product\/624","targetHints":{"allow":["GET"]}}],"collection":[{"href":"https:\/\/www.tappy.com.br\/empresas\/wp-json\/wp\/v2\/product"}],"about":[{"href":"https:\/\/www.tappy.com.br\/empresas\/wp-json\/wp\/v2\/types\/product"}],"wp:featuredmedia":[{"embeddable":true,"href":"https:\/\/www.tappy.com.br\/empresas\/wp-json\/wp\/v2\/media\/648"}],"wp:attachment":[{"href":"https:\/\/www.tappy.com.br\/empresas\/wp-json\/wp\/v2\/media?parent=624"}],"wp:term":[{"taxonomy":"product_brand","embeddable":true,"href":"https:\/\/www.tappy.com.br\/empresas\/wp-json\/wp\/v2\/product_brand?post=624"},{"taxonomy":"product_cat","embeddable":true,"href":"https:\/\/www.tappy.com.br\/empresas\/wp-json\/wp\/v2\/product_cat?post=624"},{"taxonomy":"product_tag","embeddable":true,"href":"https:\/\/www.tappy.com.br\/empresas\/wp-json\/wp\/v2\/product_tag?post=624"}],"curies":[{"name":"wp","href":"https:\/\/api.w.org\/{rel}","templated":true}]}}