{"id":619,"date":"2024-03-26T10:11:57","date_gmt":"2024-03-26T13:11:57","guid":{"rendered":"https:\/\/www.tappy.com.br\/empresas\/?post_type=product&#038;p=619"},"modified":"2026-04-26T15:17:14","modified_gmt":"2026-04-26T18:17:14","slug":"fibra-siliconada-oca-sintetica-cabelo-de-anjo","status":"publish","type":"product","link":"https:\/\/www.tappy.com.br\/empresas\/p\/fibra-siliconada-oca-sintetica-cabelo-de-anjo\/","title":{"rendered":"Fibra Siliconada Oca Sint\u00e9tica &#8220;Cabelo de Anjo&#8221;"},"content":{"rendered":"<h3>O que \u00e9 Fibra Siliconada &#8220;Cabelo de Anjo&#8221;?<\/h3>\n<p>Fibra siliconada oca sint\u00e9tica \u00e9 um material t\u00eaxtil feito de fibras sint\u00e9ticas que s\u00e3o ocas por dentro e revestidas com uma camada de silicone por fora.<\/p>\n<p>Essa fibra tem v\u00e1rias vantagens em rela\u00e7\u00e3o \u00e0s fibras tradicionais, como a capacidade de reter sua forma por mais tempo, ser mais higi\u00eanica, resistente a \u00e1caros e mofo, al\u00e9m de ser mais leve e at\u00e9 lav\u00e1vel. Sua \u00e1rea de enchimento \u00e9 em m\u00e9dia 90% superior em compara\u00e7\u00e3o a fibras tradicionais, ou seja, \u00e9 poss\u00edvel ocupar uma \u00e1rea de enchimento com muito menos material, tornando o acabamento final melhor e mais leve.<\/p>\n<h3>Onde us\u00e1-la?<\/h3>\n<p>Muito utilizada para enchimento de almofadas, sof\u00e1s, colch\u00f5es, bonecas, pel\u00facias e produ\u00e7\u00e3o de artesanatos.<\/p>\n<h3>Fibra Cabelo de anjo \u00e9 boa?<\/h3>\n<p>A fibra Cabelo de Anjo \u00e9 considerada uma boa op\u00e7\u00e3o para enchimento de produtos t\u00eaxteis. Isso porque ela oferece diversas vantagens em rela\u00e7\u00e3o a outros materiais, como:<\/p>\n<ul>\n<li>Maior \u00e1rea de enchimento: ela possui maior volume e \u00e9 ultra leve, por isso sua \u00e1rea de cobertura \u00e9 at\u00e9 90% maior;<\/li>\n<li>Toque macio e agrad\u00e1vel: a fibra siliconada \u00e9 muito suave ao toque, proporcionando conforto ao usu\u00e1rio;<\/li>\n<li>Hipoalerg\u00eanica: por ser sint\u00e9tica, a fibra siliconada \u00e9 resistente a \u00e1caros e outras subst\u00e2ncias que podem desencadear alergias;<\/li>\n<li>F\u00e1cil de lavar: a fibra siliconada pode ser facilmente lavada na m\u00e1quina, sem perder suas propriedades ou formato;<\/li>\n<li>Resistente e dur\u00e1vel: a fibra siliconada \u00e9 capaz de manter sua forma e resist\u00eancia ao longo do tempo, sem deformar ou amassar.<\/li>\n<\/ul>\n","protected":false},"excerpt":{"rendered":"<p><strong>Fibra Siliconada<\/strong> Oca Sint\u00e9tica para enchimento, com \u00f3tima mem\u00f3ria de retorno que volta ao formato original mesmo ap\u00f3s sofrer press\u00e3o ao receber peso.<\/p>\n","protected":false},"featured_media":642,"template":"","meta":[],"product_brand":[],"product_cat":[466,465,50],"product_tag":[],"class_list":{"0":"post-619","1":"product","2":"type-product","3":"status-publish","4":"has-post-thumbnail","6":"product_cat-plumantes","7":"product_cat-enchimento-para-almofadas","8":"product_cat-espumas-e-enchimentos","9":"product_shipping_class-volumetric-weight","10":"tm-no-options","12":"first","13":"instock","14":"featured","15":"shipping-taxable","16":"purchasable","17":"product-type-simple"},"_links":{"self":[{"href":"https:\/\/www.tappy.com.br\/empresas\/wp-json\/wp\/v2\/product\/619","targetHints":{"allow":["GET"]}}],"collection":[{"href":"https:\/\/www.tappy.com.br\/empresas\/wp-json\/wp\/v2\/product"}],"about":[{"href":"https:\/\/www.tappy.com.br\/empresas\/wp-json\/wp\/v2\/types\/product"}],"wp:featuredmedia":[{"embeddable":true,"href":"https:\/\/www.tappy.com.br\/empresas\/wp-json\/wp\/v2\/media\/642"}],"wp:attachment":[{"href":"https:\/\/www.tappy.com.br\/empresas\/wp-json\/wp\/v2\/media?parent=619"}],"wp:term":[{"taxonomy":"product_brand","embeddable":true,"href":"https:\/\/www.tappy.com.br\/empresas\/wp-json\/wp\/v2\/product_brand?post=619"},{"taxonomy":"product_cat","embeddable":true,"href":"https:\/\/www.tappy.com.br\/empresas\/wp-json\/wp\/v2\/product_cat?post=619"},{"taxonomy":"product_tag","embeddable":true,"href":"https:\/\/www.tappy.com.br\/empresas\/wp-json\/wp\/v2\/product_tag?post=619"}],"curies":[{"name":"wp","href":"https:\/\/api.w.org\/{rel}","templated":true}]}}