{"id":616,"date":"2024-03-26T10:11:57","date_gmt":"2024-03-26T13:11:57","guid":{"rendered":"https:\/\/www.tappy.com.br\/empresas\/?post_type=product&#038;p=616"},"modified":"2024-10-29T21:27:07","modified_gmt":"2024-10-30T00:27:07","slug":"mecanismo-retratil-de-aco-85cm-com-bucha-de-aco","status":"publish","type":"product","link":"https:\/\/www.tappy.com.br\/empresas\/p\/mecanismo-retratil-de-aco-85cm-com-bucha-de-aco\/","title":{"rendered":"Mecanismo Retr\u00e1til de A\u00e7o 85CM com Bucha de A\u00e7o"},"content":{"rendered":"<p>Mecanismo Retr\u00e1til em A\u00e7o Carbono Galvanizado de 85 cm com tubo de 3\/4&#8243; (com pintura) e bucha de 7\/8&#8243; (A\u00e7o). Ainda mais Resistente!<\/p>\n<h2>O que \u00e9?<\/h2>\n<p>\u00c9 um acess\u00f3rio utilizado em assentos de sof\u00e1s, afim de torn\u00e1-los retr\u00e1teis, podendo adicionar alguns cent\u00edmetros a mais a estrutura de um sof\u00e1 pr\u00e9 desenvolvido para essa finalidade.<\/p>\n<p>A utiliza\u00e7\u00e3o desse mecanismo retr\u00e1til para sof\u00e1s \u00e9 uma solu\u00e7\u00e3o pr\u00e1tica e elegante para sua sala, j\u00e1 que ele foi pensado justamente para ambientes com pouco espa\u00e7o ao contr\u00e1rio do que se possa imaginar.<\/p>\n<p>Uma vez que a abertura do mecanismo pode trazer conforto e comprometer o espa\u00e7o de certos ambientes, sua retra\u00e7\u00e3o pode deixar tudo de volta ao normal como era antes, excelente id\u00e9ia para aqueles que n\u00e3o abrem m\u00e3o de conforto.<\/p>\n<h2>Onde us\u00e1-lo?<\/h2>\n<p>Esse acess\u00f3rio para sof\u00e1s foi desenvolvido especialmente para assentos de sof\u00e1s, no entanto h\u00e1 quem use em chaises e at\u00e9 poltronas. Tudo depende da habilidade e criatividade do profissional, normalmente \u00e9 utilizado em pares, mas n\u00e3o se limitando a essa forma de uso.<\/p>\n<h2>Mecanismo Retr\u00e1til \u00e9 bom?<\/h2>\n<p>Mecanismos retr\u00e1teis tornaram-se quase essenciais aos sof\u00e1s de hoje em dia, seja para melhor aproveitamento de espa\u00e7o ou para simples conforto. Ent\u00e3o com certeza seu sof\u00e1 precisa desse tipo de praticidade.<\/p>\n<p>Vale notar que o mecanismo dessa p\u00e1gina s\u00e3o para sof\u00e1s tradicionais, ent\u00e3o caso voc\u00ea precise de um mecanismo mais longo talvez voc\u00ea queira dar uma conferida no <a title=\"Mecanismo Retr\u00e1til de A\u00e7o 104CM\" href=\"https:\/\/www.tappy.com.br\/empresas\/p\/mecanismo-retratil-de-aco-104cm-com-bucha-de-pvc\/\" data-schema-attribute=\"\">Mecanismo Retr\u00e1til de A\u00e7o 104CM<\/a><\/p>\n<p>Para saber mais sobre como esse mecanismo funciona, que tal esse <a title=\"Quais s\u00e3o as grandes diferen\u00e7as entre sof\u00e1 living e sof\u00e1 retr\u00e1til?\" href=\"https:\/\/fynedecor.com.br\/quais-sao-as-grandes-diferencas-entre-sofa-living-e-retratil\/\" data-schema-attribute=\"\" rel=\"noopener\">link<\/a> e v\u00eddeo abaixo?<\/p>\n","protected":false},"excerpt":{"rendered":"<p>Mecanismo Retr\u00e1til em A\u00e7o Carbono Galvanizado de 85 cm com tubo de 3\/4&#8243; (com pintura) e bucha de 7\/8&#8243; (A\u00e7o). Ainda mais Resistente! O que \u00e9? \u00c9 um acess\u00f3rio utilizado em assentos de sof\u00e1s, afim de torn\u00e1-los retr\u00e1teis, podendo adicionar alguns cent\u00edmetros a mais a estrutura de um sof\u00e1 pr\u00e9 desenvolvido para essa finalidade. A [&#8230;]\n","protected":false},"featured_media":641,"template":"","meta":[],"product_brand":[],"product_cat":[30,464],"product_tag":[],"class_list":{"0":"post-616","1":"product","2":"type-product","3":"status-publish","4":"has-post-thumbnail","6":"product_cat-acessorios-para-tapecaria","7":"product_cat-mecanismos","8":"product_shipping_class-brasil","9":"tm-no-options","11":"first","12":"outofstock","13":"shipping-taxable","14":"purchasable","15":"product-type-simple"},"_links":{"self":[{"href":"https:\/\/www.tappy.com.br\/empresas\/wp-json\/wp\/v2\/product\/616","targetHints":{"allow":["GET"]}}],"collection":[{"href":"https:\/\/www.tappy.com.br\/empresas\/wp-json\/wp\/v2\/product"}],"about":[{"href":"https:\/\/www.tappy.com.br\/empresas\/wp-json\/wp\/v2\/types\/product"}],"wp:featuredmedia":[{"embeddable":true,"href":"https:\/\/www.tappy.com.br\/empresas\/wp-json\/wp\/v2\/media\/641"}],"wp:attachment":[{"href":"https:\/\/www.tappy.com.br\/empresas\/wp-json\/wp\/v2\/media?parent=616"}],"wp:term":[{"taxonomy":"product_brand","embeddable":true,"href":"https:\/\/www.tappy.com.br\/empresas\/wp-json\/wp\/v2\/product_brand?post=616"},{"taxonomy":"product_cat","embeddable":true,"href":"https:\/\/www.tappy.com.br\/empresas\/wp-json\/wp\/v2\/product_cat?post=616"},{"taxonomy":"product_tag","embeddable":true,"href":"https:\/\/www.tappy.com.br\/empresas\/wp-json\/wp\/v2\/product_tag?post=616"}],"curies":[{"name":"wp","href":"https:\/\/api.w.org\/{rel}","templated":true}]}}