{"id":614,"date":"2024-03-26T10:11:57","date_gmt":"2024-03-26T13:11:57","guid":{"rendered":"https:\/\/www.tappy.com.br\/empresas\/?post_type=product&#038;p=614"},"modified":"2026-04-08T12:34:51","modified_gmt":"2026-04-08T15:34:51","slug":"grampeador-imeco-14-50-pneumatico-compacto-conector","status":"publish","type":"product","link":"https:\/\/www.tappy.com.br\/empresas\/p\/grampeador-imeco-14-50-pneumatico-compacto-conector\/","title":{"rendered":"Grampeador Imeco 14\/50 Pneum\u00e1tico Compacto + Conector"},"content":{"rendered":"<h2>O que \u00e9 Grampeador Pneum\u00e1tico de Montagem?<\/h2>\n<p>Grampeador Pneum\u00e1tico de Montagem tipo de grampeador \u00e9 muito utilizado na montagem de m\u00f3veis, na constru\u00e7\u00e3o de caixas e embalagens, na fabrica\u00e7\u00e3o de estruturas de madeira, entre outras aplica\u00e7\u00f5es. \u00c9\u00a0uma ferramenta muito eficiente e vers\u00e1til, que permite realizar trabalhos de forma mais r\u00e1pida e precisa do que com o uso de pregos ou parafusos. Al\u00e9m disso, ele reduz o esfor\u00e7o f\u00edsico necess\u00e1rio para fixar as pe\u00e7as, tornando o trabalho mais confort\u00e1vel para o operador.<\/p>\n<p>O Grampeador Imeco 14\/50 comporta at\u00e9 160 grampos de uma vez, com sua alt\u00edssima taxa de disparo e \u00e9 capaz de utilizar todos esses grampos t\u00e3o r\u00e1pido quanto seu utilizador precisar. Ele \u00e9 bastante leve devido ao corpo de alum\u00ednio e permite o uso por longas horas.<\/p>\n<p>\u00c9 totalmente compat\u00edvel com grampos da Linha 14 de 16 a 50mm de comprimento. Veja aqui nossos <a title=\"Grampo 80\" href=\"https:\/\/www.tappy.com.br\/empresas\/c\/acessorios-para-tapecaria\/grampo-de-tapeceiro-industrial\/\" data-schema-attribute=\"\">Grampos da linha 14<\/a>.<\/p>\n<h2>Onde us\u00e1-lo?<\/h2>\n<p>O Grampeador pneum\u00e1tico de montagem \u00e9 uma ferramenta utilizada na ind\u00fastria e na marcenaria para fixar pe\u00e7as de madeira, compensado, MDF, entre outros materiais. Ele \u00e9 acionado por ar comprimido e dispara grampos em alta velocidade para prender as pe\u00e7as com firmeza e precis\u00e3o.<\/p>\n<h2>Grampeador Imeco 14\/50 \u00e9 bom?<\/h2>\n<p>Se voc\u00ea preza por qualidade ao mesmo tempo que rendimento de trabalho, ent\u00e3o o Grampeador Imeco \u00e9 feito para voc\u00ea, pois une o melhor da tecnologia em grampeadores para montagem com o melhor custo benef\u00edcio.<\/p>\n<p>Gostaria de entender ainda mais sobre Grampeadores? Que tal esse link?<\/p>\n<p><a title=\"Grampeadores Imeco\" href=\"https:\/\/www.imeco.com.br\/\" data-schema-attribute=\"\" rel=\"noopener\">Imeco Ferramentas Pneum\u00e1ticas<\/a><\/p>\n<h2>Outras Informa\u00e7\u00f5es<\/h2>\n<ul>\n<li>Menor da categoria;<\/li>\n<li>Silencioso;<\/li>\n<li>Leve, menor peso da categoria;<\/li>\n<li>Maior velocidade da categoria;<\/li>\n<li>Acionamento Sens\u00edvel;<\/li>\n<li>Empunhadura Anat\u00f4mica;<\/li>\n<li>Capacidade: 160 grampos;<\/li>\n<li>Grampos: 14 com varia\u00e7\u00e3o de 16 a 50 mm;<\/li>\n<li>Tamanho da coroa do grampo: 10,8 mm;<\/li>\n<li>Consumo de ar: 0,070 m\u00b3\/min;<\/li>\n<li>Press\u00e3o de trabalho (min.): 90 PSI;<\/li>\n<li>Press\u00e3o de trabalho (m\u00e1x.): 110 PSI;<\/li>\n<li>Garantia de 3 meses pelo fabricante.<\/li>\n<\/ul>\n","protected":false},"excerpt":{"rendered":"<p>Grampeador Imeco 14\/50 Pneum\u00e1tico \u00e9 um grampeador industrial indicado para montagem estruturas de madeira, como de estofados e m\u00f3veis. <strong>Veja a descri\u00e7\u00e3o e saiba mais<\/strong>.<\/p>\n","protected":false},"featured_media":634,"template":"","meta":[],"product_brand":[1193],"product_cat":[233,30],"product_tag":[234,237,461,278],"class_list":{"0":"post-614","1":"product","2":"type-product","3":"status-publish","4":"has-post-thumbnail","6":"product_brand-imeco","7":"product_cat-grampeadores-de-tapeceiro","8":"product_cat-acessorios-para-tapecaria","9":"product_tag-grampeador","10":"product_tag-grampeador-pneumatico","11":"product_tag-imeco","12":"product_tag-imeco-ferramentas","13":"product_shipping_class-brasil","14":"tm-no-options","16":"first","17":"outofstock","18":"shipping-taxable","19":"purchasable","20":"product-type-simple"},"_links":{"self":[{"href":"https:\/\/www.tappy.com.br\/empresas\/wp-json\/wp\/v2\/product\/614","targetHints":{"allow":["GET"]}}],"collection":[{"href":"https:\/\/www.tappy.com.br\/empresas\/wp-json\/wp\/v2\/product"}],"about":[{"href":"https:\/\/www.tappy.com.br\/empresas\/wp-json\/wp\/v2\/types\/product"}],"wp:featuredmedia":[{"embeddable":true,"href":"https:\/\/www.tappy.com.br\/empresas\/wp-json\/wp\/v2\/media\/634"}],"wp:attachment":[{"href":"https:\/\/www.tappy.com.br\/empresas\/wp-json\/wp\/v2\/media?parent=614"}],"wp:term":[{"taxonomy":"product_brand","embeddable":true,"href":"https:\/\/www.tappy.com.br\/empresas\/wp-json\/wp\/v2\/product_brand?post=614"},{"taxonomy":"product_cat","embeddable":true,"href":"https:\/\/www.tappy.com.br\/empresas\/wp-json\/wp\/v2\/product_cat?post=614"},{"taxonomy":"product_tag","embeddable":true,"href":"https:\/\/www.tappy.com.br\/empresas\/wp-json\/wp\/v2\/product_tag?post=614"}],"curies":[{"name":"wp","href":"https:\/\/api.w.org\/{rel}","templated":true}]}}