{"id":501,"date":"2024-03-26T10:11:13","date_gmt":"2024-03-26T13:11:13","guid":{"rendered":"https:\/\/www.tappy.com.br\/empresas\/?post_type=product&#038;p=501"},"modified":"2024-10-30T10:04:39","modified_gmt":"2024-10-30T13:04:39","slug":"tecido-linho-capri-varias-cores-140cm","status":"publish","type":"product","link":"https:\/\/www.tappy.com.br\/empresas\/p\/tecido-linho-capri-varias-cores-140cm\/","title":{"rendered":"Tecido Linho Capri V\u00e1rias Cores 140cm"},"content":{"rendered":"<h2>O que \u00e9?<\/h2>\n<p>\u00c9 um <strong>Linho Sint\u00e9tico Fino<\/strong>, isso garante durabilidade e resist\u00eancia suficiente sem torn\u00e1-lo \u00e1spero. Sua composi\u00e7\u00e3o tamb\u00e9m o torna semiperme\u00e1vel com uma textura lisa de cor fixa e cintilante, portanto, \u00e9 um linho bastante vers\u00e1til.<\/p>\n<p>A gramatura deste <strong>Tecido Linho Sint\u00e9tico <\/strong>\u00e9 capaz de garantir uma dura\u00e7\u00e3o excepcional j\u00e1 que ele pesa 266g por metro linear e 190g\/m\u00b2. Como esse material cont\u00e9m forro a sua face(felpa) \u00e9 um pouco mais fina, tendo 150g\/m\u00b2, as 40g\/m\u00b2 restantes pertencem a seu forro, necess\u00e1rio para garantir maior resist\u00eancia.<\/p>\n<h2>Onde us\u00e1-lo?<\/h2>\n<p>Pode ser aplicado em todos os tipos de estofamentos decorativos, desde sof\u00e1s inteiros, at\u00e9 puffs. Como \u00e9 um dos melhores tecidos e mais resistentes que voc\u00ea encontrar\u00e1 no mercado o que manda \u00e9 sua criatividade.<\/p>\n<p>Esse Linho possui fibras de espessuras especiais para facilitar sua limpeza, isso pode ser feito em casa de forma bem f\u00e1cil, sempre tomando alguns cuidados.<\/p>\n<h2>Tecido Linho \u00e9 bom?<\/h2>\n<p>O <strong>Tecido Linho Capri <\/strong>140cm \u00e9 definitivamente a melhor escolha quando se trata de diferencia\u00e7\u00e3o, toque e beleza. Dentre os linhos pode ser considerado o mais acess\u00edvel e f\u00e1cil de usar em projetos de decora\u00e7\u00e3o mais conservadores.<\/p>\n<p><span style=\"font-size: 130%;\"><em><strong>Outras Caracter\u00edsticas T\u00e9cnicas:<\/strong><\/em><\/span><\/p>\n<p><em>Tecido plano dublado, face constru\u00e7\u00e3o maquinetado, tinto em pe\u00e7a formado por filamentos de poli\u00e9ster reunidos por colagem com um n\u00e3o tecido formado por fibras de poli\u00e9ster. Tecido plano em 100% poli\u00e9ster com 1,40m de largura, aspecto de linho, dublado e boa resist\u00eancia.<\/em><\/p>\n<p>Gostaria de entender ainda mais sobre o Linho para sof\u00e1s? Que tal esses links?<\/p>\n<h3><a href=\"https:\/\/www.tappy.com.br\/blog\/tudo-sobre-tecido-linho-sintetico\/\">Tudo sobre Tecido Linho Sint\u00e9tico<\/a><\/h3>\n","protected":false},"excerpt":{"rendered":"<p><strong>Tecido Linho Capri<\/strong> \u00e9 um tecido para estofados muito resistente de aspecto liso para decora\u00e7\u00e3o de ambientes e o favorito dos nossos clientes.<\/p>\n","protected":false},"featured_media":535,"template":"","meta":[],"product_brand":[],"product_cat":[56,20],"product_tag":[57,58,59,60,25,55,302,27,28],"class_list":{"0":"post-501","1":"product","2":"type-product","3":"status-publish","4":"has-post-thumbnail","6":"product_cat-tecido-linho-para-sofas","7":"product_cat-tecidos-para-sofas","8":"product_tag-linho","9":"product_tag-linho-para-sofas","10":"product_tag-linho-sintetico","11":"product_tag-tecido-linho","12":"product_tag-tecido-para-sofas","13":"product_tag-tecido-poliester","14":"product_tag-tecido-sintetico","15":"product_tag-tecido-texturizado","16":"product_tag-tecidos-tappy","17":"product_shipping_class-brasil","18":"pa_acabamento-tecido-tramado","19":"pa_cores-de-tecidos-azul-forca-aerea","20":"pa_cores-de-tecidos-bege-areia","21":"pa_cores-de-tecidos-bege-savana","22":"pa_cores-de-tecidos-bege-sisal","23":"pa_cores-de-tecidos-cinza","24":"pa_cores-de-tecidos-cinza-grafite","25":"pa_cores-de-tecidos-marrom-caramelo","26":"pa_cores-de-tecidos-marrom-caramelo-escuro","27":"pa_cores-de-tecidos-marrom-escuro","28":"tm-no-options","30":"first","31":"outofstock","32":"shipping-taxable","33":"product-type-variable"},"_links":{"self":[{"href":"https:\/\/www.tappy.com.br\/empresas\/wp-json\/wp\/v2\/product\/501","targetHints":{"allow":["GET"]}}],"collection":[{"href":"https:\/\/www.tappy.com.br\/empresas\/wp-json\/wp\/v2\/product"}],"about":[{"href":"https:\/\/www.tappy.com.br\/empresas\/wp-json\/wp\/v2\/types\/product"}],"wp:featuredmedia":[{"embeddable":true,"href":"https:\/\/www.tappy.com.br\/empresas\/wp-json\/wp\/v2\/media\/535"}],"wp:attachment":[{"href":"https:\/\/www.tappy.com.br\/empresas\/wp-json\/wp\/v2\/media?parent=501"}],"wp:term":[{"taxonomy":"product_brand","embeddable":true,"href":"https:\/\/www.tappy.com.br\/empresas\/wp-json\/wp\/v2\/product_brand?post=501"},{"taxonomy":"product_cat","embeddable":true,"href":"https:\/\/www.tappy.com.br\/empresas\/wp-json\/wp\/v2\/product_cat?post=501"},{"taxonomy":"product_tag","embeddable":true,"href":"https:\/\/www.tappy.com.br\/empresas\/wp-json\/wp\/v2\/product_tag?post=501"}],"curies":[{"name":"wp","href":"https:\/\/api.w.org\/{rel}","templated":true}]}}