{"id":483,"date":"2024-03-26T10:11:12","date_gmt":"2024-03-26T13:11:12","guid":{"rendered":"https:\/\/www.tappy.com.br\/empresas\/?post_type=product&#038;p=483"},"modified":"2025-06-17T16:54:25","modified_gmt":"2025-06-17T19:54:25","slug":"percinta-elastica-para-assento-ou-encosto-de-sofas-50mm","status":"publish","type":"product","link":"https:\/\/www.tappy.com.br\/empresas\/p\/percinta-elastica-para-assento-ou-encosto-de-sofas-50mm\/","title":{"rendered":"Percinta El\u00e1stica para Assento ou Encosto de Sof\u00e1s 50mm"},"content":{"rendered":"<h2>O que \u00e9 Percinta El\u00e1stica?<\/h2>\n<p>A percinta el\u00e1stica tornou-se uma parte extremamente importante dos estofados, para sustentar a estrutura e o peso do usu\u00e1rio e at\u00e9 a durabilidade da espuma e do sof\u00e1 como um todo. \u00c9 indicado usa-las com Molas Bonnel para melhor garantia e conforto.<\/p>\n<p>Afim de suportar o peso da forma mais uniforme poss\u00edvel, as tiras s\u00e3o cruzadas com um diferencial de 40 e ou 50 mm entre elas. S\u00e3o usadas no assento e no encosto.<\/p>\n<p>Com base no tamanho e estrutura do produto e a combina\u00e7\u00e3o entre as diferentes partes da espuma de poliuretano, a a\u00e7\u00e3o das percintas d\u00e3o o correto grau de apoio e de elasticidade das pe\u00e7as.<\/p>\n<h2>Onde us\u00e1-la?<\/h2>\n<p>\u00c9 ideal para montagem de estofados (estrutura), tanto no assento quanto no encosto. \u00c9 dito que o sof\u00e1 ideal deve conter uma combina\u00e7\u00e3o de Molas + Percinta + Espuma. Por isso usa-la em um estofado deve sempre ser considerado, seja o modelo qual for.<\/p>\n<p>Caso precise conhecer mais sobre espumas e molas, voc\u00ea pode dar uma olhada nesses links:<\/p>\n<p><a title=\"Mola Bonnel para Sof\u00e1s\" href=\"https:\/\/www.tappy.com.br\/empresas\/p\/mola-bonnel-espiral-de-aco-12cm-de-altura\/\" data-schema-attribute=\"\">Mola Bonnel para Sof\u00e1s<\/a><\/p>\n<p><a title=\"Espuma para Sof\u00e1s\" href=\"\/c\/espumas-e-enchimentos\/\" data-schema-attribute=\"\">Espuma para Sof\u00e1s<\/a><\/p>\n<h2>Percinta El\u00e1stica \u00e9 boa?<\/h2>\n<p>Se voc\u00ea busca melhor conforto e durabilidade para seu estofado, usar percinta el\u00e1stica \u00e9 algo necess\u00e1rio e muito recompensador, pois une o melhor da tecnologia em assentos com \u00f3timo custo benef\u00edcio a curto prazo.<\/p>\n<p>Gostaria de entender ainda mais sobre Percintas? Que tal esse link?<\/p>\n<p class=\"article-title entry-title\"><a title=\"Percinta El\u00e1stica\" href=\"https:\/\/imoveis.culturamix.com\/moveis\/o-que-e-percinta-elastica-para-que-serve\" data-schema-attribute=\"\" rel=\"noopener\">O Que \u00e9 Percinta El\u00e1stica? Para Que Serve?<\/a><\/p>\n","protected":false},"excerpt":{"rendered":"<p>A Percinta El\u00e1stica tr\u00e1s elasticidade aos Sof\u00e1s e isso \u00e9 uma caracter\u00edstica importante para garantir um conforto adequado, durabilidade da espuma. <strong>Veja a descri\u00e7\u00e3o e saiba mais<\/strong>.<\/p>\n","protected":false},"featured_media":515,"template":"","meta":[],"product_brand":[],"product_cat":[30,439],"product_tag":[],"class_list":{"0":"post-483","1":"product","2":"type-product","3":"status-publish","4":"has-post-thumbnail","6":"product_cat-acessorios-para-tapecaria","7":"product_cat-percintas","8":"product_shipping_class-brasil","9":"tm-no-options","11":"first","12":"outofstock","13":"shipping-taxable","14":"product-type-variable","15":"has-default-attributes"},"_links":{"self":[{"href":"https:\/\/www.tappy.com.br\/empresas\/wp-json\/wp\/v2\/product\/483","targetHints":{"allow":["GET"]}}],"collection":[{"href":"https:\/\/www.tappy.com.br\/empresas\/wp-json\/wp\/v2\/product"}],"about":[{"href":"https:\/\/www.tappy.com.br\/empresas\/wp-json\/wp\/v2\/types\/product"}],"wp:featuredmedia":[{"embeddable":true,"href":"https:\/\/www.tappy.com.br\/empresas\/wp-json\/wp\/v2\/media\/515"}],"wp:attachment":[{"href":"https:\/\/www.tappy.com.br\/empresas\/wp-json\/wp\/v2\/media?parent=483"}],"wp:term":[{"taxonomy":"product_brand","embeddable":true,"href":"https:\/\/www.tappy.com.br\/empresas\/wp-json\/wp\/v2\/product_brand?post=483"},{"taxonomy":"product_cat","embeddable":true,"href":"https:\/\/www.tappy.com.br\/empresas\/wp-json\/wp\/v2\/product_cat?post=483"},{"taxonomy":"product_tag","embeddable":true,"href":"https:\/\/www.tappy.com.br\/empresas\/wp-json\/wp\/v2\/product_tag?post=483"}],"curies":[{"name":"wp","href":"https:\/\/api.w.org\/{rel}","templated":true}]}}