{"id":48,"date":"2024-03-26T10:08:34","date_gmt":"2024-03-26T13:08:34","guid":{"rendered":"https:\/\/www.tappy.com.br\/empresas\/?post_type=product&#038;p=48"},"modified":"2026-01-17T00:37:24","modified_gmt":"2026-01-17T03:37:24","slug":"tecido-suede-estampado-linho-ravello-varias-cores-140cm","status":"publish","type":"product","link":"https:\/\/www.tappy.com.br\/empresas\/p\/tecido-suede-estampado-linho-ravello-varias-cores-140cm\/","title":{"rendered":"Tecido Suede Estampado Linho Ravello V\u00e1rias Cores 140cm"},"content":{"rendered":"<h2>O que \u00e9 Suede Estampado de Linho?<\/h2>\n<p>A estampa desse material \u00e9 algo que garante uma est\u00e9tica incr\u00edvel e uniforme, ela \u00e9 elegante e extremamente similar a um tecido originalmente de linho. Possui todas as vantagens de um tecido suede ent\u00e3o esque\u00e7a a aspereza que as vezes \u00e9 comum nos linhos e linhos sint\u00e9ticos.<\/p>\n<p>A gramatura deste tecido \u00e9 boa o suficiente para garantir boa dura\u00e7\u00e3o j\u00e1 que ele conta com um forro no verso para refor\u00e7a-lo. Falando nisso esse tecido tem 266g por metro linear e 200g\/m\u00b2, sendo assim 45g\/m\u00b2 pertencem a tela do forro e os 155g\/m\u00b2 restantes \u00e0 face do tecido.<\/p>\n<h2>Onde us\u00e1-lo?<\/h2>\n<p>\u00c9 um tecido democr\u00e1tico que pode ser usado em grandes pe\u00e7as, como sof\u00e1s por exemplo, mas tamb\u00e9m em estofamentos menores como puffs e almofadas. Sua versatilidade permite at\u00e9 a aplica\u00e7\u00e3o em paredes. Uma possibilidade seria mesclar o suede estampado linho com algum outro tecido liso, algo que \u00e9 muito bonito.<\/p>\n<p>Para sua limpeza \u00e9 indicado contratar um servi\u00e7o especializado, j\u00e1 que friccionar esse tecido n\u00e3o \u00e9 algo muito indicado, pois sua tintura pode perder defini\u00e7\u00e3o ou manchar.<\/p>\n<h2>Tecido Suede Estampado Ravello \u00e9 bom?<\/h2>\n<p>O <b>Suede Estampado Linho Ravello<\/b> \u00e9 a combina\u00e7\u00e3o perfeita entre estampa de qualidade e tecido funcional, j\u00e1 que os amantes de tecidos macios sentir\u00e3o que escolheram o produto certo. Por isso, use sua criatividade para criar e aproveite esse material excelente para revestimento.<\/p>\n<p>Gostaria de entender ainda mais sobre o Suede Estampado de Linho Ravello? Que tal esses links?<\/p>\n<p><a href=\"https:\/\/www.tappy.com.br\/blog\/tudo-sobre-tecido-suede\/\">Tudo sobre Tecido Suede<\/a><\/p>\n","protected":false},"excerpt":{"rendered":"<p><strong>Tecido Suede Estampado Linho Ravello<\/strong> \u00e9 um tecido para estofados com estampa de linho feita em alta resolu\u00e7\u00e3o. \u00c9 o melhor de dois mundos, macio e moderno.<\/p>\n","protected":false},"featured_media":323,"template":"","meta":[],"product_brand":[],"product_cat":[21,20],"product_tag":[22,23,52,53,24,25,26,28],"class_list":{"0":"post-48","1":"product","2":"type-product","3":"status-publish","4":"has-post-thumbnail","6":"product_cat-tecido-suede-para-sofas","7":"product_cat-tecidos-para-sofas","8":"product_tag-suede","9":"product_tag-suede-para-sofas","10":"product_tag-tecido-estampado","11":"product_tag-tecido-estampado-para-sofas","12":"product_tag-tecido-para-estofados","13":"product_tag-tecido-para-sofas","14":"product_tag-tecido-suede","15":"product_tag-tecidos-tappy","16":"product_shipping_class-brasil","17":"pa_acabamento-tecido-estampado","18":"pa_acabamento-tecido-liso","19":"pa_acabamento-tecido-pet-friendly","20":"pa_cores-de-tecidos-bege-areia","21":"pa_cores-de-tecidos-branco-antigo","22":"pa_cores-de-tecidos-cinza","23":"pa_cores-de-tecidos-marrom-cappuccino","24":"pa_cores-de-tecidos-marrom-castanho-claro","25":"tm-no-options","27":"first","28":"instock","29":"sale","30":"shipping-taxable","31":"purchasable","32":"product-type-variable"},"_links":{"self":[{"href":"https:\/\/www.tappy.com.br\/empresas\/wp-json\/wp\/v2\/product\/48","targetHints":{"allow":["GET"]}}],"collection":[{"href":"https:\/\/www.tappy.com.br\/empresas\/wp-json\/wp\/v2\/product"}],"about":[{"href":"https:\/\/www.tappy.com.br\/empresas\/wp-json\/wp\/v2\/types\/product"}],"wp:featuredmedia":[{"embeddable":true,"href":"https:\/\/www.tappy.com.br\/empresas\/wp-json\/wp\/v2\/media\/323"}],"wp:attachment":[{"href":"https:\/\/www.tappy.com.br\/empresas\/wp-json\/wp\/v2\/media?parent=48"}],"wp:term":[{"taxonomy":"product_brand","embeddable":true,"href":"https:\/\/www.tappy.com.br\/empresas\/wp-json\/wp\/v2\/product_brand?post=48"},{"taxonomy":"product_cat","embeddable":true,"href":"https:\/\/www.tappy.com.br\/empresas\/wp-json\/wp\/v2\/product_cat?post=48"},{"taxonomy":"product_tag","embeddable":true,"href":"https:\/\/www.tappy.com.br\/empresas\/wp-json\/wp\/v2\/product_tag?post=48"}],"curies":[{"name":"wp","href":"https:\/\/api.w.org\/{rel}","templated":true}]}}