{"id":47,"date":"2024-03-26T10:08:34","date_gmt":"2024-03-26T13:08:34","guid":{"rendered":"https:\/\/www.tappy.com.br\/empresas\/?post_type=product&#038;p=47"},"modified":"2026-04-16T14:49:25","modified_gmt":"2026-04-16T17:49:25","slug":"tesoura-de-estofador-profissional-20cm-lanmax","status":"publish","type":"product","link":"https:\/\/www.tappy.com.br\/empresas\/p\/tesoura-de-estofador-profissional-20cm-lanmax\/","title":{"rendered":"Tesoura de Estofador Profissional 20cm Lanmax"},"content":{"rendered":"<p>Tesoura de estofador\u00a0de alta qualidade destinada para materiais t\u00eaxteis como tecidos para sof\u00e1s, tecidos automotivos, carpetes, forra\u00e7\u00f5es e feltros.<\/p>\n<p>Produzida com <strong>a\u00e7o alem\u00e3o<\/strong> e t\u00e9cnica de tratamento t\u00e9rmico japon\u00eas.<\/p>\n<p>Possui macio <strong>cabo emborrachado<\/strong> e regulador de press\u00e3o, para porte preciso e com acabamento profissional.<\/p>\n<p>Tesoura de 20cm = 08 polegadas<\/p>\n","protected":false},"excerpt":{"rendered":"<p>Tesoura de estofador de alta qualidade destinada para materiais t\u00eaxteis como tecidos, carpetes, forra\u00e7\u00f5es e feltros. <strong>Veja a descri\u00e7\u00e3o e saiba mais<\/strong>.<\/p>\n","protected":false},"featured_media":100,"template":"","meta":[],"product_brand":[1191],"product_cat":[44,30,43],"product_tag":[],"class_list":{"0":"post-47","1":"product","2":"type-product","3":"status-publish","4":"has-post-thumbnail","6":"product_brand-lanmax","7":"product_cat-tesouras","8":"product_cat-acessorios-para-tapecaria","9":"product_cat-ferramentas-para-tapeceiros","10":"product_shipping_class-brasil","11":"tm-no-options","13":"first","14":"instock","15":"shipping-taxable","16":"purchasable","17":"product-type-simple"},"_links":{"self":[{"href":"https:\/\/www.tappy.com.br\/empresas\/wp-json\/wp\/v2\/product\/47","targetHints":{"allow":["GET"]}}],"collection":[{"href":"https:\/\/www.tappy.com.br\/empresas\/wp-json\/wp\/v2\/product"}],"about":[{"href":"https:\/\/www.tappy.com.br\/empresas\/wp-json\/wp\/v2\/types\/product"}],"wp:featuredmedia":[{"embeddable":true,"href":"https:\/\/www.tappy.com.br\/empresas\/wp-json\/wp\/v2\/media\/100"}],"wp:attachment":[{"href":"https:\/\/www.tappy.com.br\/empresas\/wp-json\/wp\/v2\/media?parent=47"}],"wp:term":[{"taxonomy":"product_brand","embeddable":true,"href":"https:\/\/www.tappy.com.br\/empresas\/wp-json\/wp\/v2\/product_brand?post=47"},{"taxonomy":"product_cat","embeddable":true,"href":"https:\/\/www.tappy.com.br\/empresas\/wp-json\/wp\/v2\/product_cat?post=47"},{"taxonomy":"product_tag","embeddable":true,"href":"https:\/\/www.tappy.com.br\/empresas\/wp-json\/wp\/v2\/product_tag?post=47"}],"curies":[{"name":"wp","href":"https:\/\/api.w.org\/{rel}","templated":true}]}}