{"id":46,"date":"2024-03-26T10:08:34","date_gmt":"2024-03-26T13:08:34","guid":{"rendered":"https:\/\/www.tappy.com.br\/empresas\/?post_type=product&#038;p=46"},"modified":"2026-02-04T13:18:48","modified_gmt":"2026-02-04T16:18:48","slug":"mola-bonnel-espiral-de-aco-10cm-de-altura","status":"publish","type":"product","link":"https:\/\/www.tappy.com.br\/empresas\/p\/mola-bonnel-espiral-de-aco-10cm-de-altura\/","title":{"rendered":"Mola Bonnel Espiral de A\u00e7o 10cm de Altura"},"content":{"rendered":"<h2>O que \u00e9 Mola 10cm?<\/h2>\n<p>A espessura do arame dessas molas \u00e9 de <strong>03mm, i<\/strong>sso \u00e9 suficiente para garantir uma boa dura\u00e7\u00e3o sem torna-las muito r\u00edgidas e desconfort\u00e1veis para assentos.<\/p>\n<p>As molas s\u00e3o projetadas para suportar grande quantidade de peso, d\u00e3o mais estabilidade e equil\u00edbrio para a superf\u00edcie do assento e podem durar at\u00e9 10 anos, quando utilizadas corretamente s\u00e3o fazem qualquer ru\u00eddo.<\/p>\n<h3>Onde us\u00e1-lo?<\/h3>\n<p>Precisam ser usadas em conjunto com as <a title=\"Percinta para Sof\u00e1s\" href=\"https:\/\/www.tappy.com.br\/empresas\/c\/acessorios-para-tapecaria\/percintas\/\" target=\"_blank\" rel=\"noopener noreferrer\" data-schema-attribute=\"\">Percintas<\/a> para que forne\u00e7am mais conforto e durabilidade para o sof\u00e1, sendo esse elemento muito importante para o conjunto e indispens\u00e1vel em sof\u00e1s de alto padr\u00e3o.<\/p>\n<h2>Mola para Sof\u00e1s \u00e9 boa?<\/h2>\n<p>Se voc\u00ea preza por qualidade ao mesmo tempo que rendimento de trabalho, ent\u00e3o essa Mola para estofados \u00e9 feita para voc\u00ea, pois une o melhor da tecnologia em estofamentos com o melhor custo benef\u00edcio.<\/p>\n<p>Gostaria de entender ainda mais sobre Molas? Que tal esse link?<\/p>\n<p><a title=\"Mola Bonnel\" href=\"https:\/\/www.costaricacolchoes.com.br\/blog\/dicas-do-sono\/colchao\/o-que-sao-molas-bonnel.html\" data-schema-attribute=\"\" rel=\"noopener\">Costa Rica Colch\u00f5es &#8211; Mola Bonnel<\/a><\/p>\n","protected":false},"excerpt":{"rendered":"<p>A Mola Bonnel Espiral de 10cm possui um formato bic\u00f4nico, \u00e9 fabricada com fio de a\u00e7o temperado com alto teor de carbono. <strong>Veja a descri\u00e7\u00e3o e saiba mais<\/strong>.<\/p>\n","protected":false},"featured_media":98,"template":"","meta":[],"product_brand":[],"product_cat":[30,42],"product_tag":[],"class_list":{"0":"post-46","1":"product","2":"type-product","3":"status-publish","4":"has-post-thumbnail","6":"product_cat-acessorios-para-tapecaria","7":"product_cat-ferragens-para-estofados","8":"product_shipping_class-brasil","9":"tm-no-options","11":"first","12":"instock","13":"shipping-taxable","14":"purchasable","15":"product-type-simple"},"_links":{"self":[{"href":"https:\/\/www.tappy.com.br\/empresas\/wp-json\/wp\/v2\/product\/46","targetHints":{"allow":["GET"]}}],"collection":[{"href":"https:\/\/www.tappy.com.br\/empresas\/wp-json\/wp\/v2\/product"}],"about":[{"href":"https:\/\/www.tappy.com.br\/empresas\/wp-json\/wp\/v2\/types\/product"}],"wp:featuredmedia":[{"embeddable":true,"href":"https:\/\/www.tappy.com.br\/empresas\/wp-json\/wp\/v2\/media\/98"}],"wp:attachment":[{"href":"https:\/\/www.tappy.com.br\/empresas\/wp-json\/wp\/v2\/media?parent=46"}],"wp:term":[{"taxonomy":"product_brand","embeddable":true,"href":"https:\/\/www.tappy.com.br\/empresas\/wp-json\/wp\/v2\/product_brand?post=46"},{"taxonomy":"product_cat","embeddable":true,"href":"https:\/\/www.tappy.com.br\/empresas\/wp-json\/wp\/v2\/product_cat?post=46"},{"taxonomy":"product_tag","embeddable":true,"href":"https:\/\/www.tappy.com.br\/empresas\/wp-json\/wp\/v2\/product_tag?post=46"}],"curies":[{"name":"wp","href":"https:\/\/api.w.org\/{rel}","templated":true}]}}