{"id":4581,"date":"2026-02-10T15:54:57","date_gmt":"2026-02-10T18:54:57","guid":{"rendered":"https:\/\/www.tappy.com.br\/empresas\/?post_type=product&#038;p=4581"},"modified":"2026-04-14T15:37:15","modified_gmt":"2026-04-14T18:37:15","slug":"mostruario-cascata-tecido-linho-easy-clean-altair-tappy","status":"publish","type":"product","link":"https:\/\/www.tappy.com.br\/empresas\/p\/mostruario-cascata-tecido-linho-easy-clean-altair-tappy\/","title":{"rendered":"Mostru\u00e1rio Cascata Tecido Linho Easy Clean Altair Tappy"},"content":{"rendered":"<div class=\"product-short-description\">\n<p>Mostru\u00e1rio Cascata do Tecido Linho Easy Clean Altair.<\/p>\n<\/div>\n<p>Cont\u00e9m a linha completa de tecidos, dos produtos abaixo:<\/p>\n\t\n  \n    <div class=\"row  equalize-box large-columns-1 medium-columns- small-columns- row-small has-shadow row-box-shadow-1-hover\" >\n  <\/div>\n","protected":false},"excerpt":{"rendered":"<p>Mostru\u00e1rio Cascata do Tecido Linho Easy Clean Altair para estofados. Possui um aspecto levemente r\u00fastico, que \u00e9 ideal para decora\u00e7\u00f5es modernas e aconchegantes.<\/p>\n","protected":false},"featured_media":4623,"template":"","meta":[],"product_brand":[1108],"product_cat":[328],"product_tag":[],"class_list":{"0":"post-4581","1":"product","2":"type-product","3":"status-publish","4":"has-post-thumbnail","6":"product_brand-tappy","7":"product_cat-mostruario-de-tecidos","8":"product_shipping_class-brasil","9":"tm-no-options","11":"first","12":"instock","13":"sold-individually","14":"shipping-taxable","15":"purchasable","16":"product-type-simple"},"_links":{"self":[{"href":"https:\/\/www.tappy.com.br\/empresas\/wp-json\/wp\/v2\/product\/4581","targetHints":{"allow":["GET"]}}],"collection":[{"href":"https:\/\/www.tappy.com.br\/empresas\/wp-json\/wp\/v2\/product"}],"about":[{"href":"https:\/\/www.tappy.com.br\/empresas\/wp-json\/wp\/v2\/types\/product"}],"wp:featuredmedia":[{"embeddable":true,"href":"https:\/\/www.tappy.com.br\/empresas\/wp-json\/wp\/v2\/media\/4623"}],"wp:attachment":[{"href":"https:\/\/www.tappy.com.br\/empresas\/wp-json\/wp\/v2\/media?parent=4581"}],"wp:term":[{"taxonomy":"product_brand","embeddable":true,"href":"https:\/\/www.tappy.com.br\/empresas\/wp-json\/wp\/v2\/product_brand?post=4581"},{"taxonomy":"product_cat","embeddable":true,"href":"https:\/\/www.tappy.com.br\/empresas\/wp-json\/wp\/v2\/product_cat?post=4581"},{"taxonomy":"product_tag","embeddable":true,"href":"https:\/\/www.tappy.com.br\/empresas\/wp-json\/wp\/v2\/product_tag?post=4581"}],"curies":[{"name":"wp","href":"https:\/\/api.w.org\/{rel}","templated":true}]}}