{"id":4566,"date":"2026-02-10T15:54:55","date_gmt":"2026-02-10T18:54:55","guid":{"rendered":"https:\/\/www.tappy.com.br\/empresas\/?post_type=product&#038;p=4566"},"modified":"2026-03-30T22:38:20","modified_gmt":"2026-03-31T01:38:20","slug":"tecido-chenille-veludo-bastille-varias-cores-140cm","status":"publish","type":"product","link":"https:\/\/www.tappy.com.br\/empresas\/p\/tecido-chenille-veludo-bastille-varias-cores-140cm\/","title":{"rendered":"Tecido Chenille Veludo Bastille V\u00e1rias Cores 140cm"},"content":{"rendered":"<div class=\"row\"  id=\"row-1260021907\">\n\n\t<div id=\"col-1363627074\" class=\"col small-12 large-12\"  >\n\t\t\t\t<div class=\"col-inner\"  >\n\t\t\t\n\t\t\t\n<p>\u2013 Macio, Trama Aparente e Sofisticado.<\/p>\n<p>O Chenille Bastille \u00e9 um tecido de toque extremamente macio e brilhante, com trama aparente e visual encorpado, ideal para quem busca conforto e eleg\u00e2ncia em estofados e projetos de decora\u00e7\u00e3o.<br \/>\nSeu nome \u00e9 inspirado na regi\u00e3o da Bastille, em Paris, refer\u00eancia ao design urbano e contempor\u00e2neo, traduzindo personalidade e estilo em um chenille vers\u00e1til e atual.<\/p>\n<p>Ideal para quem valoriza conforto, design e bom acabamento, o Chenille Bastille entrega presen\u00e7a visual e toque agrad\u00e1vel para diversos estilos de ambiente.<\/p>\n\t\t<\/div>\n\t\t\t\t\t<\/div>\n\n\t\n\n\t<div id=\"col-673385443\" class=\"col small-12 large-12\"  >\n\t\t\t\t<div class=\"col-inner\"  >\n\t\t\t\n\t\t\t\n<ul>\n<li>\n<p class=\"lead uppercase\"><span style=\"font-size: 120%;\" data-line-height=\"s\">Toque macio e aveludado;<\/span><\/p>\n<\/li>\n<li>\n<p class=\"lead uppercase\"><span style=\"font-size: 120%;\">Trama vis\u00edvel e muito brilhante;<\/span><\/p>\n<\/li>\n<li>\n<p class=\"lead uppercase\"><span style=\"font-size: 120%;\">Visual acolhedor e sofisticado;<\/span><\/p>\n<\/li>\n<li>\n<p class=\"lead uppercase\"><span style=\"font-size: 120%;\" data-line-height=\"s\">Indicado para sof\u00e1s, poltronas, pufes, almofadas, entre outros.<\/span><\/p>\n<\/li>\n<\/ul>\n\t\t<\/div>\n\t\t\t\t\t<\/div>\n\n\t\n<\/div>\n","protected":false},"excerpt":{"rendered":"<p>\u00c9 um tecido de fios de chenilles densos, com em efeito flam\u00ea que \u00e9 comum nos tecidos de linho, formando um tecido \u00fanico e perfeito para decora\u00e7\u00e3o cl\u00e1ssica. <a href=\"#vantagens\">Veja outras vantagens.<\/a><\/p>\n","protected":false},"featured_media":4595,"template":"","meta":[],"product_brand":[1108],"product_cat":[825,21,20],"product_tag":[1085,1097,370,1087,24,25,27,1071],"class_list":{"0":"post-4566","1":"product","2":"type-product","3":"status-publish","4":"has-post-thumbnail","6":"product_brand-tappy","7":"product_cat-tecido-chenille-para-sofas","8":"product_cat-tecido-suede-para-sofas","9":"product_cat-tecidos-para-sofas","10":"product_tag-chenille","11":"product_tag-chenille-veludo","12":"product_tag-tecido-algodao","13":"product_tag-tecido-chenille","14":"product_tag-tecido-para-estofados","15":"product_tag-tecido-para-sofas","16":"product_tag-tecido-texturizado","17":"product_tag-toque-extra-macio","18":"product_shipping_class-brasil","19":"pa_acabamento-tecido-texturizado","20":"pa_acabamento-tecido-tramado","21":"pa_cores-de-tecidos-amarelo-ouro","22":"pa_cores-de-tecidos-azul-celeste","23":"pa_cores-de-tecidos-azul-metalico","24":"pa_cores-de-tecidos-bege-savana","25":"pa_cores-de-tecidos-branco","26":"pa_cores-de-tecidos-branco-bruma","27":"pa_cores-de-tecidos-cinza-prata","28":"pa_cores-de-tecidos-cinza-taupe","29":"pa_cores-de-tecidos-cinza-titanio","30":"pa_cores-de-tecidos-rosa-claro","31":"pa_cores-de-tecidos-rosa-rose","32":"pa_cores-de-tecidos-verde-musgo","33":"pa_cores-de-tecidos-verde-outono","34":"pa_cores-de-tecidos-vermelho-terracota","35":"tm-no-options","37":"first","38":"instock","39":"shipping-taxable","40":"purchasable","41":"product-type-variable"},"_links":{"self":[{"href":"https:\/\/www.tappy.com.br\/empresas\/wp-json\/wp\/v2\/product\/4566","targetHints":{"allow":["GET"]}}],"collection":[{"href":"https:\/\/www.tappy.com.br\/empresas\/wp-json\/wp\/v2\/product"}],"about":[{"href":"https:\/\/www.tappy.com.br\/empresas\/wp-json\/wp\/v2\/types\/product"}],"wp:featuredmedia":[{"embeddable":true,"href":"https:\/\/www.tappy.com.br\/empresas\/wp-json\/wp\/v2\/media\/4595"}],"wp:attachment":[{"href":"https:\/\/www.tappy.com.br\/empresas\/wp-json\/wp\/v2\/media?parent=4566"}],"wp:term":[{"taxonomy":"product_brand","embeddable":true,"href":"https:\/\/www.tappy.com.br\/empresas\/wp-json\/wp\/v2\/product_brand?post=4566"},{"taxonomy":"product_cat","embeddable":true,"href":"https:\/\/www.tappy.com.br\/empresas\/wp-json\/wp\/v2\/product_cat?post=4566"},{"taxonomy":"product_tag","embeddable":true,"href":"https:\/\/www.tappy.com.br\/empresas\/wp-json\/wp\/v2\/product_tag?post=4566"}],"curies":[{"name":"wp","href":"https:\/\/api.w.org\/{rel}","templated":true}]}}