{"id":45,"date":"2024-03-26T10:08:34","date_gmt":"2024-03-26T13:08:34","guid":{"rendered":"https:\/\/www.tappy.com.br\/empresas\/?post_type=product&#038;p=45"},"modified":"2026-05-04T23:48:30","modified_gmt":"2026-05-05T02:48:30","slug":"tecido-suede-pena-premium-varias-cores-145cm","status":"publish","type":"product","link":"https:\/\/www.tappy.com.br\/empresas\/p\/tecido-suede-pena-premium-varias-cores-145cm\/","title":{"rendered":"Tecido Suede Pena Premium V\u00e1rias Cores 145cm"},"content":{"rendered":"<h2>O que \u00e9 Suede Pena Premium?<\/h2>\n<p>O Tecido Suede Pena possui uma textura que lembra penas de p\u00e1ssaros e que <strong>s\u00e3o gravadas de forma permanente<\/strong>, isso garante a ele excelente durabilidade. Esse m\u00e9todo de produ\u00e7\u00e3o \u00e9 utilizado para fornecer ao material maior durabilidade, prezando pela qualidade.<\/p>\n<p>Por apresentar essa textura desenhada, esse material muitas vezes \u00e9 confundido como n\u00e3o amig\u00e1vel para Gatos e pets num geral, por\u00e9m como qualquer outro Suede, ele tamb\u00e9m \u00e9 resistente aos amigos felinos e pode ser usado em estofados para eles sem problemas.<\/p>\n<p>Sua <strong>gramatura<\/strong> \u00e9 capaz de garantir uma boa dura\u00e7\u00e3o, j\u00e1 que ele pesa 348g por metro linear e 240g\/m\u00b2. Como ele cont\u00e9m forro a sua face \u00e9 um pouco mais fina, tendo 200g\/m\u00b2, as 40g\/m\u00b2 restantes pertencem ao forro para fornecer mais resist\u00eancia.<\/p>\n<p>Para os que preferem um suede para estofados mais em conta, existe uma outra op\u00e7\u00e3o desse material que n\u00e3o oferece garantia na perman\u00eancia da grava\u00e7\u00e3o da textura, que \u00e9 o Suede Pena comum e ele est\u00e1 dispon\u00edvel tamb\u00e9m aqui em nossa loja.<\/p>\n<h3>Onde us\u00e1-lo?<\/h3>\n<p>\u00c9 um tecido para sof\u00e1s democr\u00e1tico, que pode ser usado em grandes pe\u00e7as como sof\u00e1s, assim como tamb\u00e9m em estofamentos menores como puffs e almofadas. Pode ser aplicado em todos os tipos de estofamentos decorativos, desde sof\u00e1s inteiros, at\u00e9 puffs.<\/p>\n<h2>Tecido Suede Pena \u00e9 bom?<\/h2>\n<p>Esse \u00e9 um dos tecidos para sof\u00e1s mais populares no Brasil, j\u00e1 que \u00e9 um tecido muito diferenciado, sendo uma das primeiras escolhas daqueles que querem fugir dos tecidos lisos tradicionais.<\/p>\n<p>\u00c9 uma das melhores escolhas quando se trata de durabilidade, tradi\u00e7\u00e3o e beleza, sendo amplamente aceito pelo mercado, tornando-o um queridinho dos consumidores.<\/p>\n<p><span style=\"font-size: 130%;\"><em><strong>Outras Caracter\u00edsticas T\u00e9cnicas:<\/strong><\/em><\/span><\/p>\n<p><em>Tecido plano dublado, tecido base constru\u00e7\u00e3o tela, formado por filamentos texturizados de poli\u00e9ster no urdume e trama. Tecido superior malha de urdume formado filamentos lisos de poli\u00e9ster. Acabamento aveludado e efeito de relevo. Tecido com 1,45m de largura, 100% poli\u00e9ster, dublado e boa resist\u00eancia<\/em><\/p>\n<p>Voc\u00ea pode entender muito mais sobre Suede para Sof\u00e1s com os links abaixo:<\/p>\n<p><a href=\"https:\/\/www.tappy.com.br\/blog\/tudo-sobre-tecido-suede\/\">Tudo sobre Tecido Suede<\/a><\/p>\n","protected":false},"excerpt":{"rendered":"<p><strong>Tecido Suede Pena Premium<\/strong> \u00e9 um tecido <span style=\"font-weight: 400;\">para estofados que possui qualidade superior, j\u00e1 que \u00e9 fabricado de forma a deixar sua textura permanente.<\/span><\/p>\n","protected":false},"featured_media":269,"template":"","meta":[],"product_brand":[1108],"product_cat":[21,20],"product_tag":[22,23,39,24,25,26,27,28,40,41],"class_list":{"0":"post-45","1":"product","2":"type-product","3":"status-publish","4":"has-post-thumbnail","6":"product_brand-tappy","7":"product_cat-tecido-suede-para-sofas","8":"product_cat-tecidos-para-sofas","9":"product_tag-suede","10":"product_tag-suede-para-sofas","11":"product_tag-suede-pena","12":"product_tag-tecido-para-estofados","13":"product_tag-tecido-para-sofas","14":"product_tag-tecido-suede","15":"product_tag-tecido-texturizado","16":"product_tag-tecidos-tappy","17":"product_tag-veludo","18":"product_tag-veludo-macio","19":"product_shipping_class-brasil","20":"pa_acabamento-tecido-liso","21":"pa_acabamento-tecido-pet-friendly","22":"pa_acabamento-tecido-texturizado","23":"pa_cores-de-tecidos-azul-oceano","24":"pa_cores-de-tecidos-bege-areia","25":"pa_cores-de-tecidos-bege-funghi","26":"pa_cores-de-tecidos-bege-shitake","27":"pa_cores-de-tecidos-branco-bruma","28":"pa_cores-de-tecidos-cinza-ferro","29":"pa_cores-de-tecidos-marrom-chocolate","30":"pa_cores-de-tecidos-marrom-pinha","31":"pa_cores-de-tecidos-marrom-tabaco","32":"pa_cores-de-tecidos-marrom-taupe","33":"pa_cores-de-tecidos-vermelho","34":"tm-no-options","36":"first","37":"instock","38":"shipping-taxable","39":"purchasable","40":"product-type-variable"},"_links":{"self":[{"href":"https:\/\/www.tappy.com.br\/empresas\/wp-json\/wp\/v2\/product\/45","targetHints":{"allow":["GET"]}}],"collection":[{"href":"https:\/\/www.tappy.com.br\/empresas\/wp-json\/wp\/v2\/product"}],"about":[{"href":"https:\/\/www.tappy.com.br\/empresas\/wp-json\/wp\/v2\/types\/product"}],"wp:featuredmedia":[{"embeddable":true,"href":"https:\/\/www.tappy.com.br\/empresas\/wp-json\/wp\/v2\/media\/269"}],"wp:attachment":[{"href":"https:\/\/www.tappy.com.br\/empresas\/wp-json\/wp\/v2\/media?parent=45"}],"wp:term":[{"taxonomy":"product_brand","embeddable":true,"href":"https:\/\/www.tappy.com.br\/empresas\/wp-json\/wp\/v2\/product_brand?post=45"},{"taxonomy":"product_cat","embeddable":true,"href":"https:\/\/www.tappy.com.br\/empresas\/wp-json\/wp\/v2\/product_cat?post=45"},{"taxonomy":"product_tag","embeddable":true,"href":"https:\/\/www.tappy.com.br\/empresas\/wp-json\/wp\/v2\/product_tag?post=45"}],"curies":[{"name":"wp","href":"https:\/\/api.w.org\/{rel}","templated":true}]}}