{"id":431,"date":"2024-03-26T10:10:50","date_gmt":"2024-03-26T13:10:50","guid":{"rendered":"https:\/\/www.tappy.com.br\/empresas\/?post_type=product&#038;p=431"},"modified":"2026-05-06T07:11:40","modified_gmt":"2026-05-06T10:11:40","slug":"tecido-impermeavel-ecotec-pets-fiama-140cm-ecopets","status":"publish","type":"product","link":"https:\/\/www.tappy.com.br\/empresas\/p\/tecido-impermeavel-ecotec-pets-fiama-140cm-ecopets\/","title":{"rendered":"Tecido Imperme\u00e1vel Ecotec\u00ae Pets Fiama 140cm &#8211; Ecopets"},"content":{"rendered":"<h2>O que \u00e9 Tecido para Pets Ecopets\u00ae?<\/h2>\n<p>O Tecido Imperme\u00e1vel Ecotec\u00ae Pets foi desenvolvido pensando em nossas amigos de 4 patas, uma inovac\u0327a\u0303o assinada pela Fiama. Ele utiliza equipamentos de u\u0301ltima gerac\u0327a\u0303o e, claro \u00e9 composto por fibras de algoda\u0303o de fontes 100% sustenta\u0301veis com foco em conscie\u0302ncia ambiental.<\/p>\n<p>A colec\u0327a\u0303o Ecotec\u00ae 2021, mante\u0301m seu estilo com cores e estampas que valorizam toda a decorac\u0327a\u0303o. Os geome\u0301tricos modernos e multicoloridos, compo\u0303em perfeitamente com as estampas de folhagens. Os florais ganharam fundo com textura de linho, que ficam ainda mais incri\u0301veis quando combinados com os lisos texturizados, estampas u\u0301nicas e exclusivas Fiama.<\/p>\n<p>Esse Tecido Imperme\u00e1vel utiliza algod\u00e3o de fontes sustent\u00e1veis, com lindas cores e estampas. Fabricado pela Fiama com um rigoroso controle de qualidade e certificado com ISO 9001.<\/p>\n<h3><span style=\"font-size: 115%;\">Onde us\u00e1-lo?<\/span><\/h3>\n<p>Ecotec possui acabamento que confere maior resiste\u0302ncia das cores e repele\u0302ncia a\u0300 a\u0301gua, sendo indicado para mo\u0301veis de a\u0301rea externa, desde que se tome os cuidados abaixo.<\/p>\n<p>Esse tecido imperme\u00e1vel \u00e9 boa parte composto de algod\u00e3o, uma mat\u00e9ria prima capaz deix\u00e1-lo muito arejado. Isso permite a aplica\u00e7\u00e3o do Ecotec\u00ae tamb\u00e9m em m\u00f3veis de \u00e1rea interna, que eventualmente precise de um acabamento mais resistente e que possa aproveitar de todas as vantagens tecnol\u00f3gicas dele.<\/p>\n<h3><span style=\"font-size: 115%;\">Tecido Ecotec Imperme\u00e1vel \u00e9 bom?<\/span><\/h3>\n<p>Esse produto possui cores que combinam com qualquer ambiente, seu acabamento imperme\u00e1vel o torna incrivelmente resistente. Com seu design incr\u00edvel e excelente custo benef\u00edcio esse tecido \u00e9 perfeito para trazer eleg\u00e2ncia e funcionalidade seja para seu ambiente externo e tamb\u00e9m interno.<\/p>\n<h4><span style=\"font-size: 150%;\">Cuidados e manuten\u00e7\u00e3o do seu Tecido Ecotec\u00ae:<\/span><\/h4>\n<ol>\n<li>N\u00e3o deixar seu tecido exposto continuamente \u00e0s condi\u00e7\u00f5es clim\u00e1ticas como sol, chuva e umidade excessiva. Assim, evita-se a forma\u00e7\u00e3o de manchas de bolor e perda de resist\u00eancia do tecido;<\/li>\n<li>Limpar diariamente a superf\u00edcie do tecido, com pano umedecido em \u00e1gua na temperatura ambiente e deixar secar;<\/li>\n<li>Para manchas superficiais de li\u0301quidos aquosos ou oleosos, limpe o tecido com um pano macio u\u0301mido ou esponja na\u0303o abrasiva com detergente neutro, seguido de pano seco. Evite esfregar a sujeira para na\u0303o fixa\u0301-la no tecido;<\/li>\n<li>Eliminar sujeiras acidentais com pano limpo, esponjado ou papel absorvente, sem comprimir para dentro do tecido. Ap\u00f3s a limpeza, n\u00e3o armazena-lo em local \u00famido;<\/li>\n<li>Aplicar o tecido somente sobre espuma e madeira totalmente tratada com antimofo;<\/li>\n<li>Aplicar ilhoses na parte inferior das almofadas, como forma de escape de ar e umidade;<\/li>\n<li>Utilizar agulhas finas e linhas de poli\u00e9ster nas costura e, de prefer\u00eancia, fazer costura dupla;<\/li>\n<li>N\u00e3o utilizar produtos abrasivos, como escovas com cerdas, jatos de \u00e1gua, esponjas abrasivas ou produtos qu\u00edmicos (alcalinos e clorados), tais como detergentes em p\u00f3, solventes, cloro e outros.<\/li>\n<\/ol>\n<p>Gostaria de entender ainda mais sobre fabricantes de tecidos imperme\u00e1veis? Que tal dar uma olhada no site da Tecidos Fiama abaixo?<\/p>\n<p><a title=\"Fiama Empresa\" href=\"https:\/\/fiama.com.br\/empresa-2\/\" rel=\"noopener\">Fiama Empresa<\/a><\/p>\n","protected":false},"excerpt":{"rendered":"<p><strong>O Tecido Ecotec\u00ae Pets<\/strong> possui lindas cores e estampas com tema Pets. \u00c9 imperme\u00e1vel e utiliza algod\u00e3o de fontes sustent\u00e1veis. <a href=\"#vantagens\">Veja outras vantagens.<\/a><\/p>\n","protected":false},"featured_media":1025,"template":"","meta":[],"product_brand":[1198,1196],"product_cat":[369,368,20,374],"product_tag":[378,370,371,375,52,53,372,376,24,25,609,377],"class_list":{"0":"post-431","1":"product","2":"type-product","3":"status-publish","4":"has-post-thumbnail","6":"product_brand-ecotec","7":"product_brand-tecidos-fiama","8":"product_cat-tecido-impermeavel-para-sofas","9":"product_cat-tecido-gorgurao","10":"product_cat-tecidos-para-sofas","11":"product_cat-tecidos-sustentaveis-para-sofas","12":"product_tag-tecido","13":"product_tag-tecido-algodao","14":"product_tag-tecido-area-externa","15":"product_tag-tecido-ecotec","16":"product_tag-tecido-estampado","17":"product_tag-tecido-estampado-para-sofas","18":"product_tag-tecido-impermeabilizado","19":"product_tag-tecido-impermeavel","20":"product_tag-tecido-para-estofados","21":"product_tag-tecido-para-sofas","22":"product_tag-tecido-pet","23":"product_tag-tecidos-fiama","24":"product_shipping_class-brasil","25":"pa_acabamento-impermeavel-a-substancias-aquosas","26":"pa_acabamento-tecido-anti-uv","27":"pa_acabamento-tecido-ecologico-","28":"pa_acabamento-tecido-impermeavel","29":"pa_acabamento-tecido-liso","30":"pa_acabamento-tecido-pet-friendly","31":"pa_cores-de-tecidos-cachorrinhos-azuis","32":"pa_cores-de-tecidos-cachorrinhos-bege-fendi","33":"pa_cores-de-tecidos-gatos-azuis","34":"pa_cores-de-tecidos-gatos-laranjas","35":"pa_cores-de-tecidos-ossinhos-fundo-azul-petroleo","36":"pa_cores-de-tecidos-ossinhos-fundo-cinza","37":"pa_cores-de-tecidos-ossinhos-fundo-marrom","38":"pa_cores-de-tecidos-patinhas-coloridas","39":"pa_cores-de-tecidos-pets-fundo-bege","40":"pa_cores-de-tecidos-pets-fundo-cinza","41":"pa_cores-de-tecidos-quadriculado-cinza","42":"tm-no-options","44":"first","45":"instock","46":"shipping-taxable","47":"purchasable","48":"product-type-variable"},"_links":{"self":[{"href":"https:\/\/www.tappy.com.br\/empresas\/wp-json\/wp\/v2\/product\/431","targetHints":{"allow":["GET"]}}],"collection":[{"href":"https:\/\/www.tappy.com.br\/empresas\/wp-json\/wp\/v2\/product"}],"about":[{"href":"https:\/\/www.tappy.com.br\/empresas\/wp-json\/wp\/v2\/types\/product"}],"wp:featuredmedia":[{"embeddable":true,"href":"https:\/\/www.tappy.com.br\/empresas\/wp-json\/wp\/v2\/media\/1025"}],"wp:attachment":[{"href":"https:\/\/www.tappy.com.br\/empresas\/wp-json\/wp\/v2\/media?parent=431"}],"wp:term":[{"taxonomy":"product_brand","embeddable":true,"href":"https:\/\/www.tappy.com.br\/empresas\/wp-json\/wp\/v2\/product_brand?post=431"},{"taxonomy":"product_cat","embeddable":true,"href":"https:\/\/www.tappy.com.br\/empresas\/wp-json\/wp\/v2\/product_cat?post=431"},{"taxonomy":"product_tag","embeddable":true,"href":"https:\/\/www.tappy.com.br\/empresas\/wp-json\/wp\/v2\/product_tag?post=431"}],"curies":[{"name":"wp","href":"https:\/\/api.w.org\/{rel}","templated":true}]}}