{"id":430,"date":"2024-03-26T10:10:50","date_gmt":"2024-03-26T13:10:50","guid":{"rendered":"https:\/\/www.tappy.com.br\/empresas\/?post_type=product&#038;p=430"},"modified":"2026-03-31T08:03:11","modified_gmt":"2026-03-31T11:03:11","slug":"tecido-impermeavel-ecotec-geometricos-fiama-140cm","status":"publish","type":"product","link":"https:\/\/www.tappy.com.br\/empresas\/p\/tecido-impermeavel-ecotec-geometricos-fiama-140cm\/","title":{"rendered":"Tecido Imperme\u00e1vel Ecotec\u00ae Geom\u00e9tricos Fiama 140cm"},"content":{"rendered":"<h2>O que \u00e9 Tecido Ecotec?<\/h2>\n<p>O Tecido Imperme\u00e1vel Ecotec\u00ae foi desenvolvido pensando na natureza, por isso \u00e9 composto por fibras de algoda\u0303o de fontes 100% sustenta\u0301veis. Uma inovac\u0327a\u0303o assinada pela Fiama, que utiliza equipamentos de u\u0301ltima gerac\u0327a\u0303o e, claro, sua conscie\u0302ncia ambiental.<\/p>\n<p>A colec\u0327a\u0303o Ecotec\u00ae 2021, mante\u0301m seu estilo com cores e estampas que valorizam toda a decorac\u0327a\u0303o. Os geome\u0301tricos modernos e multicoloridos, compo\u0303em perfeitamente com as estampas de folhagens. Os florais ganharam fundo com textura de linho, que ficam ainda mais incri\u0301veis quando combinados com os lisos texturizados, estampas u\u0301nicas e exclusivas Fiama.<\/p>\n<p>Esse Tecido Imperme\u00e1vel utiliza algod\u00e3o de fontes sustent\u00e1veis, com lindas cores e estampas. Fabricado pela Fiama com um rigoroso controle de qualidade e certificado com ISO 9001.<\/p>\n<h3><span style=\"font-size: 115%;\">Onde us\u00e1-lo?<\/span><\/h3>\n<p>Ecotec possui acabamento que confere maior resiste\u0302ncia das cores e repele\u0302ncia a\u0300 a\u0301gua, sendo indicado para mo\u0301veis de a\u0301rea externa, desde que se tome os cuidados abaixo.<\/p>\n<p>Esse tecido imperme\u00e1vel \u00e9 boa parte composto de algod\u00e3o, uma mat\u00e9ria prima capaz deix\u00e1-lo muito arejado. Isso permite a aplica\u00e7\u00e3o do Ecotec\u00ae tamb\u00e9m em m\u00f3veis de \u00e1rea interna, que eventualmente precise de um acabamento mais resistente e que possa aproveitar de todas as vantagens tecnol\u00f3gicas dele.<\/p>\n<h3><span style=\"font-size: 115%;\">Tecido Ecotec Fiama Imperme\u00e1vel \u00e9 bom?<\/span><\/h3>\n<p>Esse produto possui cores que combinam com qualquer ambiente, seu acabamento imperme\u00e1vel o torna incrivelmente resistente. Com seu design incr\u00edvel e excelente custo benef\u00edcio esse tecido \u00e9 perfeito para trazer eleg\u00e2ncia e funcionalidade seja para seu ambiente externo e tamb\u00e9m interno.<\/p>\n<h4><span style=\"font-size: 150%;\">Cuidados e manuten\u00e7\u00e3o do seu Tecido Ecotec\u00ae:<\/span><\/h4>\n<ol>\n<li>N\u00e3o deixar seu tecido exposto continuamente \u00e0s condi\u00e7\u00f5es clim\u00e1ticas como sol, chuva e umidade excessiva. Assim, evita-se a forma\u00e7\u00e3o de manchas de bolor e perda de resist\u00eancia do tecido;<\/li>\n<li>Limpar diariamente a superf\u00edcie do tecido, com pano umedecido em \u00e1gua na temperatura ambiente e deixar secar;<\/li>\n<li>Para manchas superficiais de li\u0301quidos aquosos ou oleosos, limpe o tecido com um pano macio u\u0301mido ou esponja na\u0303o abrasiva com detergente neutro, seguido de pano seco. Evite esfregar a sujeira para na\u0303o fixa\u0301-la no tecido;<\/li>\n<li>Eliminar sujeiras acidentais com pano limpo, esponjado ou papel absorvente, sem comprimir para dentro do tecido. Ap\u00f3s a limpeza, n\u00e3o armazena-lo em local \u00famido;<\/li>\n<li>Aplicar o tecido somente sobre espuma e madeira totalmente tratada com antimofo;<\/li>\n<li>Aplicar ilhoses na parte inferior das almofadas, como forma de escape de ar e umidade;<\/li>\n<li>Utilizar agulhas finas e linhas de poli\u00e9ster nas costura e, de prefer\u00eancia, fazer costura dupla;<\/li>\n<li>N\u00e3o utilizar produtos abrasivos, como escovas com cerdas, jatos de \u00e1gua, esponjas abrasivas ou produtos qu\u00edmicos (alcalinos e clorados), tais como detergentes em p\u00f3, solventes, cloro e outros.<\/li>\n<\/ol>\n<p>Gostaria de entender ainda mais sobre Tecido Imperme\u00e1vel Fiama? Que tal dar uma olhada no site da Tecidos Fiama abaixo?<\/p>\n<p><a title=\"Fiama Empresa\" href=\"https:\/\/fiama.com.br\/empresa-2\/\" rel=\"noopener\">Fiama Empresa<\/a><\/p>\n","protected":false},"excerpt":{"rendered":"<p><strong>O Tecido Ecotec\u00ae Geom\u00e9trico<\/strong>\u00a0possui lindas cores e estampas com tema geom\u00e9trico. \u00c9 imperme\u00e1vel e utiliza algod\u00e3o de fontes sustent\u00e1veis. <a href=\"#vantagens\">Veja outras vantagens.<\/a><\/p>\n","protected":false},"featured_media":1019,"template":"","meta":[],"product_brand":[1198,1196],"product_cat":[369,368,20,374],"product_tag":[378,370,371,375,52,53,372,377],"class_list":{"0":"post-430","1":"product","2":"type-product","3":"status-publish","4":"has-post-thumbnail","6":"product_brand-ecotec","7":"product_brand-tecidos-fiama","8":"product_cat-tecido-impermeavel-para-sofas","9":"product_cat-tecido-gorgurao","10":"product_cat-tecidos-para-sofas","11":"product_cat-tecidos-sustentaveis-para-sofas","12":"product_tag-tecido","13":"product_tag-tecido-algodao","14":"product_tag-tecido-area-externa","15":"product_tag-tecido-ecotec","16":"product_tag-tecido-estampado","17":"product_tag-tecido-estampado-para-sofas","18":"product_tag-tecido-impermeabilizado","19":"product_tag-tecidos-fiama","20":"product_shipping_class-brasil","21":"pa_acabamento-impermeavel-a-substancias-aquosas","22":"pa_acabamento-tecido-anti-uv","23":"pa_acabamento-tecido-ecologico-","24":"pa_acabamento-tecido-estampado","25":"pa_acabamento-tecido-impermeavel","26":"pa_acabamento-tecido-liso","27":"pa_acabamento-tecido-pet-friendly","28":"pa_cores-de-tecidos-abstrato-marrom","29":"pa_cores-de-tecidos-abstrato-rosa","30":"pa_cores-de-tecidos-abstrato-verde","31":"pa_cores-de-tecidos-listrado-amarelo","32":"pa_cores-de-tecidos-listrado-verde-agua","33":"pa_cores-de-tecidos-listrado-vermelho-terracota","34":"pa_cores-de-tecidos-mosaico-laranja","35":"pa_cores-de-tecidos-mosaico-verde","36":"pa_cores-de-tecidos-mosaico-verde-esmeralda","37":"pa_cores-de-tecidos-poligonos-amarelo","38":"pa_cores-de-tecidos-poligonos-coloridos","39":"pa_cores-de-tecidos-poligonos-verde","40":"pa_cores-de-tecidos-runas-azul-escuro","41":"pa_cores-de-tecidos-runas-preto","42":"pa_cores-de-tecidos-runas-verde-escuro","43":"pa_cores-de-tecidos-trigonal-amarelo","44":"pa_cores-de-tecidos-trigonal-azul-petroleo","45":"pa_cores-de-tecidos-trigonal-vermelho","46":"tm-no-options","48":"first","49":"instock","50":"shipping-taxable","51":"purchasable","52":"product-type-variable"},"_links":{"self":[{"href":"https:\/\/www.tappy.com.br\/empresas\/wp-json\/wp\/v2\/product\/430","targetHints":{"allow":["GET"]}}],"collection":[{"href":"https:\/\/www.tappy.com.br\/empresas\/wp-json\/wp\/v2\/product"}],"about":[{"href":"https:\/\/www.tappy.com.br\/empresas\/wp-json\/wp\/v2\/types\/product"}],"wp:featuredmedia":[{"embeddable":true,"href":"https:\/\/www.tappy.com.br\/empresas\/wp-json\/wp\/v2\/media\/1019"}],"wp:attachment":[{"href":"https:\/\/www.tappy.com.br\/empresas\/wp-json\/wp\/v2\/media?parent=430"}],"wp:term":[{"taxonomy":"product_brand","embeddable":true,"href":"https:\/\/www.tappy.com.br\/empresas\/wp-json\/wp\/v2\/product_brand?post=430"},{"taxonomy":"product_cat","embeddable":true,"href":"https:\/\/www.tappy.com.br\/empresas\/wp-json\/wp\/v2\/product_cat?post=430"},{"taxonomy":"product_tag","embeddable":true,"href":"https:\/\/www.tappy.com.br\/empresas\/wp-json\/wp\/v2\/product_tag?post=430"}],"curies":[{"name":"wp","href":"https:\/\/api.w.org\/{rel}","templated":true}]}}