{"id":43,"date":"2024-03-26T10:08:34","date_gmt":"2024-03-26T13:08:34","guid":{"rendered":"https:\/\/www.tappy.com.br\/empresas\/?post_type=product&#038;p=43"},"modified":"2025-04-16T17:30:49","modified_gmt":"2025-04-16T20:30:49","slug":"manta-acrilica-de-fibra-siliconada-120g-de-140cm-trisoft","status":"publish","type":"product","link":"https:\/\/www.tappy.com.br\/empresas\/p\/manta-acrilica-de-fibra-siliconada-120g-de-140cm-trisoft\/","title":{"rendered":"Manta Acr\u00edlica de Fibra Siliconada 120g de 140cm Trisoft"},"content":{"rendered":"<h2>O que \u00e9 Manta Acr\u00edlica?<\/h2>\n<p>\u00c9 uma manta produzida com 100% de <a href=\"https:\/\/www.tappy.com.br\/empresas\/p\/fibra-siliconada-oca-sintetica\/\">Fibra Siliconada ocas de poli\u00e9ster<\/a>, essa fibra \u00e9 distribu\u00edda de forma uniforme com o m\u00ednimo de cola poss\u00edvel para que voc\u00ea tenha um material com a textura muito mais macia e dur\u00e1vel.<\/p>\n<p>Esse produto geralmente \u00e9 vendido em gramas por metro quadrado, ou seja, gramatura. Portanto \u00e9 necess\u00e1rio conhecer a marca de proced\u00eancia dessa manta para ter certeza de estar adquirindo um produto de qualidade.<\/p>\n<p>\u00c9 bastante f\u00e1cil fazer uma manta gen\u00e9rica possuir alta gramatura com um pre\u00e7o muito mais acess\u00edvel fazendo adi\u00e7\u00e3o de cola, que \u00e9 muito mais barata que a fibra, no entanto isso \u00e9 algo extremamente ruim para a manta que ao inv\u00e9s de &#8220;ser pesada&#8221; deveria <strong>ser macia<\/strong>.<\/p>\n<h2>Onde us\u00e1-lo?<\/h2>\n<p>Utilizada em patchwork, artesanato, tape\u00e7aria, roupas, bichos de pel\u00facia, casinha de animal e para enchimento de travesseiros e cobertores.<\/p>\n<h2>Manta Siliconada Trisoft \u00e9 boa?<\/h2>\n<p>Os enchimentos para estofados da Tappy s\u00e3o produtos altamente confi\u00e1veis e de primeira linha, sendo se produto da marca Trisoft o material de refer\u00eancia para outras mantas siliconadas. Portanto d\u00ea prefer\u00eancia a mantas siliconadas como essa.<\/p>\n<p>(O produto ser\u00e1 dobrado para envio)<\/p>\n","protected":false},"excerpt":{"rendered":"<p><strong>Manta Acr\u00edlica de 120g<\/strong> para Estofados. \u00c9 usada para nivelamento e enchimento de superf\u00edcies, fornecendo maciez e melhor aspecto &#8220;estofado&#8221;.<\/p>\n","protected":false},"featured_media":103,"template":"","meta":[],"product_brand":[],"product_cat":[50,51],"product_tag":[],"class_list":{"0":"post-43","1":"product","2":"type-product","3":"status-publish","4":"has-post-thumbnail","6":"product_cat-espumas-e-enchimentos","7":"product_cat-manta-acrilica","8":"product_shipping_class-volumetric-weight","9":"tm-no-options","11":"first","12":"outofstock","13":"shipping-taxable","14":"product-type-variable","15":"has-default-attributes"},"_links":{"self":[{"href":"https:\/\/www.tappy.com.br\/empresas\/wp-json\/wp\/v2\/product\/43","targetHints":{"allow":["GET"]}}],"collection":[{"href":"https:\/\/www.tappy.com.br\/empresas\/wp-json\/wp\/v2\/product"}],"about":[{"href":"https:\/\/www.tappy.com.br\/empresas\/wp-json\/wp\/v2\/types\/product"}],"wp:featuredmedia":[{"embeddable":true,"href":"https:\/\/www.tappy.com.br\/empresas\/wp-json\/wp\/v2\/media\/103"}],"wp:attachment":[{"href":"https:\/\/www.tappy.com.br\/empresas\/wp-json\/wp\/v2\/media?parent=43"}],"wp:term":[{"taxonomy":"product_brand","embeddable":true,"href":"https:\/\/www.tappy.com.br\/empresas\/wp-json\/wp\/v2\/product_brand?post=43"},{"taxonomy":"product_cat","embeddable":true,"href":"https:\/\/www.tappy.com.br\/empresas\/wp-json\/wp\/v2\/product_cat?post=43"},{"taxonomy":"product_tag","embeddable":true,"href":"https:\/\/www.tappy.com.br\/empresas\/wp-json\/wp\/v2\/product_tag?post=43"}],"curies":[{"name":"wp","href":"https:\/\/api.w.org\/{rel}","templated":true}]}}