{"id":4288,"date":"2025-11-13T15:40:08","date_gmt":"2025-11-13T18:40:08","guid":{"rendered":"https:\/\/www.tappy.com.br\/empresas\/?post_type=product&#038;p=4288"},"modified":"2026-04-07T10:37:08","modified_gmt":"2026-04-07T13:37:08","slug":"tecido-chenille-jacquard-impermeavel-fogli-varias-cores-140cm","status":"publish","type":"product","link":"https:\/\/www.tappy.com.br\/empresas\/p\/tecido-chenille-jacquard-impermeavel-fogli-varias-cores-140cm\/","title":{"rendered":"Tecido Chenille Jacquard Imperme\u00e1vel Fogli V\u00e1rias Cores 140cm"},"content":{"rendered":"","protected":false},"excerpt":{"rendered":"<p>\u00c9 um tecido imperme\u00e1vel boucl\u00e9 com detalhes em jacquard de fibras mistas, que foi especialmente desenvolvido para estofados que necessitam de muita prote\u00e7\u00e3o contra l\u00edquidos e manchas. <a href=\"#vantagens\">Veja outras vantagens.<\/a><\/p>\n","protected":false},"featured_media":4365,"template":"","meta":[],"product_brand":[1108],"product_cat":[825,369,1208,20],"product_tag":[826,1153,1085,1154,1209,1087,376,1210,1211,24,25,27],"class_list":{"0":"post-4288","1":"product","2":"type-product","3":"status-publish","4":"has-post-thumbnail","6":"product_brand-tappy","7":"product_cat-tecido-chenille-para-sofas","8":"product_cat-tecido-impermeavel-para-sofas","9":"product_cat-tecido-jacquard","10":"product_cat-tecidos-para-sofas","11":"product_tag-boucle","12":"product_tag-boucle-para-estofados","13":"product_tag-chenille","14":"product_tag-chenille-impermeavel","15":"product_tag-jacquard","16":"product_tag-tecido-chenille","17":"product_tag-tecido-impermeavel","18":"product_tag-tecido-jacquard","19":"product_tag-tecido-nautico","20":"product_tag-tecido-para-estofados","21":"product_tag-tecido-para-sofas","22":"product_tag-tecido-texturizado","23":"product_shipping_class-brasil","24":"pa_acabamento-impermeavel-a-substancias-aquosas-e-oleosas","25":"pa_acabamento-tecido-antimancha","26":"pa_acabamento-tecido-impermeavel","27":"pa_acabamento-tecido-texturizado","28":"pa_cores-de-tecidos-azul-marinho","29":"pa_cores-de-tecidos-azul-marinho-mescla-bege","30":"pa_cores-de-tecidos-bege-fendi","31":"pa_cores-de-tecidos-cinza-claro","32":"pa_cores-de-tecidos-verde-floresta","33":"pa_cores-de-tecidos-vermelho-terracota","34":"tm-no-options","36":"first","37":"instock","38":"shipping-taxable","39":"purchasable","40":"product-type-variable"},"_links":{"self":[{"href":"https:\/\/www.tappy.com.br\/empresas\/wp-json\/wp\/v2\/product\/4288","targetHints":{"allow":["GET"]}}],"collection":[{"href":"https:\/\/www.tappy.com.br\/empresas\/wp-json\/wp\/v2\/product"}],"about":[{"href":"https:\/\/www.tappy.com.br\/empresas\/wp-json\/wp\/v2\/types\/product"}],"wp:featuredmedia":[{"embeddable":true,"href":"https:\/\/www.tappy.com.br\/empresas\/wp-json\/wp\/v2\/media\/4365"}],"wp:attachment":[{"href":"https:\/\/www.tappy.com.br\/empresas\/wp-json\/wp\/v2\/media?parent=4288"}],"wp:term":[{"taxonomy":"product_brand","embeddable":true,"href":"https:\/\/www.tappy.com.br\/empresas\/wp-json\/wp\/v2\/product_brand?post=4288"},{"taxonomy":"product_cat","embeddable":true,"href":"https:\/\/www.tappy.com.br\/empresas\/wp-json\/wp\/v2\/product_cat?post=4288"},{"taxonomy":"product_tag","embeddable":true,"href":"https:\/\/www.tappy.com.br\/empresas\/wp-json\/wp\/v2\/product_tag?post=4288"}],"curies":[{"name":"wp","href":"https:\/\/api.w.org\/{rel}","templated":true}]}}