{"id":4286,"date":"2025-11-13T15:40:08","date_gmt":"2025-11-13T18:40:08","guid":{"rendered":"https:\/\/www.tappy.com.br\/empresas\/?post_type=product&#038;p=4286"},"modified":"2026-05-05T18:42:54","modified_gmt":"2026-05-05T21:42:54","slug":"tecido-boucle-jacquard-impermeavel-tracce-varias-cores-140cm","status":"publish","type":"product","link":"https:\/\/www.tappy.com.br\/empresas\/p\/tecido-boucle-jacquard-impermeavel-tracce-varias-cores-140cm\/","title":{"rendered":"Tecido Boucl\u00e9 Jacquard Imperme\u00e1vel Tracce V\u00e1rias Cores 140cm"},"content":{"rendered":"","protected":false},"excerpt":{"rendered":"<p>\u00c9 um tecido imperme\u00e1vel boucl\u00e9 com detalhes em jacquard de fibras mistas, que foi especialmente desenvolvido para estofados que necessitam de muita prote\u00e7\u00e3o contra l\u00edquidos e manchas. <a href=\"#vantagens\">Veja outras vantagens.<\/a><\/p>\n","protected":false},"featured_media":4354,"template":"","meta":[],"product_brand":[1108],"product_cat":[858,369,1208,20],"product_tag":[826,1153,1209,827,1147,376,1210,1211,24,25,27],"class_list":{"0":"post-4286","1":"product","2":"type-product","3":"status-publish","4":"has-post-thumbnail","6":"product_brand-tappy","7":"product_cat-tecido-boucle-para-estofados","8":"product_cat-tecido-impermeavel-para-sofas","9":"product_cat-tecido-jacquard","10":"product_cat-tecidos-para-sofas","11":"product_tag-boucle","12":"product_tag-boucle-para-estofados","13":"product_tag-jacquard","14":"product_tag-tecido-boucle","15":"product_tag-tecido-boucle-impermeavel","16":"product_tag-tecido-impermeavel","17":"product_tag-tecido-jacquard","18":"product_tag-tecido-nautico","19":"product_tag-tecido-para-estofados","20":"product_tag-tecido-para-sofas","21":"product_tag-tecido-texturizado","22":"product_shipping_class-brasil","23":"pa_acabamento-impermeavel-a-substancias-aquosas-e-oleosas","24":"pa_acabamento-tecido-antimancha","25":"pa_acabamento-tecido-impermeavel","26":"pa_acabamento-tecido-texturizado","27":"pa_cores-de-tecidos-azul-marinho","28":"pa_cores-de-tecidos-bege-funghi","29":"pa_cores-de-tecidos-cinza-claro","30":"pa_cores-de-tecidos-verde-floresta","31":"pa_cores-de-tecidos-vermelho-terracota","32":"tm-no-options","34":"first","35":"instock","36":"shipping-taxable","37":"purchasable","38":"product-type-variable"},"_links":{"self":[{"href":"https:\/\/www.tappy.com.br\/empresas\/wp-json\/wp\/v2\/product\/4286","targetHints":{"allow":["GET"]}}],"collection":[{"href":"https:\/\/www.tappy.com.br\/empresas\/wp-json\/wp\/v2\/product"}],"about":[{"href":"https:\/\/www.tappy.com.br\/empresas\/wp-json\/wp\/v2\/types\/product"}],"wp:featuredmedia":[{"embeddable":true,"href":"https:\/\/www.tappy.com.br\/empresas\/wp-json\/wp\/v2\/media\/4354"}],"wp:attachment":[{"href":"https:\/\/www.tappy.com.br\/empresas\/wp-json\/wp\/v2\/media?parent=4286"}],"wp:term":[{"taxonomy":"product_brand","embeddable":true,"href":"https:\/\/www.tappy.com.br\/empresas\/wp-json\/wp\/v2\/product_brand?post=4286"},{"taxonomy":"product_cat","embeddable":true,"href":"https:\/\/www.tappy.com.br\/empresas\/wp-json\/wp\/v2\/product_cat?post=4286"},{"taxonomy":"product_tag","embeddable":true,"href":"https:\/\/www.tappy.com.br\/empresas\/wp-json\/wp\/v2\/product_tag?post=4286"}],"curies":[{"name":"wp","href":"https:\/\/api.w.org\/{rel}","templated":true}]}}