{"id":4284,"date":"2025-11-13T15:40:07","date_gmt":"2025-11-13T18:40:07","guid":{"rendered":"https:\/\/www.tappy.com.br\/empresas\/?post_type=product&#038;p=4284"},"modified":"2026-05-06T10:06:28","modified_gmt":"2026-05-06T13:06:28","slug":"tecido-linho-altair-varias-cores-140cm","status":"publish","type":"product","link":"https:\/\/www.tappy.com.br\/empresas\/p\/tecido-linho-altair-varias-cores-140cm\/","title":{"rendered":"Tecido Linho Alta\u00efr Easy Clean V\u00e1rias Cores 140cm"},"content":{"rendered":"","protected":false},"excerpt":{"rendered":"<p>Linho Altair \u00e9 um tecido com alto padr\u00e3o de qualidade, macio e de trama aparente. Possui um aspecto levemente r\u00fastico, que \u00e9 ideal para decora\u00e7\u00f5es modernas e aconchegantes.<\/p>\n","protected":false},"featured_media":4335,"template":"","meta":[],"product_brand":[1108],"product_cat":[56,20],"product_tag":[57,58,59,60,25,55,302,27,28],"class_list":{"0":"post-4284","1":"product","2":"type-product","3":"status-publish","4":"has-post-thumbnail","6":"product_brand-tappy","7":"product_cat-tecido-linho-para-sofas","8":"product_cat-tecidos-para-sofas","9":"product_tag-linho","10":"product_tag-linho-para-sofas","11":"product_tag-linho-sintetico","12":"product_tag-tecido-linho","13":"product_tag-tecido-para-sofas","14":"product_tag-tecido-poliester","15":"product_tag-tecido-sintetico","16":"product_tag-tecido-texturizado","17":"product_tag-tecidos-tappy","18":"product_shipping_class-brasil","19":"pa_acabamento-tecido-texturizado","20":"pa_acabamento-tecido-tramado","21":"pa_cores-de-tecidos-bege-savana","22":"pa_cores-de-tecidos-branco-bruma","23":"pa_cores-de-tecidos-cinza-claro","24":"pa_cores-de-tecidos-cinza-grafite","25":"pa_cores-de-tecidos-cinza-niquel","26":"pa_cores-de-tecidos-marrom-bison","27":"pa_cores-de-tecidos-off-white-natural","28":"pa_cores-de-tecidos-verde-ciano-escuro","29":"pa_cores-de-tecidos-verde-musgo","30":"pa_cores-de-tecidos-vermelho-terracota","31":"tm-no-options","33":"first","34":"instock","35":"shipping-taxable","36":"purchasable","37":"product-type-variable"},"_links":{"self":[{"href":"https:\/\/www.tappy.com.br\/empresas\/wp-json\/wp\/v2\/product\/4284","targetHints":{"allow":["GET"]}}],"collection":[{"href":"https:\/\/www.tappy.com.br\/empresas\/wp-json\/wp\/v2\/product"}],"about":[{"href":"https:\/\/www.tappy.com.br\/empresas\/wp-json\/wp\/v2\/types\/product"}],"wp:featuredmedia":[{"embeddable":true,"href":"https:\/\/www.tappy.com.br\/empresas\/wp-json\/wp\/v2\/media\/4335"}],"wp:attachment":[{"href":"https:\/\/www.tappy.com.br\/empresas\/wp-json\/wp\/v2\/media?parent=4284"}],"wp:term":[{"taxonomy":"product_brand","embeddable":true,"href":"https:\/\/www.tappy.com.br\/empresas\/wp-json\/wp\/v2\/product_brand?post=4284"},{"taxonomy":"product_cat","embeddable":true,"href":"https:\/\/www.tappy.com.br\/empresas\/wp-json\/wp\/v2\/product_cat?post=4284"},{"taxonomy":"product_tag","embeddable":true,"href":"https:\/\/www.tappy.com.br\/empresas\/wp-json\/wp\/v2\/product_tag?post=4284"}],"curies":[{"name":"wp","href":"https:\/\/api.w.org\/{rel}","templated":true}]}}