{"id":4282,"date":"2025-11-13T15:40:07","date_gmt":"2025-11-13T18:40:07","guid":{"rendered":"https:\/\/www.tappy.com.br\/empresas\/?post_type=product&#038;p=4282"},"modified":"2025-11-13T15:40:28","modified_gmt":"2025-11-13T18:40:28","slug":"enchimento-sintetico-d33-para-assento-de-estofados-50x50x5cm-c-core","status":"publish","type":"product","link":"https:\/\/www.tappy.com.br\/empresas\/p\/enchimento-sintetico-d33-para-assento-de-estofados-50x50x5cm-c-core\/","title":{"rendered":"Enchimento Sint\u00e9tico D33 para Assento de Estofados 50x50x5cm C-CORE"},"content":{"rendered":"<div class=\"row align-equal\"  id=\"row-1839055608\">\n\n\t<div id=\"col-1401004297\" class=\"col small-12 large-12\"  >\n\t\t\t\t<div class=\"col-inner\"  >\n\t\t\t\n\t\t\t\n<h3>O QUE \u00c9 ENCHIMENTO SINT\u00c9TICO?<\/h3>\n<p class=\"lead\">O <strong>C-CORE<\/strong> \u00e9 a nova gera\u00e7\u00e3o de conforto. Uma estrutura tridimensional inovadora, feita de polietileno de alta densidade, que substitui a espuma tradicional com mais efici\u00eancia, higiene e durabilidade.<\/p>\n<p class=\"lead\">Gra\u00e7as \u00e0 sua tecnologia avan\u00e7ada, as placas C-CORE oferecem o mesmo conforto da espuma de poliuretano, mas com muito mais benef\u00edcios:<\/p>\n\t\t<\/div>\n\t\t\t\t\t<\/div>\n\n\t\n\n\t<div id=\"col-1936667487\" class=\"col medium-6 small-12 large-6\"  >\n\t\t\t\t<div class=\"col-inner\"  >\n\t\t\t\n\t\t\t\n<ul>\n<li>\n<p class=\"uppercase\" style=\"text-align: left;\"><span style=\"font-size: 130%;\">Lav\u00e1vel;<\/span><\/p>\n<\/li>\n<li style=\"text-align: left;\">\n<p class=\"uppercase\"><span style=\"font-size: 130%;\">Secagem instant\u00e2nea;<\/span><\/p>\n<\/li>\n<li>\n<p class=\"uppercase\" style=\"text-align: left;\"><span style=\"font-size: 130%;\">Material arejado;<\/span><\/p>\n<\/li>\n<li>\n<p class=\"uppercase\"><span style=\"font-size: 130%;\">N\u00e3o deforma com o uso;<\/span><\/p>\n<\/li>\n<li>\n<p class=\"uppercase\"><span style=\"font-size: 130%;\">Adapta-se completamente ao corpo;<\/span><\/p>\n<\/li>\n<li>\n<p class=\"uppercase\"><span style=\"font-size: 130%;\">Antifungos e Antial\u00e9rgico;<\/span><\/p>\n<\/li>\n<li>\n<p class=\"uppercase\"><span style=\"font-size: 130%;\">Suaviza a press\u00e3o e oferece suporte e conforto ao corpo;<\/span><\/p>\n<\/li>\n<\/ul>\n<hr \/>\n<p><span style=\"font-size: 190%;\"><strong><span class=\"fancy-underline\" style=\"color: #0000ff;\">100%<\/span><\/strong> RECICL\u00c1VEL<\/span><\/p>\n<p class=\"uppercase\"><span style=\"font-size: 190%;\">resistente \u00e0<\/span>\u00a0\u00a0<strong><span style=\"font-size: 170%;\"><span class=\"fancy-underline\"><span style=\"color: #0000ff;\">qualquer condi\u00e7\u00e3o clim\u00e1tica<\/span><\/span><\/span><\/strong><\/p>\n\t\t<\/div>\n\t\t\t\t\t<\/div>\n\n\t\n\n\t<div id=\"col-570432662\" class=\"col medium-6 small-12 large-6\"  >\n\t\t\t\t<div class=\"col-inner\"  >\n\t\t\t\n\t\t\t\n<h3>INOVA\u00c7\u00c3O<\/h3>\n<p>O <strong>C-CORE<\/strong> \u00e9 uma estrutura tridimensional formada por extrus\u00e3o de uma resina especial. Com superf\u00edcie confort\u00e1vel, constitui um material arejado que impede a prolifera\u00e7\u00e3o de bact\u00e9rias e outros microrganismos.<\/p>\n<p>Os produtos fabricados com material 100% polietileno podem ser reciclados ap\u00f3s o uso e retornam \u00e0 cadeia produtiva como mat\u00e9ria-prima 100% recicl\u00e1vel.<\/p>\n<hr \/>\n<h3>SA\u00daDE<\/h3>\n<p>A estrutura ergon\u00f4mica corrige a postura e garante o alinhamento da coluna, prevenindo dores. Al\u00e9m disso, o colch\u00e3o adapta-se ao corpo, distribuindo melhor a press\u00e3o.<\/p>\n<p>Os enchimentos sint\u00e9ticos s\u00e3o resistentes \u00e0 umidade. Devido ao alto n\u00edvel de respirabilidade, o produto \u00e9 ideal para pessoas com erup\u00e7\u00f5es cut\u00e2neas ou les\u00f5es por press\u00e3o.<\/p>\n<hr \/>\n<h3>MOBILI\u00c1RIO<\/h3>\n<p class=\"p2\">Os m\u00f3veis em \u00e1reas externas s\u00e3o essenciais para deixar o ambiente agrad\u00e1vel e funcional.<\/p>\n<p class=\"p2\">Varandas, jardins e \u00e1reas de piscina precisam de acess\u00f3rios que, al\u00e9m de conforto, tragam praticidade e resist\u00eancia. Para isso, \u00e9 essencial que eles sejam desenvolvidos com materiais que suportem as mais diferentes varia\u00e7\u00f5es de clima, como exposi\u00e7\u00f5es ao sol e \u00e0 chuva.<\/p>\n<p class=\"p2\">Lav\u00e1veis, com alta permeabilidade e secagem r\u00e1pida, os produtos <strong>C-CORE<\/strong> podem ser amplamente usados na produ\u00e7\u00e3o de m\u00f3veis para \u00e1reas externas.<\/p>\n\t\t<\/div>\n\t\t\t\t\t<\/div>\n\n\t\n\n\t<div id=\"col-1738852912\" class=\"col small-12 large-12\"  >\n\t\t\t\t<div class=\"col-inner\"  >\n\t\t\t\n\t\t\t\n<h3 class=\"uppercase\">Desenvolvido em parceria com as empresas:<\/h3>\n<div class=\"is-divider divider clearfix\" ><\/div>\n\t<div class=\"img has-hover x md-x lg-x y md-y lg-y\" id=\"image_1036451801\">\n\t\t\t\t\t\t\t\t<div class=\"img-inner dark\" >\n\t\t\t\t\t\t\t\t\t\n\t\t\t\t\t<\/div>\n\t\t\t\t\t\t\t\t\n<style>\n#image_1036451801 {\n  width: 60%;\n}\n<\/style>\n\t<\/div>\n\t\n\t\t<\/div>\n\t\t\t\t\t<\/div>\n\n\t\n<\/div>\n","protected":false},"excerpt":{"rendered":"<p>Enchimento Sint\u00e9tico D33 para Assento de Estofados de 50x50x5cm, com laudo de eficiencia aprovado pela UFMG.<\/p>\n","protected":false},"featured_media":4332,"template":"","meta":[],"product_brand":[1172],"product_cat":[1203,50],"product_tag":[1204,1205,1206,1207,491,487],"class_list":{"0":"post-4282","1":"product","2":"type-product","3":"status-publish","4":"has-post-thumbnail","6":"product_brand-c-core","7":"product_cat-enchimento-sintetico","8":"product_cat-espumas-e-enchimentos","9":"product_tag-enchimento-hipoalergenico","10":"product_tag-enchimento-impermeavel","11":"product_tag-enchimento-lavavel","12":"product_tag-enchimento-sintetico","13":"product_tag-espuma-para-colchao","14":"product_tag-espuma-retangular","15":"product_shipping_class-volumetric-weight","16":"tm-no-options","18":"first","19":"onbackorder","20":"shipping-taxable","21":"purchasable","22":"product-type-simple"},"_links":{"self":[{"href":"https:\/\/www.tappy.com.br\/empresas\/wp-json\/wp\/v2\/product\/4282","targetHints":{"allow":["GET"]}}],"collection":[{"href":"https:\/\/www.tappy.com.br\/empresas\/wp-json\/wp\/v2\/product"}],"about":[{"href":"https:\/\/www.tappy.com.br\/empresas\/wp-json\/wp\/v2\/types\/product"}],"wp:featuredmedia":[{"embeddable":true,"href":"https:\/\/www.tappy.com.br\/empresas\/wp-json\/wp\/v2\/media\/4332"}],"wp:attachment":[{"href":"https:\/\/www.tappy.com.br\/empresas\/wp-json\/wp\/v2\/media?parent=4282"}],"wp:term":[{"taxonomy":"product_brand","embeddable":true,"href":"https:\/\/www.tappy.com.br\/empresas\/wp-json\/wp\/v2\/product_brand?post=4282"},{"taxonomy":"product_cat","embeddable":true,"href":"https:\/\/www.tappy.com.br\/empresas\/wp-json\/wp\/v2\/product_cat?post=4282"},{"taxonomy":"product_tag","embeddable":true,"href":"https:\/\/www.tappy.com.br\/empresas\/wp-json\/wp\/v2\/product_tag?post=4282"}],"curies":[{"name":"wp","href":"https:\/\/api.w.org\/{rel}","templated":true}]}}