{"id":4281,"date":"2025-11-13T15:40:07","date_gmt":"2025-11-13T18:40:07","guid":{"rendered":"https:\/\/www.tappy.com.br\/empresas\/?post_type=product&#038;p=4281"},"modified":"2025-11-13T15:40:26","modified_gmt":"2025-11-13T18:40:26","slug":"enchimento-sintetico-d28-colchao-de-bebe-70x130x10cm-c-core","status":"publish","type":"product","link":"https:\/\/www.tappy.com.br\/empresas\/p\/enchimento-sintetico-d28-colchao-de-bebe-70x130x10cm-c-core\/","title":{"rendered":"Enchimento Sint\u00e9tico D28 Colch\u00e3o de Beb\u00ea 70x130x10cm C-CORE"},"content":{"rendered":"<div class=\"row align-equal\"  id=\"row-255469399\">\n\n\t<div id=\"col-825371447\" class=\"col small-12 large-12\"  >\n\t\t\t\t<div class=\"col-inner\"  >\n\t\t\t\n\t\t\t\n<h3>O QUE \u00c9 ENCHIMENTO SINT\u00c9TICO?<\/h3>\n<p class=\"lead\">O <strong>C-CORE<\/strong> \u00e9 a nova gera\u00e7\u00e3o de conforto. Uma estrutura tridimensional inovadora, feita de polietileno de alta densidade, que substitui a espuma tradicional com mais efici\u00eancia, higiene e durabilidade.<\/p>\n<p class=\"lead\">Gra\u00e7as \u00e0 sua tecnologia avan\u00e7ada, as placas C-CORE oferecem o mesmo conforto da espuma de poliuretano, mas com muito mais benef\u00edcios:<\/p>\n\t\t<\/div>\n\t\t\t\t\t<\/div>\n\n\t\n\n\t<div id=\"col-1407525667\" class=\"col medium-6 small-12 large-6\"  >\n\t\t\t\t<div class=\"col-inner\"  >\n\t\t\t\n\t\t\t\n<ul>\n<li>\n<p class=\"uppercase\" style=\"text-align: left;\"><span style=\"font-size: 130%;\">Lav\u00e1vel;<\/span><\/p>\n<\/li>\n<li style=\"text-align: left;\">\n<p class=\"uppercase\"><span style=\"font-size: 130%;\">Secagem instant\u00e2nea;<\/span><\/p>\n<\/li>\n<li>\n<p class=\"uppercase\" style=\"text-align: left;\"><span style=\"font-size: 130%;\">Material arejado;<\/span><\/p>\n<\/li>\n<li>\n<p class=\"uppercase\"><span style=\"font-size: 130%;\">N\u00e3o deforma com o uso;<\/span><\/p>\n<\/li>\n<li>\n<p class=\"uppercase\"><span style=\"font-size: 130%;\">Adapta-se completamente ao corpo;<\/span><\/p>\n<\/li>\n<li>\n<p class=\"uppercase\"><span style=\"font-size: 130%;\">Antifungos e Antial\u00e9rgico;<\/span><\/p>\n<\/li>\n<li>\n<p class=\"uppercase\"><span style=\"font-size: 130%;\">Suaviza a press\u00e3o e oferece suporte e conforto ao corpo;<\/span><\/p>\n<\/li>\n<\/ul>\n<hr \/>\n<p><span style=\"font-size: 190%;\"><strong><span class=\"fancy-underline\" style=\"color: #0000ff;\">100%<\/span><\/strong> RECICL\u00c1VEL<\/span><\/p>\n<p><span style=\"font-size: 190%;\">SONO TRANQUILO E <strong><span class=\"fancy-underline\" style=\"color: #0000ff;\">SEM RISCO DE SUFOCAMENTO<\/span><\/strong><\/span><\/p>\n\t\t<\/div>\n\t\t\t\t\t<\/div>\n\n\t\n\n\t<div id=\"col-2039494057\" class=\"col medium-6 small-12 large-6\"  >\n\t\t\t\t<div class=\"col-inner\"  >\n\t\t\t\n\t\t\t\n<p><span style=\"font-size: 150%;\"><strong>O colch\u00e3o \u00e9 composto por uma l\u00e2mina de 70 \u00d7 130 \u00d7 10 cm<\/strong><\/span><\/p>\n<hr \/>\n<h3>INOVA\u00c7\u00c3O<\/h3>\n<p>O <strong>C-CORE<\/strong> \u00e9 uma estrutura tridimensional formada por extrus\u00e3o de uma resina especial. Com superf\u00edcie confort\u00e1vel, constitui um material arejado que impede a prolifera\u00e7\u00e3o de bact\u00e9rias e outros microrganismos.<\/p>\n<p>Os produtos fabricados com material 100% polietileno podem ser reciclados ap\u00f3s o uso e retornam \u00e0 cadeia produtiva como mat\u00e9ria-prima 100% recicl\u00e1vel.<\/p>\n<hr\/>\n<h3>SA\u00daDE<\/h3>\n<p>A estrutura ergon\u00f4mica corrige a postura e garante o alinhamento da coluna, prevenindo dores. Al\u00e9m disso, o colch\u00e3o adapta-se ao corpo, distribuindo melhor a press\u00e3o.<\/p>\n<p>Os enchimentos sint\u00e9ticos s\u00e3o resistentes \u00e0 umidade. Devido ao alto n\u00edvel de respirabilidade, o produto \u00e9 ideal para pessoas com erup\u00e7\u00f5es cut\u00e2neas ou les\u00f5es por press\u00e3o.<\/p>\n<hr\/>\n<h3>COLCH\u00d5ES PARA BEB\u00caS<\/h3>\n<p>Os produtos <strong>C-CORE<\/strong> s\u00e3o ideais para beb\u00eas, pois s\u00e3o totalmente lav\u00e1veis e podem ser reutilizados logo ap\u00f3s a lavagem, gra\u00e7as \u00e0 secagem r\u00e1pida. Al\u00e9m disso, sua estrutura em forma de rede, composta por fibras de resina termopl\u00e1stica, resolve uma preocupa\u00e7\u00e3o comum: o risco de sufocamento quando o beb\u00ea dorme de bru\u00e7os.<\/p>\n<p>O material \u00e9 hipoalerg\u00eanico e n\u00e3o libera gases ou subst\u00e2ncias qu\u00edmicas t\u00f3xicas \u00e0 sa\u00fade do beb\u00ea. <em data-start=\"1369\" data-end=\"1468\">(\u00c9 importante destacar que o tecido de revestimento tamb\u00e9m deve ser hipoalerg\u00eanico e respir\u00e1vel.)<\/em><\/p>\n\t\t<\/div>\n\t\t\t\t\t<\/div>\n\n\t\n\n\t<div id=\"col-1904473300\" class=\"col small-12 large-12\"  >\n\t\t\t\t<div class=\"col-inner\"  >\n\t\t\t\n\t\t\t\n<h3 class=\"uppercase\">Desenvolvido em parceria com as empresas:<\/h3>\n<div class=\"is-divider divider clearfix\" ><\/div>\n\t<div class=\"img has-hover x md-x lg-x y md-y lg-y\" id=\"image_104747986\">\n\t\t\t\t\t\t\t\t<div class=\"img-inner dark\" >\n\t\t\t\t\t\t\t\t\t\n\t\t\t\t\t<\/div>\n\t\t\t\t\t\t\t\t\n<style>\n#image_104747986 {\n  width: 60%;\n}\n<\/style>\n\t<\/div>\n\t\n\t\t<\/div>\n\t\t\t\t\t<\/div>\n\n\t\n<\/div>\n","protected":false},"excerpt":{"rendered":"<p>Enchimento Sint\u00e9tico D28 para Ber\u00e7os de Beb\u00eas de 70x130x10cm, com laudo de eficiencia aprovado pela UFMG.<\/p>\n","protected":false},"featured_media":4328,"template":"","meta":[],"product_brand":[1172],"product_cat":[1203,50],"product_tag":[1204,1205,1206,1207,491,487],"class_list":{"0":"post-4281","1":"product","2":"type-product","3":"status-publish","4":"has-post-thumbnail","6":"product_brand-c-core","7":"product_cat-enchimento-sintetico","8":"product_cat-espumas-e-enchimentos","9":"product_tag-enchimento-hipoalergenico","10":"product_tag-enchimento-impermeavel","11":"product_tag-enchimento-lavavel","12":"product_tag-enchimento-sintetico","13":"product_tag-espuma-para-colchao","14":"product_tag-espuma-retangular","15":"product_shipping_class-volumetric-weight","16":"tm-no-options","18":"first","19":"onbackorder","20":"shipping-taxable","21":"purchasable","22":"product-type-simple"},"_links":{"self":[{"href":"https:\/\/www.tappy.com.br\/empresas\/wp-json\/wp\/v2\/product\/4281","targetHints":{"allow":["GET"]}}],"collection":[{"href":"https:\/\/www.tappy.com.br\/empresas\/wp-json\/wp\/v2\/product"}],"about":[{"href":"https:\/\/www.tappy.com.br\/empresas\/wp-json\/wp\/v2\/types\/product"}],"wp:featuredmedia":[{"embeddable":true,"href":"https:\/\/www.tappy.com.br\/empresas\/wp-json\/wp\/v2\/media\/4328"}],"wp:attachment":[{"href":"https:\/\/www.tappy.com.br\/empresas\/wp-json\/wp\/v2\/media?parent=4281"}],"wp:term":[{"taxonomy":"product_brand","embeddable":true,"href":"https:\/\/www.tappy.com.br\/empresas\/wp-json\/wp\/v2\/product_brand?post=4281"},{"taxonomy":"product_cat","embeddable":true,"href":"https:\/\/www.tappy.com.br\/empresas\/wp-json\/wp\/v2\/product_cat?post=4281"},{"taxonomy":"product_tag","embeddable":true,"href":"https:\/\/www.tappy.com.br\/empresas\/wp-json\/wp\/v2\/product_tag?post=4281"}],"curies":[{"name":"wp","href":"https:\/\/api.w.org\/{rel}","templated":true}]}}