{"id":423,"date":"2024-03-26T10:10:50","date_gmt":"2024-03-26T13:10:50","guid":{"rendered":"https:\/\/www.tappy.com.br\/empresas\/?post_type=product&#038;p=423"},"modified":"2026-05-05T23:14:15","modified_gmt":"2026-05-06T02:14:15","slug":"tecido-acquablock-lisos-impermeavel-karsten-140cm","status":"publish","type":"product","link":"https:\/\/www.tappy.com.br\/empresas\/p\/tecido-acquablock-lisos-impermeavel-karsten-140cm\/","title":{"rendered":"Tecido Acquablock Lisos\u00ae Imperme\u00e1vel Karsten 140cm"},"content":{"rendered":"<h2>O que \u00e9 Tecido Acquablock Lisos\u00ae?<\/h2>\n<p>\u00c9 um tecido imperme\u00e1vel para sof\u00e1s feito com corpo e barra em Jacquard, acabamento Cotton, pr\u00e9-encolhida e Antipilling. Protege contra a a\u00e7\u00e3o do sol, repele a \u00e1gua e traz mais cor e vida para os estofados de ambientes internos ou externos.<\/p>\n<p>Essa linha espec\u00edfica de tecidos \u00e9 conhecida tamb\u00e9m pelo nome de Acquablock Lisato, que \u00e9 um tipo de tinturaria espec\u00edfica bastante uniforme de cores vivas e decorativas, especialmente as novas cores lan\u00e7adas em Agosto de 2024 na cole\u00e7\u00e3o sentidos.<\/p>\n<h2>COLE\u00c7\u00c3O SENTIDOS<\/h2>\n<p>Nossos sentidos s\u00e3o o meio pelo qual experienciamos o mundo.<\/p>\n<p>As formas que contemplam cores, texturas e sabores encantam de fora para dentro, despertando as diversas nuances do sentir.<\/p>\n<p>Momentos que renovam o viver di\u00e1rio em harmonia com a natureza e o natural s\u00e3o as conex\u00f5es humanas que acontecem ao longo do tempo e da hist\u00f3ria.<\/p>\n<p>Nos conectamos com o entorno na mesma medida em que ele conecta-se conosco. O Acquablock imerge na natureza como fonte de inspira\u00e7\u00e3o, criando di\u00e1logos que exploram transforma\u00e7\u00e3o e beleza, som e sil\u00eancio, ambiente e ess\u00eancia.<\/p>\n<p>Em cada estampa, a rela\u00e7\u00e3o ser e viver torna vis\u00edvel as tonalidades org\u00e2nicas e naturais, em uma paleta que ecoa elementos da flora brasileira e sua multiplicidade de cores e texturas.<\/p>\n<h2>Onde us\u00e1-lo?<\/h2>\n<p>Inspirada na <strong>alegria<\/strong> da natureza, as cole\u00e7\u00f5es<strong> Jardins 2022\/24 e Sentidos 2024\/26<\/strong> oferece a liberdade de brincar com <strong>cores<\/strong> e padr\u00f5es para criar ambientes internos e externos que nos fazem sentir mais pr\u00f3ximos de nossa ess\u00eancia. Soltos, separados, juntos ou harmonizados, desenhos, texturas e matizes enriquecem e envolvem materiais que emanam <strong>amor<\/strong>, leveza, cuidado e prote\u00e7\u00e3o.<\/p>\n<div class=\"page\" title=\"Page 2\">\n<h2>Tecido Acquablock\u00ae \u00e9 bom?<\/h2>\n<p>Esse tecido \u00e9 o mais conceituado e conhecido tecido estampado para Sof\u00e1s, muitas vezes inclusive sendo alvo de c\u00f3pias que n\u00e3o possuem o mesmo acabamento fant\u00e1stico e capacidade hidrof\u00f3bica.<\/p>\n<p>Fique atento e tenha certeza de estar adquirindo um <strong>Tecido Acquablock\u00ae Lisos <\/strong>original aqui com a Tappy que \u00e9 a distribuidora oficial.<\/p>\n<\/div>\n<h2>Cuidados e manuten\u00e7\u00e3o de Tecidos Acquablock<strong>\u00ae:<\/strong><\/h2>\n<ul>\n<li>N\u00e3o deixar o seu Acquablock exposto continuamente \u00e0s condi\u00e7\u00f5es clim\u00e1ticas como sol, chuva e umidade excessiva. Assim, evita-se a forma\u00e7\u00e3o de manchas de bolor e perda de resist\u00eancia do tecido.<\/li>\n<li>Limpar diariamente a superf\u00edcie do tecido, com pano umedecido em \u00e1gua na temperatura ambiente e secar.<\/li>\n<li>Eliminar sujeiras acidentais com pano limpo, esponjado ou papel absorvente, sem comprimir para dentro do tecido. Ap\u00f3s a limpeza, n\u00e3o armazenar seu Acquablock em local \u00famido.<\/li>\n<li>Aplicar os tecidos Acquablock somente sobre espuma e madeira totalmente tratada com anti-mofo.<\/li>\n<li>Aplicar ilhoses na parte inferior das almofadas, como forma de escape de ar e umidade.<\/li>\n<li>Utilizar agulhas finas e linhas de poli\u00e9ster nas costura e, de prefer\u00eancia, fazer costura dupla.<\/li>\n<li>N\u00e3o utilizar produtos abrasivos, como escovas com cerdas, jatos de \u00e1gua, esponjas abrasivas ou produtos qu\u00edmicos (alcalinos e clorados), tais como detergentes em p\u00f3, solventes, cloro e outros.<\/li>\n<\/ul>\n<p>Confira outros Tecidos Imperme\u00e1veis da Tappy <a title=\"Tecidos Imperme\u00e1veis\" href=\"https:\/\/www.tappy.com.br\/empresas\/c\/tecidos-para-sofas\/tecido-impermeavel-para-sofas\/\" data-schema-attribute=\"\">aqui<\/a>.<\/p>\n<p>Para saber mais sobre o Tecidos Karsten <a href=\"https:\/\/casachic.com.br\/o-que-e-o-tecido-acquablock-e-onde-usar\/\" rel=\"noopener\">acesse aqui<\/a>.<\/p>\n","protected":false},"excerpt":{"rendered":"<p><strong>Tecido Acquablock Lisos Imperme\u00e1vel<\/strong> \u00e9 um tecido inteligente, moderno e pr\u00e1tico. Ideal para deixar qualquer estofado protegido e bem decorado. <a href=\"#vantagens\">Veja outras vantagens.<\/a><\/p>\n","protected":false},"featured_media":3802,"template":"","meta":[],"product_brand":[1084,1083],"product_cat":[369,368,20],"product_tag":[370,371,52,372,373,25,54],"class_list":{"0":"post-423","1":"product","2":"type-product","3":"status-publish","4":"has-post-thumbnail","6":"product_brand-acquablock","7":"product_brand-karsten-decor","8":"product_cat-tecido-impermeavel-para-sofas","9":"product_cat-tecido-gorgurao","10":"product_cat-tecidos-para-sofas","11":"product_tag-tecido-algodao","12":"product_tag-tecido-area-externa","13":"product_tag-tecido-estampado","14":"product_tag-tecido-impermeabilizado","15":"product_tag-tecido-karsten","16":"product_tag-tecido-para-sofas","17":"product_tag-tecidos-karsten","18":"product_shipping_class-brasil","19":"pa_acabamento-impermeavel-a-substancias-aquosas","20":"pa_acabamento-tecido-anti-uv","21":"pa_acabamento-tecido-antimancha","22":"pa_acabamento-tecido-impermeavel","23":"pa_acabamento-tecido-liso","24":"pa_acabamento-tecido-pet-friendly","25":"pa_cores-de-tecidos-duna-cru","26":"pa_cores-de-tecidos-lisato-acquamarine","27":"pa_cores-de-tecidos-lisato-areia","28":"pa_cores-de-tecidos-lisato-azul","29":"pa_cores-de-tecidos-lisato-bege","30":"pa_cores-de-tecidos-lisato-bordo","31":"pa_cores-de-tecidos-lisato-branco","32":"pa_cores-de-tecidos-lisato-camurca","33":"pa_cores-de-tecidos-lisato-cinza-claro","34":"pa_cores-de-tecidos-lisato-cortica","35":"pa_cores-de-tecidos-lisato-esmeralda","36":"pa_cores-de-tecidos-lisato-fendi","37":"pa_cores-de-tecidos-lisato-ferrugem","38":"pa_cores-de-tecidos-lisato-floresta","39":"pa_cores-de-tecidos-lisato-grafite","40":"pa_cores-de-tecidos-lisato-indigo","41":"pa_cores-de-tecidos-lisato-laranja","42":"pa_cores-de-tecidos-lisato-marinho","43":"pa_cores-de-tecidos-lisato-mostarda","44":"pa_cores-de-tecidos-lisato-oliva","45":"pa_cores-de-tecidos-lisato-petroleo","46":"pa_cores-de-tecidos-lisato-preto","47":"pa_cores-de-tecidos-lisato-rosa","48":"pa_cores-de-tecidos-lisato-salvia","49":"pa_cores-de-tecidos-lisato-verde-claro","50":"pa_cores-de-tecidos-lisato-vermelho","51":"tm-no-options","53":"first","54":"instock","55":"featured","56":"shipping-taxable","57":"purchasable","58":"product-type-variable"},"_links":{"self":[{"href":"https:\/\/www.tappy.com.br\/empresas\/wp-json\/wp\/v2\/product\/423","targetHints":{"allow":["GET"]}}],"collection":[{"href":"https:\/\/www.tappy.com.br\/empresas\/wp-json\/wp\/v2\/product"}],"about":[{"href":"https:\/\/www.tappy.com.br\/empresas\/wp-json\/wp\/v2\/types\/product"}],"wp:featuredmedia":[{"embeddable":true,"href":"https:\/\/www.tappy.com.br\/empresas\/wp-json\/wp\/v2\/media\/3802"}],"wp:attachment":[{"href":"https:\/\/www.tappy.com.br\/empresas\/wp-json\/wp\/v2\/media?parent=423"}],"wp:term":[{"taxonomy":"product_brand","embeddable":true,"href":"https:\/\/www.tappy.com.br\/empresas\/wp-json\/wp\/v2\/product_brand?post=423"},{"taxonomy":"product_cat","embeddable":true,"href":"https:\/\/www.tappy.com.br\/empresas\/wp-json\/wp\/v2\/product_cat?post=423"},{"taxonomy":"product_tag","embeddable":true,"href":"https:\/\/www.tappy.com.br\/empresas\/wp-json\/wp\/v2\/product_tag?post=423"}],"curies":[{"name":"wp","href":"https:\/\/api.w.org\/{rel}","templated":true}]}}