{"id":42,"date":"2024-03-26T10:08:34","date_gmt":"2024-03-26T13:08:34","guid":{"rendered":"https:\/\/www.tappy.com.br\/empresas\/?post_type=product&#038;p=42"},"modified":"2026-02-18T23:34:26","modified_gmt":"2026-02-19T02:34:26","slug":"cola-de-contato-amazonas-com-340g-aerossol-spray","status":"publish","type":"product","link":"https:\/\/www.tappy.com.br\/empresas\/p\/cola-de-contato-amazonas-com-340g-aerossol-spray\/","title":{"rendered":"Cola de Contato Amazonas com 340g Aerossol\/Spray"},"content":{"rendered":"<h2>Cola de Contato o que \u00e9?<\/h2>\n<p>A Cola Amazonas \u00e9 uma renomada cola profissional para tapeceiros muito utilizada para acabamentos em estofados. Sua f\u00f3rmula exclusiva \u00e9 insuper\u00e1vel na rapidez da colagem com alto rendimento e desempenho.<\/p>\n<p>Com uma embalagem pr\u00e1tica e bico direcionador essa cola garante maior rendimento do que qualquer outra cola do g\u00eanero, principalmente quando comparada com \u00e0s aplicadas a pinc\u00e9is.<\/p>\n<p>A marca Amazonas possui 14 anos de reconhecimento como a marca de Adesivos e Colas mais lembrada no setor moveleiro no Pr\u00eamio Top M\u00f3bile.<\/p>\n<h2>Onde us\u00e1-la?<\/h2>\n<p>Essa Cola spray \u00e9 muito utilizada na ind\u00fastria moveleira para colagens seguras, r\u00e1pidas e duradoura. Ela \u00e9 pr\u00f3pria para ser usada em materiais como, espumas de PU, madeiras, tecidos para sof\u00e1s, estofados de autos e muitos mais&#8230;<\/p>\n<h2>Cola Amazonas \u00e9 boa?<\/h2>\n<p>Conhecida a quase duas d\u00e9cadas como a melhor cola para profissionais do ramo moveleiro, a cola Amazonas sem d\u00favidas faz justi\u00e7a a fama.<\/p>\n<p>Ao utilizar esse produto seu trabalho ser\u00e1 valorizado, uma vez que seu poder de fixa\u00e7\u00e3o ir\u00e1 durar tanto quando for necess\u00e1rio, garantindo um acabamento impec\u00e1vel.<\/p>\n<p>Para saber mais sobre as colas Amazonas acesse <a title=\"Cola Amazonas\" href=\"https:\/\/www.amazonas.com.br\/\" target=\"_blank\" rel=\"noopener\">esse site<\/a>.<\/p>\n<p>Cont\u00e9m: 340g = 500ml<\/p>\n","protected":false},"excerpt":{"rendered":"<p>Cola de Contato Amazonas com 340g e Aerossol\/Spray. Indicada para Tecidos de sof\u00e1s, Espumas, Madeiras e outros. <strong>Veja a descri\u00e7\u00e3o e saiba mais.<\/strong><\/p>\n","protected":false},"featured_media":101,"template":"","meta":[],"product_brand":[1195],"product_cat":[45,30],"product_tag":[46,47,48,49],"class_list":{"0":"post-42","1":"product","2":"type-product","3":"status-publish","4":"has-post-thumbnail","6":"product_brand-amazonas-adesivos","7":"product_cat-colas-e-adesivos","8":"product_cat-acessorios-para-tapecaria","9":"product_tag-adesivos-amazonas","10":"product_tag-cola-amazonas","11":"product_tag-cola-de-contato","12":"product_tag-cola-de-sapateiro","13":"product_shipping_class-brasil","14":"tm-no-options","16":"first","17":"outofstock","18":"shipping-taxable","19":"purchasable","20":"product-type-simple"},"_links":{"self":[{"href":"https:\/\/www.tappy.com.br\/empresas\/wp-json\/wp\/v2\/product\/42","targetHints":{"allow":["GET"]}}],"collection":[{"href":"https:\/\/www.tappy.com.br\/empresas\/wp-json\/wp\/v2\/product"}],"about":[{"href":"https:\/\/www.tappy.com.br\/empresas\/wp-json\/wp\/v2\/types\/product"}],"wp:featuredmedia":[{"embeddable":true,"href":"https:\/\/www.tappy.com.br\/empresas\/wp-json\/wp\/v2\/media\/101"}],"wp:attachment":[{"href":"https:\/\/www.tappy.com.br\/empresas\/wp-json\/wp\/v2\/media?parent=42"}],"wp:term":[{"taxonomy":"product_brand","embeddable":true,"href":"https:\/\/www.tappy.com.br\/empresas\/wp-json\/wp\/v2\/product_brand?post=42"},{"taxonomy":"product_cat","embeddable":true,"href":"https:\/\/www.tappy.com.br\/empresas\/wp-json\/wp\/v2\/product_cat?post=42"},{"taxonomy":"product_tag","embeddable":true,"href":"https:\/\/www.tappy.com.br\/empresas\/wp-json\/wp\/v2\/product_tag?post=42"}],"curies":[{"name":"wp","href":"https:\/\/api.w.org\/{rel}","templated":true}]}}