{"id":4129,"date":"2025-09-18T12:56:17","date_gmt":"2025-09-18T15:56:17","guid":{"rendered":"https:\/\/www.tappy.com.br\/empresas\/?post_type=product&#038;p=4129"},"modified":"2026-03-05T16:02:26","modified_gmt":"2026-03-05T19:02:26","slug":"grampeador-16-50-gs-pacar-pneumatico-de-montagem","status":"publish","type":"product","link":"https:\/\/www.tappy.com.br\/empresas\/p\/grampeador-16-50-gs-pacar-pneumatico-de-montagem\/","title":{"rendered":"Grampeador 16\/50-GS Pacar, Pneum\u00e1tico de Montagem"},"content":{"rendered":"<h2>O que \u00e9 Grampeador 16\/50 Pacar?<\/h2>\n<p>Os grampeadores pneum\u00e1ticos funcionam a partir de ar comprimido e s\u00e3o projetados para uso em maior escala, como no segmento industrial ou em tape\u00e7arias, por exemplo.<\/p>\n<p>O Grampeador 16\/50 comporta at\u00e9 160 grampos de uma vez, com sua alt\u00edssima taxa de disparo e \u00e9 capaz de utilizar todos esses grampos t\u00e3o r\u00e1pido quanto seu utilizador precisar. Ele \u00e9 bastante leve devido ao corpo de alum\u00ednio e permite o uso por longas horas.<\/p>\n<p>\u00c9 totalmente compat\u00edvel com grampos da Linha GS-16 de 23 a 50mm de comprimento. Veja aqui nossos <a title=\"Grampo 80\" href=\"https:\/\/www.tappy.com.br\/c\/acessorios-para-tapecaria\/grampo-de-tapeceiro-industrial\/\" data-schema-attribute=\"\">Grampos da linha 16<\/a>.<\/p>\n<h2>Onde us\u00e1-lo?<\/h2>\n<p>\u00c9 ideal para montagem de\u00a0estofados (estrutura), box para colch\u00f5es, m\u00f3veis, embalagens de madeira, pallets (leves), carret\u00e9is de madeira e constru\u00e7\u00e3o civil.<\/p>\n<h2>Grampeador 16\/50 \u00e9 bom?<\/h2>\n<p>Se voc\u00ea preza por qualidade ao mesmo tempo que rendimento de trabalho, ent\u00e3o o Grampeador Pacar \u00e9 feito para voc\u00ea, pois une o melhor da tecnologia em grampeadores para montagem com o melhor custo benef\u00edcio.<\/p>\n<p>Gostaria de entender ainda mais sobre Grampeadores? Que tal esse link?<\/p>\n<p><a title=\"Grampeadores Pacar\" href=\"https:\/\/pacar.com.br\/\" data-schema-attribute=\"\" rel=\"noopener\">Pacar Ferramentas Pneum\u00e1ticas<\/a><\/p>\n<h2>Outras Informa\u00e7\u00f5es<\/h2>\n<ul>\n<li>Acompanha pino de engate (Conector)?: <strong>Sim (Brinde)<\/strong><\/li>\n<li>Corpo de Alum\u00ednio<\/li>\n<li>Silencioso<\/li>\n<li>Leve<\/li>\n<li>Acionamento Sens\u00edvel<\/li>\n<li>Capacidade: 160 grampos<\/li>\n<li>Press\u00e3o de trabalho (min.): 90 PSI<\/li>\n<li>Press\u00e3o de trabalho (m\u00e1x.): 110 PSI<\/li>\n<li>Consumo de ar: 1,08 L\/golpe<\/li>\n<li>Grampos: GS-16 de 23mm a 50mm.<\/li>\n<li>Garantia: 3 Meses pelo fabricante.<\/li>\n<\/ul>\n","protected":false},"excerpt":{"rendered":"<p>Grampeador 16\/50-GS Pacar, Pneum\u00e1tico de Montagem oferece grampos mais largos em compara\u00e7\u00e3o a outros grampeadores de montagem, o que garante maior \u00e1rea de fixa\u00e7\u00e3o. <a href=\"#vantagens\">Veja outras vantagens.<\/a><\/p>\n","protected":false},"featured_media":4162,"template":"","meta":[],"product_brand":[1129],"product_cat":[233,30],"product_tag":[1134,234,1135,237,231,462,463,238,239],"class_list":{"0":"post-4129","1":"product","2":"type-product","3":"status-publish","4":"has-post-thumbnail","6":"product_brand-pacar-ferramentas","7":"product_cat-grampeadores-de-tapeceiro","8":"product_cat-acessorios-para-tapecaria","9":"product_tag-ferramenta-pneumatica","10":"product_tag-grampeador","11":"product_tag-grampeador-pacar","12":"product_tag-grampeador-pneumatico","13":"product_tag-grampo","14":"product_tag-grampo-14-45","15":"product_tag-grampo-14-50","16":"product_tag-pacar","17":"product_tag-pacar-ferramentas","18":"product_shipping_class-brasil","19":"tm-no-options","21":"first","22":"instock","23":"shipping-taxable","24":"purchasable","25":"product-type-simple"},"_links":{"self":[{"href":"https:\/\/www.tappy.com.br\/empresas\/wp-json\/wp\/v2\/product\/4129","targetHints":{"allow":["GET"]}}],"collection":[{"href":"https:\/\/www.tappy.com.br\/empresas\/wp-json\/wp\/v2\/product"}],"about":[{"href":"https:\/\/www.tappy.com.br\/empresas\/wp-json\/wp\/v2\/types\/product"}],"wp:featuredmedia":[{"embeddable":true,"href":"https:\/\/www.tappy.com.br\/empresas\/wp-json\/wp\/v2\/media\/4162"}],"wp:attachment":[{"href":"https:\/\/www.tappy.com.br\/empresas\/wp-json\/wp\/v2\/media?parent=4129"}],"wp:term":[{"taxonomy":"product_brand","embeddable":true,"href":"https:\/\/www.tappy.com.br\/empresas\/wp-json\/wp\/v2\/product_brand?post=4129"},{"taxonomy":"product_cat","embeddable":true,"href":"https:\/\/www.tappy.com.br\/empresas\/wp-json\/wp\/v2\/product_cat?post=4129"},{"taxonomy":"product_tag","embeddable":true,"href":"https:\/\/www.tappy.com.br\/empresas\/wp-json\/wp\/v2\/product_tag?post=4129"}],"curies":[{"name":"wp","href":"https:\/\/api.w.org\/{rel}","templated":true}]}}