{"id":4081,"date":"2025-09-18T12:55:50","date_gmt":"2025-09-18T15:55:50","guid":{"rendered":"https:\/\/www.tappy.com.br\/empresas\/?post_type=product&#038;p=4081"},"modified":"2026-02-27T18:55:49","modified_gmt":"2026-02-27T21:55:49","slug":"pinador-pneumatico-pacar-mp630b-para-micro-pino","status":"publish","type":"product","link":"https:\/\/www.tappy.com.br\/empresas\/p\/pinador-pneumatico-pacar-mp630b-para-micro-pino\/","title":{"rendered":"Pinador Pneum\u00e1tico Pacar MP630B para Micro Pino"},"content":{"rendered":"<h2>O que \u00e9 Pinador Pneum\u00e1tico Pacar MP630B?<\/h2>\n<p>O Pinador Pneum\u00e1tico Pacar MP630B para Micro Pino \u00e9 um tipo de pinador que funciona a partir de ar comprimido, eles s\u00e3o projetados para uso em maior escala, como no segmento industrial.<\/p>\n<p>Esse pinador utiliza grampos pinos 0,64 de 12 a 30mm e comporta at\u00e9 110 pinos de uma vez, com sua alt\u00edssima taxa de disparo e \u00e9 capaz de utilizar todos esses grampos t\u00e3o r\u00e1pido quanto seu utilizador precisar. Ele \u00e9 bastante leve devido ao corpo de alum\u00ednio e permite o uso por longas horas.<\/p>\n<h2>Pinador Pneum\u00e1tico para Micro Pino Pacar\u00a0\u00e9 bom?<\/h2>\n<p>Se voc\u00ea preza por qualidade de trabalho e necessita de uma m\u00e1quina de alta capacidade de utiliza\u00e7\u00e3o ent\u00e3o esse Pinador Pacar \u00e9 feito para voc\u00ea, pois une o melhor da tecnologia em grampeadores profissionais com a performance que apenas a Pacar \u00e9 capaz de oferecer.<\/p>\n<p><span style=\"font-weight: 400;\">Gostaria de entender ainda mais sobre Grampeadores? Que tal esse link?<\/span><\/p>\n<p><a title=\"Grampeadores Pacar\" href=\"https:\/\/pacar.com.br\/\" data-schema-attribute=\"\" rel=\"noopener\">Pacar Ferramentas Pneum\u00e1ticas<\/a><\/p>\n<h3>Outras Informa\u00e7\u00f5es:<\/h3>\n<ul>\n<li>Acompanha pino de engate?: <strong>Sim<\/strong><\/li>\n<li>Capacidade: 110 grampos<\/li>\n<li>Press\u00e3o de trabalho (m\u00ednima): 60PSI<\/li>\n<li>Press\u00e3o de trabalho (m\u00e1xima): 100PSI<\/li>\n<li>Consumo de ar: 0,6L\/golpe<\/li>\n<li>Garantia: 6 Meses pelo fabricante.<\/li>\n<li>Micro Pinos da 0,64 de 12 a 30mm.<\/li>\n<\/ul>\n","protected":false},"excerpt":{"rendered":"<p>Pinador Pneum\u00e1tico Pacar MP630B para Micro Pino, \u00e9 um pinador especial para micropinos de 0,64mm utilizado em algumas tarefas de artesanato. <a href=\"#vantagens\">Veja outras vantagens.<\/a><\/p>\n","protected":false},"featured_media":4146,"template":"","meta":[],"product_brand":[1129],"product_cat":[233,30],"product_tag":[1134,1135,237,231,238,239,1162,1163,1164],"class_list":{"0":"post-4081","1":"product","2":"type-product","3":"status-publish","4":"has-post-thumbnail","6":"product_brand-pacar-ferramentas","7":"product_cat-grampeadores-de-tapeceiro","8":"product_cat-acessorios-para-tapecaria","9":"product_tag-ferramenta-pneumatica","10":"product_tag-grampeador-pacar","11":"product_tag-grampeador-pneumatico","12":"product_tag-grampo","13":"product_tag-pacar","14":"product_tag-pacar-ferramentas","15":"product_tag-pinador","16":"product_tag-pinador-pacar","17":"product_tag-pinador-pneumatico","18":"product_shipping_class-brasil","19":"tm-no-options","21":"first","22":"instock","23":"shipping-taxable","24":"purchasable","25":"product-type-simple"},"_links":{"self":[{"href":"https:\/\/www.tappy.com.br\/empresas\/wp-json\/wp\/v2\/product\/4081","targetHints":{"allow":["GET"]}}],"collection":[{"href":"https:\/\/www.tappy.com.br\/empresas\/wp-json\/wp\/v2\/product"}],"about":[{"href":"https:\/\/www.tappy.com.br\/empresas\/wp-json\/wp\/v2\/types\/product"}],"wp:featuredmedia":[{"embeddable":true,"href":"https:\/\/www.tappy.com.br\/empresas\/wp-json\/wp\/v2\/media\/4146"}],"wp:attachment":[{"href":"https:\/\/www.tappy.com.br\/empresas\/wp-json\/wp\/v2\/media?parent=4081"}],"wp:term":[{"taxonomy":"product_brand","embeddable":true,"href":"https:\/\/www.tappy.com.br\/empresas\/wp-json\/wp\/v2\/product_brand?post=4081"},{"taxonomy":"product_cat","embeddable":true,"href":"https:\/\/www.tappy.com.br\/empresas\/wp-json\/wp\/v2\/product_cat?post=4081"},{"taxonomy":"product_tag","embeddable":true,"href":"https:\/\/www.tappy.com.br\/empresas\/wp-json\/wp\/v2\/product_tag?post=4081"}],"curies":[{"name":"wp","href":"https:\/\/api.w.org\/{rel}","templated":true}]}}