{"id":4080,"date":"2025-09-18T12:55:50","date_gmt":"2025-09-18T15:55:50","guid":{"rendered":"https:\/\/www.tappy.com.br\/empresas\/?post_type=product&#038;p=4080"},"modified":"2026-03-05T16:02:24","modified_gmt":"2026-03-05T19:02:24","slug":"grampeador-para-caixas-pneumatico-pacar-pi-mta-18","status":"publish","type":"product","link":"https:\/\/www.tappy.com.br\/empresas\/p\/grampeador-para-caixas-pneumatico-pacar-pi-mta-18\/","title":{"rendered":"Grampeador para Caixas Pneum\u00e1tico Pacar PI MTA\/18"},"content":{"rendered":"<h2>O que \u00e9 Grampeador para Caixas Pacar PI MTA\/18?<\/h2>\n<p>O Grampeador para Caixas Pneum\u00e1tico Pacar \u00e9 um tipo de grampeador que funciona a partir de ar comprimido, eles s\u00e3o projetados para uso em maior escala, como no segmento industrial para fechamento de caixas de papel\u00e3o.<\/p>\n<p>Esse Grampeador utiliza grampos Box-35 de 15 a 18mm comporta at\u00e9 100 grampos de uma vez, com sua alt\u00edssima taxa de disparo e \u00e9 capaz de utilizar todos esses grampos t\u00e3o r\u00e1pido quanto seu utilizador precisar. Ele \u00e9 bastante leve devido ao corpo de alum\u00ednio e permite o uso por longas horas.<\/p>\n<h3>Onde us\u00e1-lo?<\/h3>\n<p>\u00c9 ideal para fechamento de caixas de papel\u00e3o, \u00f3timo para veda\u00e7\u00e3o do mais diversos tipos de caixas de transporte com seguran\u00e7a.<\/p>\n<h2>Grampeador para Caixas PI MTA\/18 \u00e9 bom?<\/h2>\n<p>Se voc\u00ea preza por qualidade de trabalho e necessita de uma m\u00e1quina de alta capacidade de utiliza\u00e7\u00e3o ent\u00e3o esse Grampeador Pacar \u00e9 feito para voc\u00ea, pois une o melhor da tecnologia em grampeadores profissionais com a performance que apenas a Pacar \u00e9 capaz de oferecer.<\/p>\n<p><span style=\"font-weight: 400;\">Gostaria de entender ainda mais sobre Grampeadores? Que tal esse link?<\/span><\/p>\n<p><a title=\"Grampeadores Pacar\" href=\"https:\/\/pacar.com.br\/\" data-schema-attribute=\"\" rel=\"noopener\">Pacar Ferramentas Pneum\u00e1ticas<\/a><\/p>\n<h3>Outras Informa\u00e7\u00f5es:<\/h3>\n<ul>\n<li>Acompanha pino de engate?: <strong>Sim<\/strong><\/li>\n<li>Capacidade: 100 grampos<\/li>\n<li>Press\u00e3o de trabalho (m\u00ednima): 70PSI<\/li>\n<li>Press\u00e3o de trabalho (m\u00e1xima): 80PSI<\/li>\n<li>Consumo de ar: 0,7L\/golpe<\/li>\n<li>Garantia: 6 Meses pelo fabricante.<\/li>\n<li>Grampos da Linha Box-35 de 15 a 18mm.<\/li>\n<\/ul>\n","protected":false},"excerpt":{"rendered":"<p>Grampeador para Caixas Pneum\u00e1tico Pacar PI MTA\/18, \u00e9 sua melhor op\u00e7\u00e3o para veda\u00e7\u00e3o de caixas de papel\u00e3o de forma profissional. <a href=\"#vantagens\">Veja outras vantagens.<\/a><\/p>\n","protected":false},"featured_media":4140,"template":"","meta":[],"product_brand":[1129],"product_cat":[233,30],"product_tag":[1134,234,1159,1135,1160,237,231,1161,238,239],"class_list":{"0":"post-4080","1":"product","2":"type-product","3":"status-publish","4":"has-post-thumbnail","6":"product_brand-pacar-ferramentas","7":"product_cat-grampeadores-de-tapeceiro","8":"product_cat-acessorios-para-tapecaria","9":"product_tag-ferramenta-pneumatica","10":"product_tag-grampeador","11":"product_tag-grampeador-caixa-de-papelao","12":"product_tag-grampeador-pacar","13":"product_tag-grampeador-para-caixas","14":"product_tag-grampeador-pneumatico","15":"product_tag-grampo","16":"product_tag-grampo-35","17":"product_tag-pacar","18":"product_tag-pacar-ferramentas","19":"product_shipping_class-brasil","20":"tm-no-options","22":"first","23":"onbackorder","24":"shipping-taxable","25":"purchasable","26":"product-type-simple"},"_links":{"self":[{"href":"https:\/\/www.tappy.com.br\/empresas\/wp-json\/wp\/v2\/product\/4080","targetHints":{"allow":["GET"]}}],"collection":[{"href":"https:\/\/www.tappy.com.br\/empresas\/wp-json\/wp\/v2\/product"}],"about":[{"href":"https:\/\/www.tappy.com.br\/empresas\/wp-json\/wp\/v2\/types\/product"}],"wp:featuredmedia":[{"embeddable":true,"href":"https:\/\/www.tappy.com.br\/empresas\/wp-json\/wp\/v2\/media\/4140"}],"wp:attachment":[{"href":"https:\/\/www.tappy.com.br\/empresas\/wp-json\/wp\/v2\/media?parent=4080"}],"wp:term":[{"taxonomy":"product_brand","embeddable":true,"href":"https:\/\/www.tappy.com.br\/empresas\/wp-json\/wp\/v2\/product_brand?post=4080"},{"taxonomy":"product_cat","embeddable":true,"href":"https:\/\/www.tappy.com.br\/empresas\/wp-json\/wp\/v2\/product_cat?post=4080"},{"taxonomy":"product_tag","embeddable":true,"href":"https:\/\/www.tappy.com.br\/empresas\/wp-json\/wp\/v2\/product_tag?post=4080"}],"curies":[{"name":"wp","href":"https:\/\/api.w.org\/{rel}","templated":true}]}}