{"id":4048,"date":"2025-09-18T12:55:27","date_gmt":"2025-09-18T15:55:27","guid":{"rendered":"https:\/\/www.tappy.com.br\/empresas\/?post_type=product&#038;p=4048"},"modified":"2026-02-24T18:28:26","modified_gmt":"2026-02-24T21:28:26","slug":"tecido-chenille-impermeavel-nobilis-varias-cores-140cm","status":"publish","type":"product","link":"https:\/\/www.tappy.com.br\/empresas\/p\/tecido-chenille-impermeavel-nobilis-varias-cores-140cm\/","title":{"rendered":"Tecido Chenille Imperme\u00e1vel Nobilis V\u00e1rias Cores 140cm"},"content":{"rendered":"","protected":false},"excerpt":{"rendered":"<p>\u00c9 um tecido chenille imperme\u00e1vel de fibras especiais mistas com efeito melange, que foi especialmente desenvolvido para estofados que necessitam de muita prote\u00e7\u00e3o contra l\u00edquidos e manchas. <a href=\"#vantagens\">Veja outras vantagens.<\/a><\/p>\n","protected":false},"featured_media":4113,"template":"","meta":[],"product_brand":[1108],"product_cat":[825,369,20],"product_tag":[1085,1154,1155,371,1087,376,24,25],"class_list":{"0":"post-4048","1":"product","2":"type-product","3":"status-publish","4":"has-post-thumbnail","6":"product_brand-tappy","7":"product_cat-tecido-chenille-para-sofas","8":"product_cat-tecido-impermeavel-para-sofas","9":"product_cat-tecidos-para-sofas","10":"product_tag-chenille","11":"product_tag-chenille-impermeavel","12":"product_tag-chenille-para-estofados","13":"product_tag-tecido-area-externa","14":"product_tag-tecido-chenille","15":"product_tag-tecido-impermeavel","16":"product_tag-tecido-para-estofados","17":"product_tag-tecido-para-sofas","18":"product_shipping_class-brasil","19":"pa_acabamento-impermeavel-a-substancias-aquosas-e-oleosas","20":"pa_acabamento-tecido-antimancha","21":"pa_acabamento-tecido-falso-liso","22":"pa_acabamento-tecido-impermeavel","23":"pa_cores-de-tecidos-azul-marinho","24":"pa_cores-de-tecidos-cinza-claro","25":"pa_cores-de-tecidos-marrom-bison","26":"pa_cores-de-tecidos-verde-escuro","27":"pa_cores-de-tecidos-vermelho-terracota","28":"tm-no-options","30":"first","31":"onbackorder","32":"shipping-taxable","33":"purchasable","34":"product-type-variable"},"_links":{"self":[{"href":"https:\/\/www.tappy.com.br\/empresas\/wp-json\/wp\/v2\/product\/4048","targetHints":{"allow":["GET"]}}],"collection":[{"href":"https:\/\/www.tappy.com.br\/empresas\/wp-json\/wp\/v2\/product"}],"about":[{"href":"https:\/\/www.tappy.com.br\/empresas\/wp-json\/wp\/v2\/types\/product"}],"wp:featuredmedia":[{"embeddable":true,"href":"https:\/\/www.tappy.com.br\/empresas\/wp-json\/wp\/v2\/media\/4113"}],"wp:attachment":[{"href":"https:\/\/www.tappy.com.br\/empresas\/wp-json\/wp\/v2\/media?parent=4048"}],"wp:term":[{"taxonomy":"product_brand","embeddable":true,"href":"https:\/\/www.tappy.com.br\/empresas\/wp-json\/wp\/v2\/product_brand?post=4048"},{"taxonomy":"product_cat","embeddable":true,"href":"https:\/\/www.tappy.com.br\/empresas\/wp-json\/wp\/v2\/product_cat?post=4048"},{"taxonomy":"product_tag","embeddable":true,"href":"https:\/\/www.tappy.com.br\/empresas\/wp-json\/wp\/v2\/product_tag?post=4048"}],"curies":[{"name":"wp","href":"https:\/\/api.w.org\/{rel}","templated":true}]}}