{"id":4040,"date":"2025-09-18T12:55:26","date_gmt":"2025-09-18T15:55:26","guid":{"rendered":"https:\/\/www.tappy.com.br\/empresas\/?post_type=product&#038;p=4040"},"modified":"2026-05-05T18:36:16","modified_gmt":"2026-05-05T21:36:16","slug":"tecido-boucle-impermeavel-invictus-varias-cores-140cm","status":"publish","type":"product","link":"https:\/\/www.tappy.com.br\/empresas\/p\/tecido-boucle-impermeavel-invictus-varias-cores-140cm\/","title":{"rendered":"Tecido Boucl\u00e9 Imperme\u00e1vel Invictus V\u00e1rias Cores 140cm"},"content":{"rendered":"","protected":false},"excerpt":{"rendered":"<p>\u00c9 um tecido boucl\u00e9 imperme\u00e1vel de fibras especiais mistas, que foi especialmente desenvolvido para estofados que necessitam de muita prote\u00e7\u00e3o contra l\u00edquidos e manchas. <a href=\"#vantagens\">Veja outras vantagens.<\/a><\/p>\n","protected":false},"featured_media":4092,"template":"","meta":[],"product_brand":[1108],"product_cat":[858,369,20],"product_tag":[826,1153,827,1147,376,24,25,27],"class_list":{"0":"post-4040","1":"product","2":"type-product","3":"status-publish","4":"has-post-thumbnail","6":"product_brand-tappy","7":"product_cat-tecido-boucle-para-estofados","8":"product_cat-tecido-impermeavel-para-sofas","9":"product_cat-tecidos-para-sofas","10":"product_tag-boucle","11":"product_tag-boucle-para-estofados","12":"product_tag-tecido-boucle","13":"product_tag-tecido-boucle-impermeavel","14":"product_tag-tecido-impermeavel","15":"product_tag-tecido-para-estofados","16":"product_tag-tecido-para-sofas","17":"product_tag-tecido-texturizado","18":"product_shipping_class-brasil","19":"pa_acabamento-impermeavel-a-substancias-aquosas-e-oleosas","20":"pa_acabamento-tecido-antimancha","21":"pa_acabamento-tecido-impermeavel","22":"pa_acabamento-tecido-texturizado","23":"pa_acabamento-tecido-tramado","24":"pa_cores-de-tecidos-azul-marinho","25":"pa_cores-de-tecidos-branco","26":"pa_cores-de-tecidos-cinza-claro","27":"pa_cores-de-tecidos-marrom-bison","28":"pa_cores-de-tecidos-off-white-mescla","29":"pa_cores-de-tecidos-verde-escuro-mescla-azul","30":"pa_cores-de-tecidos-vermelho-terracota","31":"tm-no-options","33":"first","34":"instock","35":"featured","36":"shipping-taxable","37":"purchasable","38":"product-type-variable"},"_links":{"self":[{"href":"https:\/\/www.tappy.com.br\/empresas\/wp-json\/wp\/v2\/product\/4040","targetHints":{"allow":["GET"]}}],"collection":[{"href":"https:\/\/www.tappy.com.br\/empresas\/wp-json\/wp\/v2\/product"}],"about":[{"href":"https:\/\/www.tappy.com.br\/empresas\/wp-json\/wp\/v2\/types\/product"}],"wp:featuredmedia":[{"embeddable":true,"href":"https:\/\/www.tappy.com.br\/empresas\/wp-json\/wp\/v2\/media\/4092"}],"wp:attachment":[{"href":"https:\/\/www.tappy.com.br\/empresas\/wp-json\/wp\/v2\/media?parent=4040"}],"wp:term":[{"taxonomy":"product_brand","embeddable":true,"href":"https:\/\/www.tappy.com.br\/empresas\/wp-json\/wp\/v2\/product_brand?post=4040"},{"taxonomy":"product_cat","embeddable":true,"href":"https:\/\/www.tappy.com.br\/empresas\/wp-json\/wp\/v2\/product_cat?post=4040"},{"taxonomy":"product_tag","embeddable":true,"href":"https:\/\/www.tappy.com.br\/empresas\/wp-json\/wp\/v2\/product_tag?post=4040"}],"curies":[{"name":"wp","href":"https:\/\/api.w.org\/{rel}","templated":true}]}}