{"id":4038,"date":"2025-09-18T12:55:26","date_gmt":"2025-09-18T15:55:26","guid":{"rendered":"https:\/\/www.tappy.com.br\/empresas\/?post_type=product&#038;p=4038"},"modified":"2026-03-05T16:02:19","modified_gmt":"2026-03-05T19:02:19","slug":"grampeador-pneumatico-com-virador-pacar-92-30","status":"publish","type":"product","link":"https:\/\/www.tappy.com.br\/empresas\/p\/grampeador-pneumatico-com-virador-pacar-92-30\/","title":{"rendered":"Grampeador Pneum\u00e1tico Com Virador Pacar 92\/30"},"content":{"rendered":"","protected":false},"excerpt":{"rendered":"<p>Grampeador Pneum\u00e1tico Com Virador Pacar 92\/30 \u00e9 ideal para montagem e manuten\u00e7\u00e3o de m\u00f3veis. \u00c9 muito utilizado na fabrica\u00e7\u00e3o de m\u00f3veis em madeira. <a href=\"#vantagens\">Veja outras vantagens.<\/a><\/p>\n","protected":false},"featured_media":4069,"template":"","meta":[],"product_brand":[1129],"product_cat":[233,30],"product_tag":[234,1132,732,1133,1135,232,238],"class_list":{"0":"post-4038","1":"product","2":"type-product","3":"status-publish","4":"has-post-thumbnail","6":"product_brand-pacar-ferramentas","7":"product_cat-grampeadores-de-tapeceiro","8":"product_cat-acessorios-para-tapecaria","9":"product_tag-grampeador","10":"product_tag-grampeador-artesanal","11":"product_tag-grampeador-de-tapecaria","12":"product_tag-grampeador-manual","13":"product_tag-grampeador-pacar","14":"product_tag-grampo-80","15":"product_tag-pacar","16":"product_shipping_class-brasil","17":"tm-no-options","19":"first","20":"instock","21":"shipping-taxable","22":"purchasable","23":"product-type-simple"},"_links":{"self":[{"href":"https:\/\/www.tappy.com.br\/empresas\/wp-json\/wp\/v2\/product\/4038","targetHints":{"allow":["GET"]}}],"collection":[{"href":"https:\/\/www.tappy.com.br\/empresas\/wp-json\/wp\/v2\/product"}],"about":[{"href":"https:\/\/www.tappy.com.br\/empresas\/wp-json\/wp\/v2\/types\/product"}],"wp:featuredmedia":[{"embeddable":true,"href":"https:\/\/www.tappy.com.br\/empresas\/wp-json\/wp\/v2\/media\/4069"}],"wp:attachment":[{"href":"https:\/\/www.tappy.com.br\/empresas\/wp-json\/wp\/v2\/media?parent=4038"}],"wp:term":[{"taxonomy":"product_brand","embeddable":true,"href":"https:\/\/www.tappy.com.br\/empresas\/wp-json\/wp\/v2\/product_brand?post=4038"},{"taxonomy":"product_cat","embeddable":true,"href":"https:\/\/www.tappy.com.br\/empresas\/wp-json\/wp\/v2\/product_cat?post=4038"},{"taxonomy":"product_tag","embeddable":true,"href":"https:\/\/www.tappy.com.br\/empresas\/wp-json\/wp\/v2\/product_tag?post=4038"}],"curies":[{"name":"wp","href":"https:\/\/api.w.org\/{rel}","templated":true}]}}