{"id":4037,"date":"2025-09-18T12:55:25","date_gmt":"2025-09-18T15:55:25","guid":{"rendered":"https:\/\/www.tappy.com.br\/empresas\/?post_type=product&#038;p=4037"},"modified":"2026-04-29T15:58:29","modified_gmt":"2026-04-29T18:58:29","slug":"grampeador-pneumatico-pacar-pi-515-grampeador-para-flex-point","status":"publish","type":"product","link":"https:\/\/www.tappy.com.br\/empresas\/p\/grampeador-pneumatico-pacar-pi-515-grampeador-para-flex-point\/","title":{"rendered":"Grampeador Pneum\u00e1tico Pacar PI-515 Grampeador para Flex point"},"content":{"rendered":"","protected":false},"excerpt":{"rendered":"<p>Grampeador Pneum\u00e1tico Pacar PI-515 para Flex point \u00e9 ideal para montagem e manuten\u00e7\u00e3o de m\u00f3veis. \u00c9 muito utilizado na fabrica\u00e7\u00e3o de molduras em madeira. <a href=\"#vantagens\">Veja outras vantagens.<\/a><\/p>\n","protected":false},"featured_media":4066,"template":"","meta":[],"product_brand":[1129],"product_cat":[233,30],"product_tag":[234,1132,732,1133,1135,231,232,238],"class_list":{"0":"post-4037","1":"product","2":"type-product","3":"status-publish","4":"has-post-thumbnail","6":"product_brand-pacar-ferramentas","7":"product_cat-grampeadores-de-tapeceiro","8":"product_cat-acessorios-para-tapecaria","9":"product_tag-grampeador","10":"product_tag-grampeador-artesanal","11":"product_tag-grampeador-de-tapecaria","12":"product_tag-grampeador-manual","13":"product_tag-grampeador-pacar","14":"product_tag-grampo","15":"product_tag-grampo-80","16":"product_tag-pacar","17":"product_shipping_class-brasil","18":"tm-no-options","20":"first","21":"onbackorder","22":"shipping-taxable","23":"purchasable","24":"product-type-simple"},"_links":{"self":[{"href":"https:\/\/www.tappy.com.br\/empresas\/wp-json\/wp\/v2\/product\/4037","targetHints":{"allow":["GET"]}}],"collection":[{"href":"https:\/\/www.tappy.com.br\/empresas\/wp-json\/wp\/v2\/product"}],"about":[{"href":"https:\/\/www.tappy.com.br\/empresas\/wp-json\/wp\/v2\/types\/product"}],"wp:featuredmedia":[{"embeddable":true,"href":"https:\/\/www.tappy.com.br\/empresas\/wp-json\/wp\/v2\/media\/4066"}],"wp:attachment":[{"href":"https:\/\/www.tappy.com.br\/empresas\/wp-json\/wp\/v2\/media?parent=4037"}],"wp:term":[{"taxonomy":"product_brand","embeddable":true,"href":"https:\/\/www.tappy.com.br\/empresas\/wp-json\/wp\/v2\/product_brand?post=4037"},{"taxonomy":"product_cat","embeddable":true,"href":"https:\/\/www.tappy.com.br\/empresas\/wp-json\/wp\/v2\/product_cat?post=4037"},{"taxonomy":"product_tag","embeddable":true,"href":"https:\/\/www.tappy.com.br\/empresas\/wp-json\/wp\/v2\/product_tag?post=4037"}],"curies":[{"name":"wp","href":"https:\/\/api.w.org\/{rel}","templated":true}]}}