{"id":4036,"date":"2025-09-18T12:55:25","date_gmt":"2025-09-18T15:55:25","guid":{"rendered":"https:\/\/www.tappy.com.br\/empresas\/?post_type=product&#038;p=4036"},"modified":"2026-02-27T18:55:46","modified_gmt":"2026-02-27T21:55:46","slug":"pregador-pneumatico-pacar-pi-55-ro","status":"publish","type":"product","link":"https:\/\/www.tappy.com.br\/empresas\/p\/pregador-pneumatico-pacar-pi-55-ro\/","title":{"rendered":"Pregador Pneum\u00e1tico Pacar PI-55 RO"},"content":{"rendered":"","protected":false},"excerpt":{"rendered":"<p>Pregador Pneum\u00e1tico Pacar PI-55 RO \u00e9 ideal para montagem e manuten\u00e7\u00e3o de m\u00f3veis. \u00c9 muito utilizado na fabrica\u00e7\u00e3o dos mais diversos tipos de artefatos em madeira. <a href=\"#vantagens\">Veja outras vantagens.<\/a><\/p>\n","protected":false},"featured_media":4063,"template":"","meta":[],"product_brand":[1129],"product_cat":[233,30],"product_tag":[234,1132,732,1133,1135,231,232,238],"class_list":{"0":"post-4036","1":"product","2":"type-product","3":"status-publish","4":"has-post-thumbnail","6":"product_brand-pacar-ferramentas","7":"product_cat-grampeadores-de-tapeceiro","8":"product_cat-acessorios-para-tapecaria","9":"product_tag-grampeador","10":"product_tag-grampeador-artesanal","11":"product_tag-grampeador-de-tapecaria","12":"product_tag-grampeador-manual","13":"product_tag-grampeador-pacar","14":"product_tag-grampo","15":"product_tag-grampo-80","16":"product_tag-pacar","17":"product_shipping_class-brasil","18":"tm-no-options","20":"first","21":"instock","22":"featured","23":"shipping-taxable","24":"purchasable","25":"product-type-simple"},"_links":{"self":[{"href":"https:\/\/www.tappy.com.br\/empresas\/wp-json\/wp\/v2\/product\/4036","targetHints":{"allow":["GET"]}}],"collection":[{"href":"https:\/\/www.tappy.com.br\/empresas\/wp-json\/wp\/v2\/product"}],"about":[{"href":"https:\/\/www.tappy.com.br\/empresas\/wp-json\/wp\/v2\/types\/product"}],"wp:featuredmedia":[{"embeddable":true,"href":"https:\/\/www.tappy.com.br\/empresas\/wp-json\/wp\/v2\/media\/4063"}],"wp:attachment":[{"href":"https:\/\/www.tappy.com.br\/empresas\/wp-json\/wp\/v2\/media?parent=4036"}],"wp:term":[{"taxonomy":"product_brand","embeddable":true,"href":"https:\/\/www.tappy.com.br\/empresas\/wp-json\/wp\/v2\/product_brand?post=4036"},{"taxonomy":"product_cat","embeddable":true,"href":"https:\/\/www.tappy.com.br\/empresas\/wp-json\/wp\/v2\/product_cat?post=4036"},{"taxonomy":"product_tag","embeddable":true,"href":"https:\/\/www.tappy.com.br\/empresas\/wp-json\/wp\/v2\/product_tag?post=4036"}],"curies":[{"name":"wp","href":"https:\/\/api.w.org\/{rel}","templated":true}]}}