{"id":3995,"date":"2025-09-18T12:55:01","date_gmt":"2025-09-18T15:55:01","guid":{"rendered":"https:\/\/www.tappy.com.br\/empresas\/?post_type=product&#038;p=3995"},"modified":"2026-05-06T10:32:43","modified_gmt":"2026-05-06T13:32:43","slug":"tecido-suede-premium-aeris-varias-cores-140cm","status":"publish","type":"product","link":"https:\/\/www.tappy.com.br\/empresas\/p\/tecido-suede-premium-aeris-varias-cores-140cm\/","title":{"rendered":"Tecido Suede Premium Aeris V\u00e1rias Cores 140cm"},"content":{"rendered":"","protected":false},"excerpt":{"rendered":"<p>Tecido Suede Premium Aeris \u00e9 feito com uma imensa densidade de fios. Isso garante maciez e conforto que s\u00e3o imposs\u00edveis em um suede comum. <a href=\"#vantagens\">Veja outras vantagens.<\/a><\/p>\n","protected":false},"featured_media":4019,"template":"","meta":[],"product_brand":[1108],"product_cat":[21,20],"product_tag":[1067,1068,22,23,24,25,26,28],"class_list":{"0":"post-3995","1":"product","2":"type-product","3":"status-publish","4":"has-post-thumbnail","6":"product_brand-tappy","7":"product_cat-tecido-suede-para-sofas","8":"product_cat-tecidos-para-sofas","9":"product_tag-resistente-a-gatos","10":"product_tag-resistente-a-pets","11":"product_tag-suede","12":"product_tag-suede-para-sofas","13":"product_tag-tecido-para-estofados","14":"product_tag-tecido-para-sofas","15":"product_tag-tecido-suede","16":"product_tag-tecidos-tappy","17":"product_shipping_class-brasil","18":"pa_acabamento-tecido-falso-liso","19":"pa_acabamento-tecido-liso","20":"pa_acabamento-tecido-pet-friendly","21":"pa_cores-de-tecidos-amarelo-dijon","22":"pa_cores-de-tecidos-azul-claro","23":"pa_cores-de-tecidos-azul-marinho-profundo","24":"pa_cores-de-tecidos-bege-areia","25":"pa_cores-de-tecidos-bege-funghi","26":"pa_cores-de-tecidos-branco-bruma","27":"pa_cores-de-tecidos-cinza-chumbo","28":"pa_cores-de-tecidos-cinza-classic","29":"pa_cores-de-tecidos-cinza-lunar","30":"pa_cores-de-tecidos-marrom-tabaco","31":"pa_cores-de-tecidos-off-white-natural","32":"pa_cores-de-tecidos-rosa-coral","33":"pa_cores-de-tecidos-verde-alcaparra","34":"pa_cores-de-tecidos-verde-cacto","35":"pa_cores-de-tecidos-vermelho-terracota","36":"tm-no-options","38":"first","39":"instock","40":"shipping-taxable","41":"purchasable","42":"product-type-variable"},"_links":{"self":[{"href":"https:\/\/www.tappy.com.br\/empresas\/wp-json\/wp\/v2\/product\/3995","targetHints":{"allow":["GET"]}}],"collection":[{"href":"https:\/\/www.tappy.com.br\/empresas\/wp-json\/wp\/v2\/product"}],"about":[{"href":"https:\/\/www.tappy.com.br\/empresas\/wp-json\/wp\/v2\/types\/product"}],"wp:featuredmedia":[{"embeddable":true,"href":"https:\/\/www.tappy.com.br\/empresas\/wp-json\/wp\/v2\/media\/4019"}],"wp:attachment":[{"href":"https:\/\/www.tappy.com.br\/empresas\/wp-json\/wp\/v2\/media?parent=3995"}],"wp:term":[{"taxonomy":"product_brand","embeddable":true,"href":"https:\/\/www.tappy.com.br\/empresas\/wp-json\/wp\/v2\/product_brand?post=3995"},{"taxonomy":"product_cat","embeddable":true,"href":"https:\/\/www.tappy.com.br\/empresas\/wp-json\/wp\/v2\/product_cat?post=3995"},{"taxonomy":"product_tag","embeddable":true,"href":"https:\/\/www.tappy.com.br\/empresas\/wp-json\/wp\/v2\/product_tag?post=3995"}],"curies":[{"name":"wp","href":"https:\/\/api.w.org\/{rel}","templated":true}]}}