{"id":3938,"date":"2025-09-18T12:54:28","date_gmt":"2025-09-18T15:54:28","guid":{"rendered":"https:\/\/www.tappy.com.br\/empresas\/?post_type=product&#038;p=3938"},"modified":"2026-05-03T23:16:25","modified_gmt":"2026-05-04T02:16:25","slug":"tecido-linho-natural-impermeavel-athenas-varias-cores-140cm","status":"publish","type":"product","link":"https:\/\/www.tappy.com.br\/empresas\/p\/tecido-linho-natural-impermeavel-athenas-varias-cores-140cm\/","title":{"rendered":"Tecido Linho Natural Imperme\u00e1vel Athenas V\u00e1rias Cores 140cm"},"content":{"rendered":"","protected":false},"excerpt":{"rendered":"<p>\u00c9 um tecido para estofados produzido com linho natural 35% misto. Possui acabamento impermeabilizante para maior prote\u00e7\u00e3o e durabilidade. <a href=\"#vantagens\">Veja outras vantagens.<\/a><\/p>\n","protected":false},"featured_media":3971,"template":"","meta":[],"product_brand":[1108],"product_cat":[369,62,56,20],"product_tag":[826,57,1141,58,59,827,60,25,55,302,27,28],"class_list":{"0":"post-3938","1":"product","2":"type-product","3":"status-publish","4":"has-post-thumbnail","6":"product_brand-tappy","7":"product_cat-tecido-impermeavel-para-sofas","8":"product_cat-fibras-naturais","9":"product_cat-tecido-linho-para-sofas","10":"product_cat-tecidos-para-sofas","11":"product_tag-boucle","12":"product_tag-linho","13":"product_tag-linho-natural","14":"product_tag-linho-para-sofas","15":"product_tag-linho-sintetico","16":"product_tag-tecido-boucle","17":"product_tag-tecido-linho","18":"product_tag-tecido-para-sofas","19":"product_tag-tecido-poliester","20":"product_tag-tecido-sintetico","21":"product_tag-tecido-texturizado","22":"product_tag-tecidos-tappy","23":"product_shipping_class-brasil","24":"pa_acabamento-impermeavel-a-substancias-aquosas","25":"pa_acabamento-tecido-impermeavel","26":"pa_acabamento-tecido-texturizado","27":"pa_acabamento-tecido-tramado","28":"pa_cores-de-tecidos-amarelo-mostarda","29":"pa_cores-de-tecidos-azul-marinho","30":"pa_cores-de-tecidos-bege-savana","31":"pa_cores-de-tecidos-branco","32":"pa_cores-de-tecidos-cinza-claro","33":"pa_cores-de-tecidos-marrom-tabaco","34":"pa_cores-de-tecidos-off-white-natural","35":"pa_cores-de-tecidos-rosa-pancake","36":"pa_cores-de-tecidos-rosa-queimado","37":"pa_cores-de-tecidos-verde-musgo","38":"tm-no-options","40":"first","41":"instock","42":"shipping-taxable","43":"purchasable","44":"product-type-variable"},"_links":{"self":[{"href":"https:\/\/www.tappy.com.br\/empresas\/wp-json\/wp\/v2\/product\/3938","targetHints":{"allow":["GET"]}}],"collection":[{"href":"https:\/\/www.tappy.com.br\/empresas\/wp-json\/wp\/v2\/product"}],"about":[{"href":"https:\/\/www.tappy.com.br\/empresas\/wp-json\/wp\/v2\/types\/product"}],"wp:featuredmedia":[{"embeddable":true,"href":"https:\/\/www.tappy.com.br\/empresas\/wp-json\/wp\/v2\/media\/3971"}],"wp:attachment":[{"href":"https:\/\/www.tappy.com.br\/empresas\/wp-json\/wp\/v2\/media?parent=3938"}],"wp:term":[{"taxonomy":"product_brand","embeddable":true,"href":"https:\/\/www.tappy.com.br\/empresas\/wp-json\/wp\/v2\/product_brand?post=3938"},{"taxonomy":"product_cat","embeddable":true,"href":"https:\/\/www.tappy.com.br\/empresas\/wp-json\/wp\/v2\/product_cat?post=3938"},{"taxonomy":"product_tag","embeddable":true,"href":"https:\/\/www.tappy.com.br\/empresas\/wp-json\/wp\/v2\/product_tag?post=3938"}],"curies":[{"name":"wp","href":"https:\/\/api.w.org\/{rel}","templated":true}]}}