{"id":3924,"date":"2025-09-18T12:54:27","date_gmt":"2025-09-18T15:54:27","guid":{"rendered":"https:\/\/www.tappy.com.br\/empresas\/?post_type=product&#038;p=3924"},"modified":"2026-05-05T18:37:13","modified_gmt":"2026-05-05T21:37:13","slug":"tecido-boucle-impermeavel-kyoto-varias-cores-140cm","status":"publish","type":"product","link":"https:\/\/www.tappy.com.br\/empresas\/p\/tecido-boucle-impermeavel-kyoto-varias-cores-140cm\/","title":{"rendered":"Tecido Boucl\u00e9 Imperme\u00e1vel Kyoto V\u00e1rias Cores 140cm"},"content":{"rendered":"","protected":false},"excerpt":{"rendered":"<p><strong>Tecido Boucl\u00e9 Imperme\u00e1vel Kyoto<\/strong> \u00e9 um tecido de fibras especiais de poli\u00e9ster, que garantem maior durabilidade, facilidade de limpeza e beleza para qualquer estofado. <a href=\"#vantagens\">Veja outras vantagens.<\/a><\/p>\n","protected":false},"featured_media":3954,"template":"","meta":[],"product_brand":[1108],"product_cat":[858,369,20],"product_tag":[826,827,1147,376,709,24,25,27],"class_list":{"0":"post-3924","1":"product","2":"type-product","3":"status-publish","4":"has-post-thumbnail","6":"product_brand-tappy","7":"product_cat-tecido-boucle-para-estofados","8":"product_cat-tecido-impermeavel-para-sofas","9":"product_cat-tecidos-para-sofas","10":"product_tag-boucle","11":"product_tag-tecido-boucle","12":"product_tag-tecido-boucle-impermeavel","13":"product_tag-tecido-impermeavel","14":"product_tag-tecido-natural","15":"product_tag-tecido-para-estofados","16":"product_tag-tecido-para-sofas","17":"product_tag-tecido-texturizado","18":"product_shipping_class-brasil","19":"pa_acabamento-impermeavel-a-substancias-aquosas-e-oleosas","20":"pa_acabamento-tecido-antimancha","21":"pa_acabamento-tecido-impermeavel","22":"pa_acabamento-tecido-texturizado","23":"pa_acabamento-tecido-tramado","24":"pa_cores-de-tecidos-bege-fendi","25":"pa_cores-de-tecidos-branco","26":"pa_cores-de-tecidos-branco-bruma","27":"pa_cores-de-tecidos-cinza-ferro","28":"pa_cores-de-tecidos-cinza-grafite","29":"tm-no-options","31":"first","32":"instock","33":"shipping-taxable","34":"purchasable","35":"product-type-variable"},"_links":{"self":[{"href":"https:\/\/www.tappy.com.br\/empresas\/wp-json\/wp\/v2\/product\/3924","targetHints":{"allow":["GET"]}}],"collection":[{"href":"https:\/\/www.tappy.com.br\/empresas\/wp-json\/wp\/v2\/product"}],"about":[{"href":"https:\/\/www.tappy.com.br\/empresas\/wp-json\/wp\/v2\/types\/product"}],"wp:featuredmedia":[{"embeddable":true,"href":"https:\/\/www.tappy.com.br\/empresas\/wp-json\/wp\/v2\/media\/3954"}],"wp:attachment":[{"href":"https:\/\/www.tappy.com.br\/empresas\/wp-json\/wp\/v2\/media?parent=3924"}],"wp:term":[{"taxonomy":"product_brand","embeddable":true,"href":"https:\/\/www.tappy.com.br\/empresas\/wp-json\/wp\/v2\/product_brand?post=3924"},{"taxonomy":"product_cat","embeddable":true,"href":"https:\/\/www.tappy.com.br\/empresas\/wp-json\/wp\/v2\/product_cat?post=3924"},{"taxonomy":"product_tag","embeddable":true,"href":"https:\/\/www.tappy.com.br\/empresas\/wp-json\/wp\/v2\/product_tag?post=3924"}],"curies":[{"name":"wp","href":"https:\/\/api.w.org\/{rel}","templated":true}]}}