{"id":3912,"date":"2025-09-18T12:54:19","date_gmt":"2025-09-18T15:54:19","guid":{"rendered":"https:\/\/www.tappy.com.br\/empresas\/?post_type=product&#038;p=3912"},"modified":"2026-05-05T18:48:55","modified_gmt":"2026-05-05T21:48:55","slug":"tecido-linho-boucle-snow-varias-cores-142cm","status":"publish","type":"product","link":"https:\/\/www.tappy.com.br\/empresas\/p\/tecido-linho-boucle-snow-varias-cores-142cm\/","title":{"rendered":"Tecido Linho Boucl\u00e9 Snow V\u00e1rias Cores 142cm"},"content":{"rendered":"","protected":false},"excerpt":{"rendered":"<p>\u00c9 um tecido para estofados com trama do tipo linho e com pequenos n\u00f3s no estilo Boucl\u00e9. Suas mesclas adicionam ainda mais detalhes ao tecido, tornando-o rico para projetos decorativos. <a href=\"#vantagens\">Veja outras vantagens.<\/a><\/p>\n","protected":false},"featured_media":3913,"template":"","meta":[],"product_brand":[1108],"product_cat":[858,56,20],"product_tag":[826,57,58,59,827,60,25,55,302,27,28],"class_list":{"0":"post-3912","1":"product","2":"type-product","3":"status-publish","4":"has-post-thumbnail","6":"product_brand-tappy","7":"product_cat-tecido-boucle-para-estofados","8":"product_cat-tecido-linho-para-sofas","9":"product_cat-tecidos-para-sofas","10":"product_tag-boucle","11":"product_tag-linho","12":"product_tag-linho-para-sofas","13":"product_tag-linho-sintetico","14":"product_tag-tecido-boucle","15":"product_tag-tecido-linho","16":"product_tag-tecido-para-sofas","17":"product_tag-tecido-poliester","18":"product_tag-tecido-sintetico","19":"product_tag-tecido-texturizado","20":"product_tag-tecidos-tappy","21":"product_shipping_class-brasil","22":"pa_acabamento-tecido-texturizado","23":"pa_acabamento-tecido-tramado","24":"pa_cores-de-tecidos-off-white-natural","25":"pa_cores-de-tecidos-off-white-bege-mescla","26":"pa_cores-de-tecidos-off-white-cinza-mescla","27":"pa_cores-de-tecidos-off-white-mescla","28":"tm-no-options","30":"first","31":"instock","32":"shipping-taxable","33":"purchasable","34":"product-type-variable"},"_links":{"self":[{"href":"https:\/\/www.tappy.com.br\/empresas\/wp-json\/wp\/v2\/product\/3912","targetHints":{"allow":["GET"]}}],"collection":[{"href":"https:\/\/www.tappy.com.br\/empresas\/wp-json\/wp\/v2\/product"}],"about":[{"href":"https:\/\/www.tappy.com.br\/empresas\/wp-json\/wp\/v2\/types\/product"}],"wp:featuredmedia":[{"embeddable":true,"href":"https:\/\/www.tappy.com.br\/empresas\/wp-json\/wp\/v2\/media\/3913"}],"wp:attachment":[{"href":"https:\/\/www.tappy.com.br\/empresas\/wp-json\/wp\/v2\/media?parent=3912"}],"wp:term":[{"taxonomy":"product_brand","embeddable":true,"href":"https:\/\/www.tappy.com.br\/empresas\/wp-json\/wp\/v2\/product_brand?post=3912"},{"taxonomy":"product_cat","embeddable":true,"href":"https:\/\/www.tappy.com.br\/empresas\/wp-json\/wp\/v2\/product_cat?post=3912"},{"taxonomy":"product_tag","embeddable":true,"href":"https:\/\/www.tappy.com.br\/empresas\/wp-json\/wp\/v2\/product_tag?post=3912"}],"curies":[{"name":"wp","href":"https:\/\/api.w.org\/{rel}","templated":true}]}}