{"id":3898,"date":"2025-09-18T12:54:06","date_gmt":"2025-09-18T15:54:06","guid":{"rendered":"https:\/\/www.tappy.com.br\/empresas\/?post_type=product&#038;p=3898"},"modified":"2026-04-24T19:28:17","modified_gmt":"2026-04-24T22:28:17","slug":"tecido-ultra-impermeavel-solaris-varias-cores-140cm","status":"publish","type":"product","link":"https:\/\/www.tappy.com.br\/empresas\/p\/tecido-ultra-impermeavel-solaris-varias-cores-140cm\/","title":{"rendered":"Tecido Ultra Imperme\u00e1vel Solaris V\u00e1rias Cores 140cm"},"content":{"rendered":"<h2>O que \u00e9 Tecido Ultra Imperme\u00e1vel?<\/h2>\n<p>Tecidos utilizados para decorar ambientes externos, necessitam de resiste\u0302ncia superior contra as intempe\u0301ries, tais como: chuva, sol, umidade e vento. Ao receber o acabamento de costura correto, pode inclusive boiar na \u00e1gua, j\u00e1 que sua trama \u00e9 milimetricamente pensada para ser resistente at\u00e9 mesmo \u00e0 passagem de ar. Pensando nisso, unimos o know-how Fiama com tecnologias exclusivas de fios tinto em massa para disponibilizar o Tecido Solaris.<\/p>\n<p>Ele \u00e9 produzido com fios tinto em massa 100% polie\u0301ster, o processo de tingimento Solution Dyed e\u0301 realizado logo na primeira etapa da produc\u0327a\u0303o do fio, onde durante a extrusa\u0303o do poli\u0301mero, sa\u0303o adicionados corantes e pigmentos de alta performance e solidez, que resistem ao desbotamento pela exposic\u0327a\u0303o ao sol, e tambe\u0301m, aditivos especiais desenvolvidos para proteger as fibras contra a deteriorac\u0327a\u0303o causada pela ac\u0327a\u0303o dos raios ultravioleta e umidade.<\/p>\n<h2>Onde us\u00e1-lo?<\/h2>\n<p>Solaris, e\u0301 o resultado da unia\u0303o de tecnologias de alta performance, ideal para a\u0301reas externos, possibilitando o uso desse tecido em almofadas e assentos de a\u0301reas na\u0301uticas, e tambe\u0301m, em mo\u0301veis utilizados em a\u0301reas de piscinas, como poltronas, puffs, sofa\u0301s e ombrelones\u00ae.<\/p>\n<h2>Tecido Solaris \u00e9 bom?<\/h2>\n<p>Solaris conta com uma avanc\u0327ada tecnologia de processo com baixi\u0301ssimo consumo de \u00e1gua e consequentemente menos consumo de energia, por isso \u00e9 amigo do meio ambiente. Sua performance \u00e9 incrivelmente alta para ambientes externos, podendo ficar diretamente exposto ao tempo aberto sem receber qualquer tipo de manuten\u00e7\u00e3o.<\/p>\n","protected":false},"excerpt":{"rendered":"<p><strong>Tecido Ultra Imperme\u00e1vel Solaris <\/strong>\u00e9 um tecido de alta performance para estofados de \u00e1rea externa ou \u00e1reas que demandem extrema resist\u00eancia \u00e0 l\u00edquidos variados. <a href=\"#vantagens\">Veja outras vantagens.<\/a><\/p>\n","protected":false},"featured_media":3900,"template":"","meta":[],"product_brand":[1108],"product_cat":[369,20],"product_tag":[22,23,24,25,26,27,377],"class_list":{"0":"post-3898","1":"product","2":"type-product","3":"status-publish","4":"has-post-thumbnail","6":"product_brand-tappy","7":"product_cat-tecido-impermeavel-para-sofas","8":"product_cat-tecidos-para-sofas","9":"product_tag-suede","10":"product_tag-suede-para-sofas","11":"product_tag-tecido-para-estofados","12":"product_tag-tecido-para-sofas","13":"product_tag-tecido-suede","14":"product_tag-tecido-texturizado","15":"product_tag-tecidos-fiama","16":"product_shipping_class-brasil","17":"pa_acabamento-impermeavel-a-substancias-aquosas-e-oleosas","18":"pa_acabamento-tecido-anti-uv","19":"pa_acabamento-tecido-antimancha","20":"pa_acabamento-tecido-impermeavel","21":"pa_acabamento-tecido-liso","22":"pa_acabamento-tecido-tramado","23":"pa_cores-de-tecidos-azul-marinho","24":"pa_cores-de-tecidos-bege-fendi","25":"pa_cores-de-tecidos-branco","26":"pa_cores-de-tecidos-cinza","27":"pa_cores-de-tecidos-preto","28":"tm-no-options","30":"first","31":"instock","32":"shipping-taxable","33":"purchasable","34":"product-type-variable"},"_links":{"self":[{"href":"https:\/\/www.tappy.com.br\/empresas\/wp-json\/wp\/v2\/product\/3898","targetHints":{"allow":["GET"]}}],"collection":[{"href":"https:\/\/www.tappy.com.br\/empresas\/wp-json\/wp\/v2\/product"}],"about":[{"href":"https:\/\/www.tappy.com.br\/empresas\/wp-json\/wp\/v2\/types\/product"}],"wp:featuredmedia":[{"embeddable":true,"href":"https:\/\/www.tappy.com.br\/empresas\/wp-json\/wp\/v2\/media\/3900"}],"wp:attachment":[{"href":"https:\/\/www.tappy.com.br\/empresas\/wp-json\/wp\/v2\/media?parent=3898"}],"wp:term":[{"taxonomy":"product_brand","embeddable":true,"href":"https:\/\/www.tappy.com.br\/empresas\/wp-json\/wp\/v2\/product_brand?post=3898"},{"taxonomy":"product_cat","embeddable":true,"href":"https:\/\/www.tappy.com.br\/empresas\/wp-json\/wp\/v2\/product_cat?post=3898"},{"taxonomy":"product_tag","embeddable":true,"href":"https:\/\/www.tappy.com.br\/empresas\/wp-json\/wp\/v2\/product_tag?post=3898"}],"curies":[{"name":"wp","href":"https:\/\/api.w.org\/{rel}","templated":true}]}}