{"id":3894,"date":"2025-09-18T12:53:58","date_gmt":"2025-09-18T15:53:58","guid":{"rendered":"https:\/\/www.tappy.com.br\/empresas\/?post_type=product&#038;p=3894"},"modified":"2025-09-18T12:53:59","modified_gmt":"2025-09-18T15:53:59","slug":"espuma-d33-de-04cm-de-altura-em-lamina","status":"publish","type":"product","link":"https:\/\/www.tappy.com.br\/empresas\/p\/espuma-d33-de-04cm-de-altura-em-lamina\/","title":{"rendered":"Espuma D33 de 04cm de Altura em L\u00e2mina"},"content":{"rendered":"<h2>O que \u00e9 Espuma D33 em L\u00e2mina?<\/h2>\n<p>Essa espuma para sof\u00e1s desenvolvida pela Tappy usa tecnologia de primeira linha, trazendo o melhor custo benef\u00edcio para espumas de sua categoria. Possui densidade alta o suficiente para garantir uso prolongado em assentos sem perda de resist\u00eancia ou resili\u00eancia.<\/p>\n<p>Comprar espumas em l\u00e2minas significa maior economia em compara\u00e7\u00e3o com a espuma sob medida, j\u00e1 que nesse caso h\u00e1 o c\u00e1lculo de perda do corte, que normalmente \u00e9 de 20%.<\/p>\n<p>Esse tipo de espuma \u00e9 muito espec\u00edfica para tapeceiros e f\u00e1bricas de estofados que conseguem fazer o uso da l\u00e2mina nos tamanhos pretendidos, ou seja,\u00a0sem perdas de corte elas garantem maior economia para quem as utiliza.<\/p>\n<h2>Onde us\u00e1-la?<\/h2>\n<p>\u00c9 uma excelente espuma para ser usada em encostos com uma rigidez de maior qualidade, quanto para o uso em <strong>assentos \u00e9 a espuma considerada ideal<\/strong> pois ela foi desenvolvida para uso prolongado para pessoas com peso entre 90Kg a 120 Kg, oferecendo maior durabilidade.<\/p>\n<p>Uma op\u00e7\u00e3o tamb\u00e9m muito boa e econ\u00f4mica para encostos \u00e9 a <a title=\"Espuma D28 Selada\" href=\"https:\/\/www.tappy.com.br\/p\/espuma-sob-medida-espuma-d28-selada\/\" data-schema-attribute=\"\">Espuma D28 Selada<\/a>, j\u00e1 que \u00e9 uma espuma especial para encostos de alta qualidade.<\/p>\n<h2>Espuma D33 em L\u00e2mina \u00e9 boa?<\/h2>\n<p>Essa espuma \u00e9 <strong>altamente indicada<\/strong> para uso em todos os tipos de assentos para sof\u00e1s, oferecendo \u00f3tima durabilidade. Pode ser usada tamb\u00e9m em encostos mais firmes, no entanto para a maioria dos encostos \u00e9 aconselhado o uso da densidades D28 ou menos.<\/p>\n<p>Mais informa\u00e7\u00f5es t\u00e9cnicas sobre espumas podem ser vistas aqui <a title=\"Tudo sobre espumas para sof\u00e1s\" href=\"https:\/\/www.promobit.com.br\/blog\/escolhendo-a-espuma-do-sofa-qual-a-melhor-densidade\/\" data-schema-attribute=\"\" rel=\"noopener\">clicando aqui<\/a>.<\/p>\n<p>IMPORTANTE:<\/p>\n<ol>\n<li>A imagem do produto representa uma espuma real da Tappy, no entanto a cor pode ser ou n\u00e3o igual a da foto. Sendo assim n\u00e3o \u00e9 permitido que o cliente escolha a cor da espuma que ir\u00e1 receber, caso precise de confirma\u00e7\u00e3o dessa caracter\u00edstica favor entre em contato;<\/li>\n<li>Sua espuma em Lamina pode ser enviada por metro ou n\u00e3o em rolos cont\u00ednuos de at\u00e9 5 metros dependendo da composi\u00e7\u00e3o do pedido, para mais informa\u00e7\u00f5es sobre esse assunto entre em contato com conosco.<\/li>\n<\/ol>\n<div class=\"hidden\"><\/div>\n","protected":false},"excerpt":{"rendered":"<p>E<strong>spuma D33 de 04cm<\/strong> para Sof\u00e1s com 100cm x 190cm x 04cm (Comprimento x Largura x Altura). <strong>Veja a Descri\u00e7\u00e3o e Saiba mais.<\/strong><\/p>\n","protected":false},"featured_media":678,"template":"","meta":[],"product_brand":[1144],"product_cat":[50,471],"product_tag":[485,486,487],"class_list":{"0":"post-3894","1":"product","2":"type-product","3":"status-publish","4":"has-post-thumbnail","6":"product_brand-umaflex","7":"product_cat-espumas-e-enchimentos","8":"product_cat-laminas-de-espuma","9":"product_tag-espuma-para-assento","10":"product_tag-espuma-para-encosto","11":"product_tag-espuma-retangular","12":"product_shipping_class-brasil","13":"tm-no-options","15":"first","16":"outofstock","17":"shipping-taxable","18":"product-type-variable","19":"has-default-attributes"},"_links":{"self":[{"href":"https:\/\/www.tappy.com.br\/empresas\/wp-json\/wp\/v2\/product\/3894","targetHints":{"allow":["GET"]}}],"collection":[{"href":"https:\/\/www.tappy.com.br\/empresas\/wp-json\/wp\/v2\/product"}],"about":[{"href":"https:\/\/www.tappy.com.br\/empresas\/wp-json\/wp\/v2\/types\/product"}],"wp:featuredmedia":[{"embeddable":true,"href":"https:\/\/www.tappy.com.br\/empresas\/wp-json\/wp\/v2\/media\/678"}],"wp:attachment":[{"href":"https:\/\/www.tappy.com.br\/empresas\/wp-json\/wp\/v2\/media?parent=3894"}],"wp:term":[{"taxonomy":"product_brand","embeddable":true,"href":"https:\/\/www.tappy.com.br\/empresas\/wp-json\/wp\/v2\/product_brand?post=3894"},{"taxonomy":"product_cat","embeddable":true,"href":"https:\/\/www.tappy.com.br\/empresas\/wp-json\/wp\/v2\/product_cat?post=3894"},{"taxonomy":"product_tag","embeddable":true,"href":"https:\/\/www.tappy.com.br\/empresas\/wp-json\/wp\/v2\/product_tag?post=3894"}],"curies":[{"name":"wp","href":"https:\/\/api.w.org\/{rel}","templated":true}]}}