{"id":3887,"date":"2025-09-18T12:53:42","date_gmt":"2025-09-18T15:53:42","guid":{"rendered":"https:\/\/www.tappy.com.br\/empresas\/?post_type=product&#038;p=3887"},"modified":"2026-03-05T16:05:04","modified_gmt":"2026-03-05T19:05:04","slug":"grampo-c-para-tapeceiro-galvanizado-gramarc","status":"publish","type":"product","link":"https:\/\/www.tappy.com.br\/empresas\/p\/grampo-c-para-tapeceiro-galvanizado-gramarc\/","title":{"rendered":"Grampo C para Tapeceiro Galvanizado Gramarc"},"content":{"rendered":"<h2>O que \u00e9?<\/h2>\n<p>S\u00e3o filamentos de a\u00e7o para fixa\u00e7\u00e3o dos mais variados componentes com aux\u00edlio de <a href=\"\/p\/alicate-grampo-c-krause-1840\/\">Alicate de Grampo C<\/a>.<\/p>\n<h2>Onde us\u00e1-lo?<\/h2>\n<p>O Grampo C deve ser usado com alicate para construir estruturas de ferro para sof\u00e1s, estofados, poltronas, colch\u00f5es, cadeiras, puffs, etc.<\/p>\n<p>\u00c9 usado tamb\u00e9m na fixa\u00e7\u00e3o de grades, como concertina, alambrados, malhas de ferro entre outros.<\/p>\n<h2>Outras informa\u00e7\u00f5es<\/h2>\n<ul>\n<li><strong>Quantidade:<\/strong>\u00a0pacote de 1kg<\/li>\n<li><strong>Altura:<\/strong> 11,5mm<\/li>\n<li><strong>Largura:<\/strong> 23mm<\/li>\n<li><strong>Espessura:<\/strong>\u00a01,8mm<\/li>\n<li><strong>\u00c2ngulo da curvatura:<\/strong> 30 graus<\/li>\n<\/ul>\n","protected":false},"excerpt":{"rendered":"<p>Grampo C (meia-lua) de A\u00e7o Galvanizado Gramarc para Tapeceiro. \u00c9 usado na montagem de estruturas de ferro para assentos de estofados, camas, bancos de carros e etc.<\/p>\n","protected":false},"featured_media":3888,"template":"","meta":[],"product_brand":[1140],"product_cat":[230,30],"product_tag":[231,232],"class_list":{"0":"post-3887","1":"product","2":"type-product","3":"status-publish","4":"has-post-thumbnail","6":"product_brand-gramarc","7":"product_cat-grampo-de-tapeceiro-industrial","8":"product_cat-acessorios-para-tapecaria","9":"product_tag-grampo","10":"product_tag-grampo-80","11":"product_shipping_class-brasil","12":"tm-no-options","14":"first","15":"instock","16":"shipping-taxable","17":"purchasable","18":"product-type-simple"},"_links":{"self":[{"href":"https:\/\/www.tappy.com.br\/empresas\/wp-json\/wp\/v2\/product\/3887","targetHints":{"allow":["GET"]}}],"collection":[{"href":"https:\/\/www.tappy.com.br\/empresas\/wp-json\/wp\/v2\/product"}],"about":[{"href":"https:\/\/www.tappy.com.br\/empresas\/wp-json\/wp\/v2\/types\/product"}],"wp:featuredmedia":[{"embeddable":true,"href":"https:\/\/www.tappy.com.br\/empresas\/wp-json\/wp\/v2\/media\/3888"}],"wp:attachment":[{"href":"https:\/\/www.tappy.com.br\/empresas\/wp-json\/wp\/v2\/media?parent=3887"}],"wp:term":[{"taxonomy":"product_brand","embeddable":true,"href":"https:\/\/www.tappy.com.br\/empresas\/wp-json\/wp\/v2\/product_brand?post=3887"},{"taxonomy":"product_cat","embeddable":true,"href":"https:\/\/www.tappy.com.br\/empresas\/wp-json\/wp\/v2\/product_cat?post=3887"},{"taxonomy":"product_tag","embeddable":true,"href":"https:\/\/www.tappy.com.br\/empresas\/wp-json\/wp\/v2\/product_tag?post=3887"}],"curies":[{"name":"wp","href":"https:\/\/api.w.org\/{rel}","templated":true}]}}