{"id":3885,"date":"2025-09-18T12:53:39","date_gmt":"2025-09-18T15:53:39","guid":{"rendered":"https:\/\/www.tappy.com.br\/empresas\/?post_type=product&#038;p=3885"},"modified":"2025-09-19T12:28:40","modified_gmt":"2025-09-19T15:28:40","slug":"tacha-niquelada-decorativa-para-acabamento","status":"publish","type":"product","link":"https:\/\/www.tappy.com.br\/empresas\/p\/tacha-niquelada-decorativa-para-acabamento\/","title":{"rendered":"Tacha Niquelada Decorativa para Acabamento"},"content":{"rendered":"<h2>O que \u00e9 Tacha Niquelada?<\/h2>\n<p>S\u00e3o pequenos pregos com a cabe\u00e7a abaulada e acabamento brilhante. Sendo utilizadas de forma avulsa para um decora\u00e7\u00f5es artesanais em sof\u00e1s estilo colonial. Conhecidas tamb\u00e9m como Tacha Para Sof\u00e1s Niqueladas, ou Tacha Prateada.<\/p>\n<p>H\u00e1 uma vers\u00e3o dessa tacha da cor dourada onde \u00e9 poss\u00edvel dar o mesmo acabamento alinhando de metro em metro, consulte o produto tacha metro e saiba mais.<\/p>\n<p><a title=\"Tacha Metro Niquelada\" href=\"https:\/\/www.tappy.com.br\/p\/tacha-metro-niquelada-para-acabamento-tacha-por-metro\/\" target=\"_blank\" rel=\"noopener\" data-schema-attribute=\"\">Tacha Metro Niquelada, para Acabamento em Sof\u00e1s<\/a><\/p>\n<h2>Onde us\u00e1-las?<\/h2>\n<p>Est\u00e1 muito em alta o uso de tachas em cabeceiras de camas, elas podem ser usadas transversalmente ou na borda para um acabamento estilo moldura.<\/p>\n<p>Em poltronas, \u00e9 muito comum a aplica\u00e7\u00e3o dessas tachas nos bra\u00e7os e no encosto, principalmente em m\u00f3veis coloniais, mas n\u00e3o se limitando a eles. Da mesma forma podem ser usadas tamb\u00e9m em sof\u00e1s maiores.<\/p>\n<h2>Tacha Niquelada \u00e9 bom?<\/h2>\n<p>Se voc\u00ea preza por qualidade de acabamento, ao mesmo tempo que detalhes artesanais, ent\u00e3o essa Tacha Niquelada para tapeceiro \u00e9 feita para voc\u00ea pois alinha o melhor da tecnologia em acabamento para estofados com o melhor custo benef\u00edcio.<\/p>\n<p><span style=\"font-weight: 400;\">Gostaria de entender ainda mais sobre Tachas para Tapeceiro? Que tal esse link?<\/span><\/p>\n<p><a title=\"Decora\u00e7\u00e3o com tachas\" href=\"http:\/\/dianabrooks.com.br\/moveis-com-tachas-decoracao\/\" target=\"_blank\" rel=\"noopener\" data-schema-attribute=\"\">M\u00f3veis com tachas para decora\u00e7\u00e3o<\/a><\/p>\n<h3>Outras informa\u00e7\u00f5es<\/h3>\n<p>Cada embalagem cont\u00e9m: 1000 Tachas<\/p>\n","protected":false},"excerpt":{"rendered":"<p><strong>Tacha Niquelada<\/strong> para acabamentos como fixa\u00e7\u00e3o de tecidos, decora\u00e7\u00f5es de bordas ou capiton\u00ea de estofados. <a href=\"#vantagens\">Veja outras vantagens.<\/a><\/p>\n","protected":false},"featured_media":904,"template":"","meta":[],"product_brand":[1108],"product_cat":[492,30],"product_tag":[],"class_list":{"0":"post-3885","1":"product","2":"type-product","3":"status-publish","4":"has-post-thumbnail","6":"product_brand-tappy","7":"product_cat-tachas-decorativas","8":"product_cat-acessorios-para-tapecaria","9":"product_shipping_class-brasil","10":"pa_cores-de-tecidos-niquelada","11":"tm-no-options","13":"first","14":"onbackorder","15":"shipping-taxable","16":"purchasable","17":"product-type-variable","18":"has-default-attributes"},"_links":{"self":[{"href":"https:\/\/www.tappy.com.br\/empresas\/wp-json\/wp\/v2\/product\/3885","targetHints":{"allow":["GET"]}}],"collection":[{"href":"https:\/\/www.tappy.com.br\/empresas\/wp-json\/wp\/v2\/product"}],"about":[{"href":"https:\/\/www.tappy.com.br\/empresas\/wp-json\/wp\/v2\/types\/product"}],"wp:featuredmedia":[{"embeddable":true,"href":"https:\/\/www.tappy.com.br\/empresas\/wp-json\/wp\/v2\/media\/904"}],"wp:attachment":[{"href":"https:\/\/www.tappy.com.br\/empresas\/wp-json\/wp\/v2\/media?parent=3885"}],"wp:term":[{"taxonomy":"product_brand","embeddable":true,"href":"https:\/\/www.tappy.com.br\/empresas\/wp-json\/wp\/v2\/product_brand?post=3885"},{"taxonomy":"product_cat","embeddable":true,"href":"https:\/\/www.tappy.com.br\/empresas\/wp-json\/wp\/v2\/product_cat?post=3885"},{"taxonomy":"product_tag","embeddable":true,"href":"https:\/\/www.tappy.com.br\/empresas\/wp-json\/wp\/v2\/product_tag?post=3885"}],"curies":[{"name":"wp","href":"https:\/\/api.w.org\/{rel}","templated":true}]}}