{"id":3873,"date":"2025-09-18T12:53:24","date_gmt":"2025-09-18T15:53:24","guid":{"rendered":"https:\/\/www.tappy.com.br\/empresas\/?post_type=product&#038;p=3873"},"modified":"2026-03-19T18:34:17","modified_gmt":"2026-03-19T21:34:17","slug":"grampo-80-06-de-aco-galvanizado-gramarc-com-8-480-unid","status":"publish","type":"product","link":"https:\/\/www.tappy.com.br\/empresas\/p\/grampo-80-06-de-aco-galvanizado-gramarc-com-8-480-unid\/","title":{"rendered":"Grampo 80\/06 de A\u00e7o Galvanizado Gramarc com 8.480 Unid."},"content":{"rendered":"<h2>O que \u00e9 Grampo Industrial?<\/h2>\n<p>Grampo Industrial 80\/06 s\u00e3o filamentos de a\u00e7o para fixa\u00e7\u00e3o dos mais variados componentes, com aux\u00edlio de Grampeadores Pneum\u00e1ticos ou Manuais. Ele possui medidas padronizadas que proporcionam zero perda de grampos, evitando tamb\u00e9m engasgos e desgastes dos grampeadores.<\/p>\n<h2>Onde us\u00e1-lo?<\/h2>\n<p>O grampo 80\/06 deve ser usado exclusivamente em grampeadores que portem essa largura de grampos, como por exemplo alguns <a href=\"\/empresas\/c\/acessorios-para-tapecaria\/grampeadores-de-tapeceiro\/\">grampeadores<\/a> que temos aqui na Tappy mesmo.<\/p>\n<a href=\"\/empresas\/c\/acessorios-para-tapecaria\/grampeadores-de-tapeceiro\/\" class=\"button secondary is-secondary is-medium\" >\n\t\t<span>Grampeadores<\/span>\n\t<\/a>\n\n<h2>Grampo Industrial 80\/06 Gramarc \u00e9 bom?<\/h2>\n<p>Os grampos Gramarc est\u00e3o entre os mais conceituados do mercado j\u00e1 que passam por um rigoroso processo de fabrica\u00e7\u00e3o, isso garante a eles um excelente acabamento final para que seu trabalho seja r\u00e1pido e eficiente, com maior rendimento do tempo de trabalho.<\/p>\n<p>Um dos segredos dele \u00e9 a uni\u00e3o dos grampos por uma exclusiva colagem nos dois lados e o corte dos pendes com quantidades exatas.<\/p>\n<h2>Outras Caracter\u00edsticas T\u00e9cnicas:<\/h2>\n<ul>\n<li>Largura do grampo: 12,9mm;<\/li>\n<li>Parede superior: 1mm;<\/li>\n<li>Paredes laterias: 0,8mm;<\/li>\n<li>Altura: 06mm.<\/li>\n<\/ul>\n","protected":false},"excerpt":{"rendered":"<p>Grampo 80\/06 de A\u00e7o Galvanizado Gramarc para fixa\u00e7\u00e3o de tecidos em madeiras como as de m\u00f3veis e estofados. <strong>Veja a descri\u00e7\u00e3o e saiba mais<\/strong>.<\/p>\n","protected":false},"featured_media":4076,"template":"","meta":[],"product_brand":[1140],"product_cat":[230,30],"product_tag":[231,232],"class_list":{"0":"post-3873","1":"product","2":"type-product","3":"status-publish","4":"has-post-thumbnail","6":"product_brand-gramarc","7":"product_cat-grampo-de-tapeceiro-industrial","8":"product_cat-acessorios-para-tapecaria","9":"product_tag-grampo","10":"product_tag-grampo-80","11":"product_shipping_class-brasil","12":"tm-no-options","14":"first","15":"instock","16":"shipping-taxable","17":"purchasable","18":"product-type-simple"},"_links":{"self":[{"href":"https:\/\/www.tappy.com.br\/empresas\/wp-json\/wp\/v2\/product\/3873","targetHints":{"allow":["GET"]}}],"collection":[{"href":"https:\/\/www.tappy.com.br\/empresas\/wp-json\/wp\/v2\/product"}],"about":[{"href":"https:\/\/www.tappy.com.br\/empresas\/wp-json\/wp\/v2\/types\/product"}],"wp:featuredmedia":[{"embeddable":true,"href":"https:\/\/www.tappy.com.br\/empresas\/wp-json\/wp\/v2\/media\/4076"}],"wp:attachment":[{"href":"https:\/\/www.tappy.com.br\/empresas\/wp-json\/wp\/v2\/media?parent=3873"}],"wp:term":[{"taxonomy":"product_brand","embeddable":true,"href":"https:\/\/www.tappy.com.br\/empresas\/wp-json\/wp\/v2\/product_brand?post=3873"},{"taxonomy":"product_cat","embeddable":true,"href":"https:\/\/www.tappy.com.br\/empresas\/wp-json\/wp\/v2\/product_cat?post=3873"},{"taxonomy":"product_tag","embeddable":true,"href":"https:\/\/www.tappy.com.br\/empresas\/wp-json\/wp\/v2\/product_tag?post=3873"}],"curies":[{"name":"wp","href":"https:\/\/api.w.org\/{rel}","templated":true}]}}