{"id":38,"date":"2024-03-26T10:08:33","date_gmt":"2024-03-26T13:08:33","guid":{"rendered":"https:\/\/www.tappy.com.br\/empresas\/?post_type=product&#038;p=38"},"modified":"2026-03-19T19:53:25","modified_gmt":"2026-03-19T22:53:25","slug":"tecido-suede-pena-varias-cores-142cm","status":"publish","type":"product","link":"https:\/\/www.tappy.com.br\/empresas\/p\/tecido-suede-pena-varias-cores-142cm\/","title":{"rendered":"Tecido Suede Pena V\u00e1rias Cores 142cm"},"content":{"rendered":"<h2>O que \u00e9 Suede Pena?<\/h2>\n<p>As texturas que lembram penas de sua superf\u00edcie s\u00e3o gravadas por um inovador m\u00e9todo de press\u00e3o, isso garante boa durabilidade, por\u00e9m n\u00e3o de forma permanente.<\/p>\n<p>O m\u00e9todo de produ\u00e7\u00e3o por press\u00e3o \u00e9 bastante utilizado para fornecer um material resistente, por\u00e9m com custo menor e prezando pelo custo benef\u00edcio.<\/p>\n<p>Esse m\u00e9todo n\u00e3o torna o desenho permanente e com o uso muito intenso do estofado<strong> \u00e9 poss\u00edvel que ele se apague.<\/strong><\/p>\n<p>Para estofados de grande uso, existe uma outra op\u00e7\u00e3o desse material que oferece garantia de perman\u00eancia na grava\u00e7\u00e3o da textura, o Suede Pena Premium. Aproveite e conhe\u00e7a esse material que \u00e9 uma exclusividade da Tappy.<\/p>\n<p>A gramatura deste suede para sof\u00e1s \u00e9 capaz de garantir uma boa dura\u00e7\u00e3o, j\u00e1 que ele pesa 284g por metro linear e 200g\/m\u00b2. Como ele cont\u00e9m forro a sua face \u00e9 um pouco mais fina, tendo 160g\/m\u00b2, as 40g\/m\u00b2 restantes pertencem ao forro para fornecer ainda mais resist\u00eancia.<\/p>\n<h3>Onde us\u00e1-lo?<\/h3>\n<p>\u00c9 um tecido democr\u00e1tico que pode ser usado em grandes pe\u00e7as, como sof\u00e1s por exemplo, mas tamb\u00e9m em estofamentos menores como puffs e almofadas. Sua versatilidade permite at\u00e9 a aplica\u00e7\u00e3o em paredes.<\/p>\n<p>Uma possibilidade muito interessante seria mesclar o Suede Pena com algum outro tecido liso ou estampado, algo que \u00e9 muito bonito e utilizado.<\/p>\n<p>Para sua limpeza \u00e9 indicado contratar um servi\u00e7o especializado, j\u00e1 que friccionar esse tecido n\u00e3o \u00e9 algo muito indicado, pois sua tintura pode perder defini\u00e7\u00e3o ou manchar.<\/p>\n<h2>Suede Pena \u00e9 bom?<\/h2>\n<p>Esse tecido foi desenvolvido especialmente para disponibilizar o desenho de penas no Suede com um custo reduzido, isso faz dele uma das melhores escolhas quando se trata de custo benef\u00edcio, tradi\u00e7\u00e3o e beleza<\/p>\n<p>\u00c9 um tecido para sof\u00e1s amplamente aceito pelos clientes, tornando-o um dos favoritos daqueles que preferem materiais mais decorativos e diferente do suede liso.<\/p>\n<p>Gostaria de entender ainda mais sobre o Suede Pena? Que tal esses links?<\/p>\n<p><a href=\"https:\/\/www.tappy.com.br\/blog\/tudo-sobre-tecido-suede\/\">Tudo sobre Tecido Suede<\/a><\/p>\n","protected":false},"excerpt":{"rendered":"<p><strong>Tecido Suede Pena<\/strong> \u00e9 um tecido para estofados com textura de pena de p\u00e1ssaros, fabricado por um processo inovador de produ\u00e7\u00e3o.<\/p>\n","protected":false},"featured_media":93,"template":"","meta":[],"product_brand":[1108],"product_cat":[21,20],"product_tag":[22,38,23,39,24,25,26,28,40,41],"class_list":{"0":"post-38","1":"product","2":"type-product","3":"status-publish","4":"has-post-thumbnail","6":"product_brand-tappy","7":"product_cat-tecido-suede-para-sofas","8":"product_cat-tecidos-para-sofas","9":"product_tag-suede","10":"product_tag-suede-amassado","11":"product_tag-suede-para-sofas","12":"product_tag-suede-pena","13":"product_tag-tecido-para-estofados","14":"product_tag-tecido-para-sofas","15":"product_tag-tecido-suede","16":"product_tag-tecidos-tappy","17":"product_tag-veludo","18":"product_tag-veludo-macio","19":"product_shipping_class-brasil","20":"pa_acabamento-tecido-falso-liso","21":"pa_acabamento-tecido-pet-friendly","22":"pa_cores-de-tecidos-amarelo-dijon","23":"pa_cores-de-tecidos-azul-oceano","24":"pa_cores-de-tecidos-bege-areia","25":"pa_cores-de-tecidos-bege-funghi","26":"pa_cores-de-tecidos-bege-sisal","27":"pa_cores-de-tecidos-branco-bruma","28":"pa_cores-de-tecidos-cinza-ferro","29":"pa_cores-de-tecidos-marrom-pinha","30":"pa_cores-de-tecidos-marrom-tabaco","31":"pa_cores-de-tecidos-preto","32":"pa_cores-de-tecidos-verde-glacial","33":"pa_cores-de-tecidos-vermelho","34":"pa_cores-de-tecidos-vermelho-terracota","35":"pa_cores-de-tecidos-vinho-deep-wine","36":"tm-no-options","38":"first","39":"instock","40":"sale","41":"shipping-taxable","42":"purchasable","43":"product-type-variable"},"_links":{"self":[{"href":"https:\/\/www.tappy.com.br\/empresas\/wp-json\/wp\/v2\/product\/38","targetHints":{"allow":["GET"]}}],"collection":[{"href":"https:\/\/www.tappy.com.br\/empresas\/wp-json\/wp\/v2\/product"}],"about":[{"href":"https:\/\/www.tappy.com.br\/empresas\/wp-json\/wp\/v2\/types\/product"}],"wp:featuredmedia":[{"embeddable":true,"href":"https:\/\/www.tappy.com.br\/empresas\/wp-json\/wp\/v2\/media\/93"}],"wp:attachment":[{"href":"https:\/\/www.tappy.com.br\/empresas\/wp-json\/wp\/v2\/media?parent=38"}],"wp:term":[{"taxonomy":"product_brand","embeddable":true,"href":"https:\/\/www.tappy.com.br\/empresas\/wp-json\/wp\/v2\/product_brand?post=38"},{"taxonomy":"product_cat","embeddable":true,"href":"https:\/\/www.tappy.com.br\/empresas\/wp-json\/wp\/v2\/product_cat?post=38"},{"taxonomy":"product_tag","embeddable":true,"href":"https:\/\/www.tappy.com.br\/empresas\/wp-json\/wp\/v2\/product_tag?post=38"}],"curies":[{"name":"wp","href":"https:\/\/api.w.org\/{rel}","templated":true}]}}